{"id":11534,"date":"2021-09-10T02:38:46","date_gmt":"2021-09-10T06:38:46","guid":{"rendered":"https:\/\/staging.somnomed.com\/fr\/?page_id=11534"},"modified":"2024-04-25T16:27:12","modified_gmt":"2024-04-25T14:27:12","slug":"somtabs-order-form","status":"publish","type":"page","link":"https:\/\/staging.somnomed.com\/chfr\/patients\/somtabs-order-form\/","title":{"rendered":"Bon de commande SomTabs"},"content":{"rendered":"\t\t<div data-elementor-type=\"wp-page\" data-elementor-id=\"11534\" class=\"elementor elementor-11534\" data-elementor-post-type=\"page\">\n\t\t\t\t\t\t<section data-particle_enable=\"false\" data-particle-mobile-disabled=\"false\" class=\"elementor-section elementor-top-section elementor-element elementor-element-10801d1 elementor-section-boxed elementor-section-height-default elementor-section-height-default\" data-id=\"10801d1\" data-element_type=\"section\" data-e-type=\"section\">\n\t\t\t\t\t\t<div class=\"elementor-container elementor-column-gap-default\">\n\t\t\t\t\t<div class=\"elementor-column elementor-col-100 elementor-top-column elementor-element elementor-element-b002943\" data-id=\"b002943\" data-element_type=\"column\" data-e-type=\"column\">\n\t\t\t<div class=\"elementor-widget-wrap elementor-element-populated\">\n\t\t\t\t\t\t<div class=\"elementor-element elementor-element-39b2ace elementor-widget elementor-widget-spacer\" data-id=\"39b2ace\" data-element_type=\"widget\" data-e-type=\"widget\" data-widget_type=\"spacer.default\">\n\t\t\t\t<div class=\"elementor-widget-container\">\n\t\t\t\t\t\t\t<div class=\"elementor-spacer\">\n\t\t\t<div class=\"elementor-spacer-inner\"><\/div>\n\t\t<\/div>\n\t\t\t\t\t\t<\/div>\n\t\t\t\t<\/div>\n\t\t\t\t\t<\/div>\n\t\t<\/div>\n\t\t\t\t\t<\/div>\n\t\t<\/section>\n\t\t\t\t<section data-particle_enable=\"false\" data-particle-mobile-disabled=\"false\" class=\"elementor-section elementor-top-section elementor-element elementor-element-2701835 elementor-section-boxed elementor-section-height-default elementor-section-height-default\" data-id=\"2701835\" data-element_type=\"section\" data-e-type=\"section\">\n\t\t\t\t\t\t<div class=\"elementor-container elementor-column-gap-default\">\n\t\t\t\t\t<div class=\"elementor-column elementor-col-100 elementor-top-column elementor-element elementor-element-4f4f4df\" data-id=\"4f4f4df\" data-element_type=\"column\" data-e-type=\"column\">\n\t\t\t<div class=\"elementor-widget-wrap\">\n\t\t\t\t\t\t\t<\/div>\n\t\t<\/div>\n\t\t\t\t\t<\/div>\n\t\t<\/section>\n\t\t\t\t<section data-particle_enable=\"false\" data-particle-mobile-disabled=\"false\" class=\"elementor-section elementor-top-section elementor-element elementor-element-4c73665 elementor-section-boxed elementor-section-height-default elementor-section-height-default\" data-id=\"4c73665\" data-element_type=\"section\" data-e-type=\"section\">\n\t\t\t\t\t\t<div class=\"elementor-container elementor-column-gap-default\">\n\t\t\t\t\t<div class=\"elementor-column elementor-col-50 elementor-top-column elementor-element elementor-element-109b436\" data-id=\"109b436\" data-element_type=\"column\" data-e-type=\"column\">\n\t\t\t<div class=\"elementor-widget-wrap elementor-element-populated\">\n\t\t\t\t\t\t<div class=\"elementor-element elementor-element-19edc1c elementor-widget elementor-widget-heading\" data-id=\"19edc1c\" data-element_type=\"widget\" data-e-type=\"widget\" data-widget_type=\"heading.default\">\n\t\t\t\t<div class=\"elementor-widget-container\">\n\t\t\t\t\t<h2 class=\"elementor-heading-title elementor-size-default\">SomTabs<\/h2>\t\t\t\t<\/div>\n\t\t\t\t<\/div>\n\t\t\t\t<div class=\"elementor-element elementor-element-300de52 elementor-widget elementor-widget-text-editor\" data-id=\"300de52\" data-element_type=\"widget\" data-e-type=\"widget\" data-widget_type=\"text-editor.default\">\n\t\t\t\t<div class=\"elementor-widget-container\">\n\t\t\t\t\t\t\t\t\t<h5>Comprim\u00e9s pour un nettoyage en douceur et en profondeur de votre orth\u00e8se d&rsquo;avanc\u00e9e mandibulaire<\/h5>\t\t\t\t\t\t\t\t<\/div>\n\t\t\t\t<\/div>\n\t\t\t\t<div class=\"elementor-element elementor-element-44ab241 elementor-widget elementor-widget-text-editor\" data-id=\"44ab241\" data-element_type=\"widget\" data-e-type=\"widget\" data-widget_type=\"text-editor.default\">\n\t\t\t\t<div class=\"elementor-widget-container\">\n\t\t\t\t\t\t\t\t\t<p>D\u00e9velopp\u00e9es par SomnoMed, les tablettes de nettoyage SomTabs aident \u00e0 maintenir les appareils SomnoDent en parfait \u00e9tat. Elles tuent 99% des germes et des bact\u00e9ries responsables des odeurs. Chaque bo\u00eete contient 30 comprim\u00e9s.<\/p><p>Cliquez ci-dessous pour commander des comprim\u00e9s SomTabs :\u00a0<\/p>\t\t\t\t\t\t\t\t<\/div>\n\t\t\t\t<\/div>\n\t\t\t\t<div class=\"elementor-element elementor-element-dd5aa59 elementor-widget elementor-widget-button\" data-id=\"dd5aa59\" data-element_type=\"widget\" data-e-type=\"widget\" data-widget_type=\"button.default\">\n\t\t\t\t<div class=\"elementor-widget-container\">\n\t\t\t\t\t\t\t\t\t<div class=\"elementor-button-wrapper\">\n\t\t\t\t\t<a class=\"elementor-button elementor-button-link elementor-size-sm\" href=\"https:\/\/staging.somnomed.com\/chfr\/contact\/\">\n\t\t\t\t\t\t<span class=\"elementor-button-content-wrapper\">\n\t\t\t\t\t\t\t\t\t<span class=\"elementor-button-text\">Je commande mes comprim\u00e9s SomTabs <\/span>\n\t\t\t\t\t<\/span>\n\t\t\t\t\t<\/a>\n\t\t\t\t<\/div>\n\t\t\t\t\t\t\t\t<\/div>\n\t\t\t\t<\/div>\n\t\t\t\t\t<\/div>\n\t\t<\/div>\n\t\t\t\t<div class=\"elementor-column elementor-col-50 elementor-top-column elementor-element elementor-element-3c87f8c\" data-id=\"3c87f8c\" data-element_type=\"column\" data-e-type=\"column\">\n\t\t\t<div class=\"elementor-widget-wrap elementor-element-populated\">\n\t\t\t\t\t\t<div class=\"elementor-element elementor-element-045fd40 elementor-arrows-position-inside elementor-pagination-position-outside elementor-widget elementor-widget-image-carousel\" data-id=\"045fd40\" data-element_type=\"widget\" data-e-type=\"widget\" data-settings=\"{&quot;slides_to_show&quot;:&quot;1&quot;,&quot;autoplay&quot;:&quot;no&quot;,&quot;navigation&quot;:&quot;both&quot;,&quot;infinite&quot;:&quot;yes&quot;,&quot;effect&quot;:&quot;slide&quot;,&quot;speed&quot;:500}\" data-widget_type=\"image-carousel.default\">\n\t\t\t\t<div class=\"elementor-widget-container\">\n\t\t\t\t\t\t\t<div class=\"elementor-image-carousel-wrapper swiper\" role=\"region\" aria-roledescription=\"carousel\" aria-label=\"Carrousel d\u2019images\" dir=\"rtl\">\n\t\t\t<div class=\"elementor-image-carousel swiper-wrapper\" aria-live=\"polite\">\n\t\t\t\t\t\t\t\t<div class=\"swiper-slide\" role=\"group\" aria-roledescription=\"slide\" aria-label=\"1 sur 3\"><figure class=\"swiper-slide-inner\"><img decoding=\"async\" class=\"swiper-slide-image\" src=\"https:\/\/staging.somnomed.com\/chfr\/wp-content\/uploads\/sites\/20\/elementor\/thumbs\/Untitled-8-q2vmihjtym672ki26knkb4atjoceqsj1dmh550ngqw.jpg\" alt=\"SomTabs\" \/><\/figure><\/div><div class=\"swiper-slide\" role=\"group\" aria-roledescription=\"slide\" aria-label=\"2 sur 3\"><figure class=\"swiper-slide-inner\"><img decoding=\"async\" class=\"swiper-slide-image\" src=\"https:\/\/staging.somnomed.com\/chfr\/wp-content\/uploads\/sites\/20\/elementor\/thumbs\/Image-for-website-q2vmiiho5g7he6gp1326vm2a527ryhmrpr4mmam2ko.jpg\" alt=\"SomTabs\" \/><\/figure><\/div><div class=\"swiper-slide\" role=\"group\" aria-roledescription=\"slide\" aria-label=\"3 sur 3\"><figure class=\"swiper-slide-inner\"><img decoding=\"async\" class=\"swiper-slide-image\" src=\"https:\/\/staging.somnomed.com\/chfr\/wp-content\/uploads\/sites\/20\/elementor\/thumbs\/Untitled-7-q2vmihjtym672ki26knkb4atjoceqsj1dmh550ngqw.jpg\" alt=\"SomTabs Cleaning Avant\" \/><\/figure><\/div>\t\t\t<\/div>\n\t\t\t\t\t\t\t\t\t\t\t\t<div class=\"elementor-swiper-button elementor-swiper-button-prev\" role=\"button\" tabindex=\"0\">\n\t\t\t\t\t\t<i aria-hidden=\"true\" class=\"eicon-chevron-left\"><\/i>\t\t\t\t\t<\/div>\n\t\t\t\t\t<div class=\"elementor-swiper-button elementor-swiper-button-next\" role=\"button\" tabindex=\"0\">\n\t\t\t\t\t\t<i aria-hidden=\"true\" class=\"eicon-chevron-right\"><\/i>\t\t\t\t\t<\/div>\n\t\t\t\t\n\t\t\t\t\t\t\t\t\t<div class=\"swiper-pagination\"><\/div>\n\t\t\t\t\t\t\t\t\t<\/div>\n\t\t\t\t\t\t<\/div>\n\t\t\t\t<\/div>\n\t\t\t\t\t<\/div>\n\t\t<\/div>\n\t\t\t\t\t<\/div>\n\t\t<\/section>\n\t\t\t\t<section data-particle_enable=\"false\" data-particle-mobile-disabled=\"false\" class=\"elementor-section elementor-top-section elementor-element elementor-element-8c4f6c9 elementor-section-boxed elementor-section-height-default elementor-section-height-default\" data-id=\"8c4f6c9\" data-element_type=\"section\" data-e-type=\"section\">\n\t\t\t\t\t\t<div class=\"elementor-container elementor-column-gap-default\">\n\t\t\t\t\t<div class=\"elementor-column elementor-col-100 elementor-top-column elementor-element elementor-element-665af76\" data-id=\"665af76\" data-element_type=\"column\" data-e-type=\"column\">\n\t\t\t<div class=\"elementor-widget-wrap elementor-element-populated\">\n\t\t\t\t\t\t<div class=\"elementor-element elementor-element-4664ebb elementor-widget elementor-widget-spacer\" data-id=\"4664ebb\" data-element_type=\"widget\" data-e-type=\"widget\" data-widget_type=\"spacer.default\">\n\t\t\t\t<div class=\"elementor-widget-container\">\n\t\t\t\t\t\t\t<div class=\"elementor-spacer\">\n\t\t\t<div class=\"elementor-spacer-inner\"><\/div>\n\t\t<\/div>\n\t\t\t\t\t\t<\/div>\n\t\t\t\t<\/div>\n\t\t\t\t\t<\/div>\n\t\t<\/div>\n\t\t\t\t\t<\/div>\n\t\t<\/section>\n\t\t\t\t<section data-particle_enable=\"false\" data-particle-mobile-disabled=\"false\" class=\"elementor-section elementor-top-section elementor-element elementor-element-bb574ba elementor-section-boxed elementor-section-height-default elementor-section-height-default\" data-id=\"bb574ba\" data-element_type=\"section\" data-e-type=\"section\">\n\t\t\t\t\t\t<div class=\"elementor-container elementor-column-gap-default\">\n\t\t\t\t\t<div class=\"elementor-column elementor-col-100 elementor-top-column elementor-element elementor-element-cc19e3b\" data-id=\"cc19e3b\" data-element_type=\"column\" data-e-type=\"column\">\n\t\t\t<div class=\"elementor-widget-wrap elementor-element-populated\">\n\t\t\t\t\t\t<div class=\"elementor-element elementor-element-dd1e547 elementor-widget elementor-widget-eael-adv-tabs\" data-id=\"dd1e547\" data-element_type=\"widget\" data-e-type=\"widget\" data-widget_type=\"eael-adv-tabs.default\">\n\t\t\t\t<div class=\"elementor-widget-container\">\n\t\t\t\t\t        <div data-scroll-on-click=\"no\" data-scroll-speed=\"300\" id=\"eael-advance-tabs-dd1e547\" class=\"eael-advance-tabs eael-tabs-horizontal eael-tab-auto-active \" data-tabid=\"dd1e547\">\n            <div class=\"eael-tabs-nav \">\n                <ul class=\"eael-tab-inline-icon\" role=\"tablist\">\n                                            <li id=\"composition\" class=\"inactive eael-tab-item-trigger eael-tab-nav-item\" aria-selected=\"true\" data-tab=\"1\" role=\"tab\" tabindex=\"0\" aria-controls=\"composition-tab\" aria-expanded=\"false\">\n                            \n                                                        \n                                                            <span class=\"eael-tab-title title-after-icon\" >Composition<\/span>                            \n                                                    <\/li>\n                                            <li id=\"packaging\" class=\"inactive eael-tab-item-trigger eael-tab-nav-item\" aria-selected=\"false\" data-tab=\"2\" role=\"tab\" tabindex=\"-1\" aria-controls=\"packaging-tab\" aria-expanded=\"false\">\n                            \n                                                        \n                                                            <span class=\"eael-tab-title title-after-icon\" >Packaging<\/span>                            \n                                                    <\/li>\n                                            <li id=\"prcautions\" class=\"inactive eael-tab-item-trigger eael-tab-nav-item\" aria-selected=\"false\" data-tab=\"3\" role=\"tab\" tabindex=\"-1\" aria-controls=\"prcautions-tab\" aria-expanded=\"false\">\n                            \n                                                        \n                                                            <span class=\"eael-tab-title title-after-icon\" >Pr\u00e9cautions<\/span>                            \n                                                    <\/li>\n                                            <li id=\"device-care\" class=\"inactive eael-tab-item-trigger eael-tab-nav-item\" aria-selected=\"false\" data-tab=\"4\" role=\"tab\" tabindex=\"-1\" aria-controls=\"device-care-tab\" aria-expanded=\"false\">\n                            \n                                                        \n                                                            <span class=\"eael-tab-title title-after-icon\" >Device Care<\/span>                            \n                                                    <\/li>\n                    \n                                  <\/ul>\n            <\/div>\n            \n            <div class=\"eael-tabs-content\">\n\t\t        \n                    <div id=\"composition-tab\" class=\"clearfix eael-tab-content-item inactive\" data-title-link=\"composition-tab\">\n\t\t\t\t        <p>Sodium Bicarbonate, Potassium Caroate, Citric Acid, Sodium Citrate, Sorbitol, Sodium Lauryl Sulfate, Sodium Percarbonate, CI 73015.<\/p>                    <\/div>\n\t\t        \n                    <div id=\"packaging-tab\" class=\"clearfix eael-tab-content-item inactive\" data-title-link=\"packaging-tab\">\n\t\t\t\t        <p>Chaque bo\u00eete contient 30 comprim\u00e9s.<\/p>                    <\/div>\n\t\t        \n                    <div id=\"prcautions-tab\" class=\"clearfix eael-tab-content-item inactive\" data-title-link=\"prcautions-tab\">\n\t\t\t\t        <p>Tenir les comprim\u00e9s hors de port\u00e9e des enfants, des animaux domestiques et des personnes susceptibles d&rsquo;avaler accidentellement le comprim\u00e9 ou la solution. <strong>En cas d&rsquo;ingestion, consulter imm\u00e9diatement un m\u00e9decin.<\/strong><\/p><p>D\u00e9conseill\u00e9 aux personnes pr\u00e9sentant une hyper-sensibilit\u00e9 connue aux persulfates.<\/p>                    <\/div>\n\t\t        \n                    <div id=\"device-care-tab\" class=\"clearfix eael-tab-content-item inactive\" data-title-link=\"device-care-tab\">\n\t\t\t\t        <p>Chaque matin, apr\u00e8s avoir retir\u00e9 votre appareil, rincez-le sous l&rsquo;eau froide et brossez-le avec une brosse \u00e0 dents souple. Une fois s\u00e9ch\u00e9 avec un chiffon propre, red\u00e9posez-le pour le restant de la journ\u00e9e dans le bol transparent fourni avec votre appareil, sans le couvercle, pour assurer une circulation d&rsquo;air suffisante et \u00e9viter les mauvaises odeurs.<\/p><p>Lorsque votre appareil n\u00e9cessite un <strong>nettoyage plus approfondi<\/strong>, nous vous recommandons d&rsquo;utiliser les SomTabs pour nettoyer les zones difficiles \u00e0 atteindre.<\/p><p>1. Remplissez le r\u00e9cipient d&rsquo;eau froide et ajoutez un SomTabs ;<\/p><p>2. Laissez tremper pendant 15 minutes seulement ;<\/p><p>3. Apr\u00e8s le trempage, nettoyez votre appareil \u00e0 l&rsquo;aide d&rsquo;une brosse \u00e0 dents souple ;<\/p><p>4. Rincez-le \u00e0 l&rsquo;eau douce et conservez-le dans le bol transparent fourni avec votre appareil, sans le couvercle, pour assurer une circulation d&rsquo;air suffisante et \u00e9viter les mauvaises odeurs.<\/p><p>Autres conseils d&rsquo;entretien utiles : <br \/>Gardez votre appareil \u00e0 l&rsquo;abri de la lumi\u00e8re directe du soleil.<br \/>N&rsquo;utilisez jamais de dentifrice sur l&rsquo;appareil car il contient des abrasifs et peut endommager votre appareil.<br \/>N&rsquo;utilisez jamais d&rsquo;eau chaude ou bouillante pour nettoyer votre appareil.<br \/>Brossez-vous toujours soigneusement les dents avant d&rsquo;ins\u00e9rer votre dispositif pour la nuit.<\/p><p>Remarque : les comprim\u00e9s de nettoyage contenant de l&rsquo;oxyg\u00e8ne actif pour proth\u00e8ses dentaires peuvent endommager de fa\u00e7on permanente le plastique de votre appareil. <strong>L&rsquo;utilisation de tout produit de nettoyage non recommand\u00e9 par SomnoMed annulera la garantie de l&rsquo;appareil<\/strong>.<\/p>                    <\/div>\n\t\t                    <\/div>\n        <\/div>\n\t\t\t\t<\/div>\n\t\t\t\t<\/div>\n\t\t\t\t\t<\/div>\n\t\t<\/div>\n\t\t\t\t\t<\/div>\n\t\t<\/section>\n\t\t\t\t<section data-particle_enable=\"false\" data-particle-mobile-disabled=\"false\" class=\"elementor-section elementor-top-section elementor-element elementor-element-b1d6178 elementor-section-boxed elementor-section-height-default elementor-section-height-default\" data-id=\"b1d6178\" data-element_type=\"section\" data-e-type=\"section\">\n\t\t\t\t\t\t<div class=\"elementor-container elementor-column-gap-default\">\n\t\t\t\t\t<div class=\"elementor-column elementor-col-100 elementor-top-column elementor-element elementor-element-4334d09\" data-id=\"4334d09\" data-element_type=\"column\" data-e-type=\"column\">\n\t\t\t<div class=\"elementor-widget-wrap elementor-element-populated\">\n\t\t\t\t\t\t<div class=\"elementor-element elementor-element-5a25d52 elementor-widget elementor-widget-spacer\" data-id=\"5a25d52\" data-element_type=\"widget\" data-e-type=\"widget\" data-widget_type=\"spacer.default\">\n\t\t\t\t<div class=\"elementor-widget-container\">\n\t\t\t\t\t\t\t<div class=\"elementor-spacer\">\n\t\t\t<div class=\"elementor-spacer-inner\"><\/div>\n\t\t<\/div>\n\t\t\t\t\t\t<\/div>\n\t\t\t\t<\/div>\n\t\t\t\t\t<\/div>\n\t\t<\/div>\n\t\t\t\t\t<\/div>\n\t\t<\/section>\n\t\t\t\t<section data-particle_enable=\"false\" data-particle-mobile-disabled=\"false\" class=\"elementor-section elementor-top-section elementor-element elementor-element-36b5727 elementor-section-boxed elementor-section-height-default elementor-section-height-default\" data-id=\"36b5727\" data-element_type=\"section\" data-e-type=\"section\">\n\t\t\t\t\t\t<div class=\"elementor-container elementor-column-gap-default\">\n\t\t\t\t\t<div class=\"elementor-column elementor-col-100 elementor-top-column elementor-element elementor-element-245d2d2\" data-id=\"245d2d2\" data-element_type=\"column\" data-e-type=\"column\">\n\t\t\t<div class=\"elementor-widget-wrap\">\n\t\t\t\t\t\t\t<\/div>\n\t\t<\/div>\n\t\t\t\t\t<\/div>\n\t\t<\/section>\n\t\t\t\t<section data-particle_enable=\"false\" data-particle-mobile-disabled=\"false\" class=\"elementor-section elementor-top-section elementor-element elementor-element-89f5b80 elementor-section-boxed elementor-section-height-default elementor-section-height-default\" data-id=\"89f5b80\" data-element_type=\"section\" data-e-type=\"section\">\n\t\t\t\t\t\t<div class=\"elementor-container elementor-column-gap-default\">\n\t\t\t\t\t<div class=\"elementor-column elementor-col-100 elementor-top-column elementor-element elementor-element-ddfdc95\" data-id=\"ddfdc95\" data-element_type=\"column\" data-e-type=\"column\">\n\t\t\t<div class=\"elementor-widget-wrap elementor-element-populated\">\n\t\t\t\t\t\t<div class=\"elementor-element elementor-element-1b68b11 elementor-widget elementor-widget-spacer\" data-id=\"1b68b11\" data-element_type=\"widget\" data-e-type=\"widget\" data-widget_type=\"spacer.default\">\n\t\t\t\t<div class=\"elementor-widget-container\">\n\t\t\t\t\t\t\t<div class=\"elementor-spacer\">\n\t\t\t<div class=\"elementor-spacer-inner\"><\/div>\n\t\t<\/div>\n\t\t\t\t\t\t<\/div>\n\t\t\t\t<\/div>\n\t\t\t\t\t<\/div>\n\t\t<\/div>\n\t\t\t\t\t<\/div>\n\t\t<\/section>\n\t\t\t\t<\/div>\n\t\t","protected":false},"excerpt":{"rendered":"<p>SomTabs Comprim\u00e9s pour un nettoyage en douceur et en profondeur de votre orth\u00e8se d&rsquo;avanc\u00e9e mandibulaire D\u00e9velopp\u00e9es par SomnoMed, les tablettes de nettoyage SomTabs aident \u00e0 maintenir les appareils SomnoDent en parfait \u00e9tat. Elles tuent 99% des germes et des bact\u00e9ries responsables des odeurs. Chaque bo\u00eete contient 30 comprim\u00e9s. Cliquez ci-dessous pour commander des comprim\u00e9s SomTabs &#8230;<\/p>\n","protected":false},"author":26,"featured_media":0,"parent":1044,"menu_order":0,"comment_status":"closed","ping_status":"closed","template":"","meta":{"_acf_changed":false,"footnotes":""},"class_list":["post-11534","page","type-page","status-publish","hentry"],"acf":[],"_links":{"self":[{"href":"https:\/\/staging.somnomed.com\/chfr\/wp-json\/wp\/v2\/pages\/11534","targetHints":{"allow":["GET"]}}],"collection":[{"href":"https:\/\/staging.somnomed.com\/chfr\/wp-json\/wp\/v2\/pages"}],"about":[{"href":"https:\/\/staging.somnomed.com\/chfr\/wp-json\/wp\/v2\/types\/page"}],"author":[{"embeddable":true,"href":"https:\/\/staging.somnomed.com\/chfr\/wp-json\/wp\/v2\/users\/26"}],"replies":[{"embeddable":true,"href":"https:\/\/staging.somnomed.com\/chfr\/wp-json\/wp\/v2\/comments?post=11534"}],"version-history":[{"count":3,"href":"https:\/\/staging.somnomed.com\/chfr\/wp-json\/wp\/v2\/pages\/11534\/revisions"}],"predecessor-version":[{"id":14316,"href":"https:\/\/staging.somnomed.com\/chfr\/wp-json\/wp\/v2\/pages\/11534\/revisions\/14316"}],"up":[{"embeddable":true,"href":"https:\/\/staging.somnomed.com\/chfr\/wp-json\/wp\/v2\/pages\/1044"}],"wp:attachment":[{"href":"https:\/\/staging.somnomed.com\/chfr\/wp-json\/wp\/v2\/media?parent=11534"}],"curies":[{"name":"wp","href":"https:\/\/api.w.org\/{rel}","templated":true}]}}