{"id":3539,"date":"2021-07-05T05:00:40","date_gmt":"2021-07-05T09:00:40","guid":{"rendered":"http:\/\/somnomed.gsqtest1.com\/en\/?page_id=3539"},"modified":"2023-05-17T17:09:44","modified_gmt":"2023-05-17T15:09:44","slug":"somnobrux","status":"publish","type":"page","link":"https:\/\/staging.somnomed.com\/chgerman\/dentists\/products\/somnobrux\/","title":{"rendered":"SomnoBrux"},"content":{"rendered":"\t\t<div data-elementor-type=\"wp-page\" data-elementor-id=\"3539\" class=\"elementor elementor-3539\" data-elementor-post-type=\"page\">\n\t\t\t\t\t\t<section data-particle_enable=\"false\" data-particle-mobile-disabled=\"false\" class=\"elementor-section elementor-top-section elementor-element elementor-element-788f1747 elementor-section-content-middle elementor-section-full_width elementor-section-height-default elementor-section-height-default\" data-id=\"788f1747\" data-element_type=\"section\" data-e-type=\"section\" data-settings=\"{&quot;background_background&quot;:&quot;classic&quot;}\">\n\t\t\t\t\t\t<div class=\"elementor-container elementor-column-gap-default\">\n\t\t\t\t\t<div class=\"elementor-column elementor-col-50 elementor-top-column elementor-element elementor-element-31901649\" data-id=\"31901649\" data-element_type=\"column\" data-e-type=\"column\">\n\t\t\t<div class=\"elementor-widget-wrap elementor-element-populated\">\n\t\t\t\t\t\t<div class=\"elementor-element elementor-element-7645becb elementor-widget elementor-widget-image\" data-id=\"7645becb\" data-element_type=\"widget\" data-e-type=\"widget\" data-widget_type=\"image.default\">\n\t\t\t\t<div class=\"elementor-widget-container\">\n\t\t\t\t\t\t\t\t\t\t\t\t\t\t\t<img decoding=\"async\" src=\"https:\/\/staging.somnomed.com\/chgerman\/wp-content\/uploads\/sites\/21\/elementor\/thumbs\/Untitled-5-q2vmkv3drivdatznnwk0jma8v46d6x6hptdsbmjc7k.jpg\" title=\"Male Patient Sleeping Soundly With SomnoMed Device\" alt=\"Male Patient Sleeping Soundly With SomnoMed Device\" loading=\"lazy\" \/>\t\t\t\t\t\t\t\t\t\t\t\t\t\t\t<\/div>\n\t\t\t\t<\/div>\n\t\t\t\t\t<\/div>\n\t\t<\/div>\n\t\t\t\t<div class=\"elementor-column elementor-col-50 elementor-top-column elementor-element elementor-element-5c7424d2 padding-col--right\" data-id=\"5c7424d2\" data-element_type=\"column\" data-e-type=\"column\">\n\t\t\t<div class=\"elementor-widget-wrap elementor-element-populated\">\n\t\t\t\t\t\t<section data-particle_enable=\"false\" data-particle-mobile-disabled=\"false\" class=\"elementor-section elementor-inner-section elementor-element elementor-element-79e633aa elementor-section-full_width elementor-section-height-default elementor-section-height-default\" data-id=\"79e633aa\" data-element_type=\"section\" data-e-type=\"section\">\n\t\t\t\t\t\t<div class=\"elementor-container elementor-column-gap-no\">\n\t\t\t\t\t<div class=\"elementor-column elementor-col-100 elementor-inner-column elementor-element elementor-element-34b87295\" data-id=\"34b87295\" data-element_type=\"column\" data-e-type=\"column\">\n\t\t\t<div class=\"elementor-widget-wrap elementor-element-populated\">\n\t\t\t\t\t\t<div class=\"elementor-element elementor-element-5e8fcacd elementor-widget elementor-widget-heading\" data-id=\"5e8fcacd\" data-element_type=\"widget\" data-e-type=\"widget\" data-widget_type=\"heading.default\">\n\t\t\t\t<div class=\"elementor-widget-container\">\n\t\t\t\t\t<h2 class=\"elementor-heading-title elementor-size-default\">SomnoBrux<sup>\u00ae<\/sup><\/h2>\t\t\t\t<\/div>\n\t\t\t\t<\/div>\n\t\t\t\t<div class=\"elementor-element elementor-element-70ff0592 elementor-widget elementor-widget-text-editor\" data-id=\"70ff0592\" data-element_type=\"widget\" data-e-type=\"widget\" data-widget_type=\"text-editor.default\">\n\t\t\t\t<div class=\"elementor-widget-container\">\n\t\t\t\t\t\t\t\t\t<p>Die SomnoBrux-Schiene ist eine speziell angepasste Acrylschiene (Zahnschutz), die die Z\u00e4hne Ihrer Patienten vor Knirschen und Abrieb bei Bruxismus sch\u00fctzt.<\/p><p>Da die Schiene individuell f\u00fcr Ihre Patienten angefertigt wird, m\u00fcssen Sie diese nicht per \u201eBoil-and-Bite\u201c anpassen \u2013 das macht es viel komfortabler.<\/p>\t\t\t\t\t\t\t\t<\/div>\n\t\t\t\t<\/div>\n\t\t\t\t\t<\/div>\n\t\t<\/div>\n\t\t\t\t\t<\/div>\n\t\t<\/section>\n\t\t\t\t\t<\/div>\n\t\t<\/div>\n\t\t\t\t\t<\/div>\n\t\t<\/section>\n\t\t\t\t<section data-particle_enable=\"false\" data-particle-mobile-disabled=\"false\" class=\"elementor-section elementor-top-section elementor-element elementor-element-78241ff4 elementor-section-content-middle elementor-reverse-mobile elementor-section-boxed elementor-section-height-default elementor-section-height-default\" data-id=\"78241ff4\" data-element_type=\"section\" data-e-type=\"section\" data-settings=\"{&quot;background_background&quot;:&quot;classic&quot;}\">\n\t\t\t\t\t\t<div class=\"elementor-container elementor-column-gap-default\">\n\t\t\t\t\t<div class=\"elementor-column elementor-col-50 elementor-top-column elementor-element elementor-element-55c6242b\" data-id=\"55c6242b\" data-element_type=\"column\" data-e-type=\"column\">\n\t\t\t<div class=\"elementor-widget-wrap elementor-element-populated\">\n\t\t\t\t\t\t<section data-particle_enable=\"false\" data-particle-mobile-disabled=\"false\" class=\"elementor-section elementor-inner-section elementor-element elementor-element-32f5ca06 elementor-section-full_width elementor-section-height-default elementor-section-height-default\" data-id=\"32f5ca06\" data-element_type=\"section\" data-e-type=\"section\">\n\t\t\t\t\t\t<div class=\"elementor-container elementor-column-gap-no\">\n\t\t\t\t\t<div class=\"elementor-column elementor-col-100 elementor-inner-column elementor-element elementor-element-6437bda\" data-id=\"6437bda\" data-element_type=\"column\" data-e-type=\"column\">\n\t\t\t<div class=\"elementor-widget-wrap elementor-element-populated\">\n\t\t\t\t\t\t<div class=\"elementor-element elementor-element-7209d9e elementor-widget elementor-widget-heading\" data-id=\"7209d9e\" data-element_type=\"widget\" data-e-type=\"widget\" data-widget_type=\"heading.default\">\n\t\t\t\t<div class=\"elementor-widget-container\">\n\t\t\t\t\t<h2 class=\"elementor-heading-title elementor-size-default\">So funktioniert SomnoBrux<sup><sup>\u00ae<\/sup> <\/sup><\/h2>\t\t\t\t<\/div>\n\t\t\t\t<\/div>\n\t\t\t\t<div class=\"elementor-element elementor-element-53a3d7bb elementor-widget elementor-widget-text-editor\" data-id=\"53a3d7bb\" data-element_type=\"widget\" data-e-type=\"widget\" data-widget_type=\"text-editor.default\">\n\t\t\t\t<div class=\"elementor-widget-container\">\n\t\t\t\t\t\t\t\t\t<p>SomnoBrux<sup>\u00ae<\/sup> bietet eine physische Barriere zwischen den oberen und unteren Z\u00e4hnen und sch\u00fctzt somit die Z\u00e4hne Ihrer Patienten vor Sch\u00e4den durch Z\u00e4hneknirschen.<\/p>\t\t\t\t\t\t\t\t<\/div>\n\t\t\t\t<\/div>\n\t\t\t\t\t<\/div>\n\t\t<\/div>\n\t\t\t\t\t<\/div>\n\t\t<\/section>\n\t\t\t\t\t<\/div>\n\t\t<\/div>\n\t\t\t\t<div class=\"elementor-column elementor-col-50 elementor-top-column elementor-element elementor-element-589816f3\" data-id=\"589816f3\" data-element_type=\"column\" data-e-type=\"column\">\n\t\t\t<div class=\"elementor-widget-wrap elementor-element-populated\">\n\t\t\t\t\t\t<div class=\"elementor-element elementor-element-37793b43 elementor-widget elementor-widget-image\" data-id=\"37793b43\" data-element_type=\"widget\" data-e-type=\"widget\" data-widget_type=\"image.default\">\n\t\t\t\t<div class=\"elementor-widget-container\">\n\t\t\t\t\t\t\t\t\t\t\t\t\t\t\t<img decoding=\"async\" src=\"https:\/\/staging.somnomed.com\/chgerman\/wp-content\/uploads\/sites\/21\/elementor\/thumbs\/SomTabs-and-Products-USA-7-q2vmkw17ycxc6crfppdlcn1px46rxonn64mo8gbww0.jpg\" title=\"SomnoBrux 1\" alt=\"SomnoBrux grey background image\" loading=\"lazy\" \/>\t\t\t\t\t\t\t\t\t\t\t\t\t\t\t<\/div>\n\t\t\t\t<\/div>\n\t\t\t\t\t<\/div>\n\t\t<\/div>\n\t\t\t\t\t<\/div>\n\t\t<\/section>\n\t\t\t\t<section data-particle_enable=\"false\" data-particle-mobile-disabled=\"false\" class=\"elementor-section elementor-top-section elementor-element elementor-element-5996e195 elementor-section-content-middle elementor-section-boxed elementor-section-height-default elementor-section-height-default\" data-id=\"5996e195\" data-element_type=\"section\" data-e-type=\"section\">\n\t\t\t\t\t\t<div class=\"elementor-container elementor-column-gap-default\">\n\t\t\t\t\t<div class=\"elementor-column elementor-col-50 elementor-top-column elementor-element elementor-element-a59cf44\" data-id=\"a59cf44\" data-element_type=\"column\" data-e-type=\"column\">\n\t\t\t<div class=\"elementor-widget-wrap elementor-element-populated\">\n\t\t\t\t\t\t<div class=\"elementor-element elementor-element-3f355df3 elementor-widget elementor-widget-image\" data-id=\"3f355df3\" data-element_type=\"widget\" data-e-type=\"widget\" data-widget_type=\"image.default\">\n\t\t\t\t<div class=\"elementor-widget-container\">\n\t\t\t\t\t\t\t\t\t\t\t\t\t\t\t<img decoding=\"async\" src=\"https:\/\/staging.somnomed.com\/chgerman\/wp-content\/uploads\/sites\/21\/elementor\/thumbs\/Untitled-2-q2vmkv3a3ykgeicgmoeu1897d914kduaz2p6duik3k.jpg\" title=\"SomnoBrux On Typodont\" alt=\"SomnoBrux on Typodont\" loading=\"lazy\" \/>\t\t\t\t\t\t\t\t\t\t\t\t\t\t\t<\/div>\n\t\t\t\t<\/div>\n\t\t\t\t\t<\/div>\n\t\t<\/div>\n\t\t\t\t<div class=\"elementor-column elementor-col-50 elementor-top-column elementor-element elementor-element-57110514\" data-id=\"57110514\" data-element_type=\"column\" data-e-type=\"column\">\n\t\t\t<div class=\"elementor-widget-wrap elementor-element-populated\">\n\t\t\t\t\t\t<section data-particle_enable=\"false\" data-particle-mobile-disabled=\"false\" class=\"elementor-section elementor-inner-section elementor-element elementor-element-63e6fd1a elementor-section-full_width elementor-section-height-default elementor-section-height-default\" data-id=\"63e6fd1a\" data-element_type=\"section\" data-e-type=\"section\">\n\t\t\t\t\t\t<div class=\"elementor-container elementor-column-gap-no\">\n\t\t\t\t\t<div class=\"elementor-column elementor-col-100 elementor-inner-column elementor-element elementor-element-2166babe\" data-id=\"2166babe\" data-element_type=\"column\" data-e-type=\"column\">\n\t\t\t<div class=\"elementor-widget-wrap elementor-element-populated\">\n\t\t\t\t\t\t<div class=\"elementor-element elementor-element-628c2854 elementor-widget elementor-widget-heading\" data-id=\"628c2854\" data-element_type=\"widget\" data-e-type=\"widget\" data-widget_type=\"heading.default\">\n\t\t\t\t<div class=\"elementor-widget-container\">\n\t\t\t\t\t<h2 class=\"elementor-heading-title elementor-size-default\">Hoher Tragekomfort<\/h2>\t\t\t\t<\/div>\n\t\t\t\t<\/div>\n\t\t\t\t<div class=\"elementor-element elementor-element-7b75ccea elementor-widget elementor-widget-text-editor\" data-id=\"7b75ccea\" data-element_type=\"widget\" data-e-type=\"widget\" data-widget_type=\"text-editor.default\">\n\t\t\t\t<div class=\"elementor-widget-container\">\n\t\t\t\t\t\t\t\t\t<p>Die individuell gefertigte SomnoBrux<sup>\u00ae<\/sup>-Schiene passt bequem \u00fcber die Z\u00e4hne Ihrer Patienten. W\u00e4hrend sie die Schiene tragen, k\u00f6nnen sie den Mund vollst\u00e4ndig \u00f6ffnen und schliessen, g\u00e4hnen, trinken, Tabletten einnehmen und sogar deutlich sprechen.<\/p>\t\t\t\t\t\t\t\t<\/div>\n\t\t\t\t<\/div>\n\t\t\t\t\t<\/div>\n\t\t<\/div>\n\t\t\t\t\t<\/div>\n\t\t<\/section>\n\t\t\t\t<section data-particle_enable=\"false\" data-particle-mobile-disabled=\"false\" class=\"elementor-section elementor-inner-section elementor-element elementor-element-04e5f5a elementor-section-full_width elementor-section-height-default elementor-section-height-default\" data-id=\"04e5f5a\" data-element_type=\"section\" data-e-type=\"section\">\n\t\t\t\t\t\t<div class=\"elementor-container elementor-column-gap-no\">\n\t\t\t\t\t<div class=\"elementor-column elementor-col-100 elementor-inner-column elementor-element elementor-element-252bc17\" data-id=\"252bc17\" data-element_type=\"column\" data-e-type=\"column\">\n\t\t\t<div class=\"elementor-widget-wrap elementor-element-populated\">\n\t\t\t\t\t\t<div class=\"elementor-element elementor-element-c32eb6b elementor-widget elementor-widget-button\" data-id=\"c32eb6b\" data-element_type=\"widget\" data-e-type=\"widget\" data-widget_type=\"button.default\">\n\t\t\t\t<div class=\"elementor-widget-container\">\n\t\t\t\t\t\t\t\t\t<div class=\"elementor-button-wrapper\">\n\t\t\t\t\t<a class=\"elementor-button elementor-button-link elementor-size-sm\" href=\"https:\/\/staging.somnomed.com\/chgerman\/dentists\/dentists-contact\/\" target=\"_blank\">\n\t\t\t\t\t\t<span class=\"elementor-button-content-wrapper\">\n\t\t\t\t\t\t\t\t\t<span class=\"elementor-button-text\">Kontakt<\/span>\n\t\t\t\t\t<\/span>\n\t\t\t\t\t<\/a>\n\t\t\t\t<\/div>\n\t\t\t\t\t\t\t\t<\/div>\n\t\t\t\t<\/div>\n\t\t\t\t\t<\/div>\n\t\t<\/div>\n\t\t\t\t\t<\/div>\n\t\t<\/section>\n\t\t\t\t\t<\/div>\n\t\t<\/div>\n\t\t\t\t\t<\/div>\n\t\t<\/section>\n\t\t\t\t<\/div>\n\t\t","protected":false},"excerpt":{"rendered":"<p>SomnoBrux\u00ae Die SomnoBrux-Schiene ist eine speziell angepasste Acrylschiene (Zahnschutz), die die Z\u00e4hne Ihrer Patienten vor Knirschen und Abrieb bei Bruxismus sch\u00fctzt. Da die Schiene individuell f\u00fcr Ihre Patienten angefertigt wird, m\u00fcssen Sie diese nicht per \u201eBoil-and-Bite\u201c anpassen \u2013 das macht es viel komfortabler. So funktioniert SomnoBrux\u00ae SomnoBrux\u00ae bietet eine physische Barriere zwischen den oberen und &#8230;<\/p>\n","protected":false},"author":54,"featured_media":0,"parent":3517,"menu_order":0,"comment_status":"closed","ping_status":"closed","template":"","meta":{"_acf_changed":false,"footnotes":""},"class_list":["post-3539","page","type-page","status-publish","hentry"],"acf":[],"_links":{"self":[{"href":"https:\/\/staging.somnomed.com\/chgerman\/wp-json\/wp\/v2\/pages\/3539","targetHints":{"allow":["GET"]}}],"collection":[{"href":"https:\/\/staging.somnomed.com\/chgerman\/wp-json\/wp\/v2\/pages"}],"about":[{"href":"https:\/\/staging.somnomed.com\/chgerman\/wp-json\/wp\/v2\/types\/page"}],"author":[{"embeddable":true,"href":"https:\/\/staging.somnomed.com\/chgerman\/wp-json\/wp\/v2\/users\/54"}],"replies":[{"embeddable":true,"href":"https:\/\/staging.somnomed.com\/chgerman\/wp-json\/wp\/v2\/comments?post=3539"}],"version-history":[{"count":3,"href":"https:\/\/staging.somnomed.com\/chgerman\/wp-json\/wp\/v2\/pages\/3539\/revisions"}],"predecessor-version":[{"id":14520,"href":"https:\/\/staging.somnomed.com\/chgerman\/wp-json\/wp\/v2\/pages\/3539\/revisions\/14520"}],"up":[{"embeddable":true,"href":"https:\/\/staging.somnomed.com\/chgerman\/wp-json\/wp\/v2\/pages\/3517"}],"wp:attachment":[{"href":"https:\/\/staging.somnomed.com\/chgerman\/wp-json\/wp\/v2\/media?parent=3539"}],"curies":[{"name":"wp","href":"https:\/\/api.w.org\/{rel}","templated":true}]}}