{"id":428,"date":"2021-06-09T03:27:25","date_gmt":"2021-06-09T07:27:25","guid":{"rendered":"https:\/\/local.somnomed.com\/en\/?page_id=428"},"modified":"2023-06-02T16:39:24","modified_gmt":"2023-06-02T14:39:24","slug":"grinding-teeth","status":"publish","type":"page","link":"https:\/\/staging.somnomed.com\/chgerman\/patients\/sleep\/grinding-teeth\/","title":{"rendered":"Grinding teeth"},"content":{"rendered":"\t\t<div data-elementor-type=\"wp-page\" data-elementor-id=\"428\" class=\"elementor elementor-428\" data-elementor-post-type=\"page\">\n\t\t\t\t\t\t<section data-particle_enable=\"false\" data-particle-mobile-disabled=\"false\" class=\"elementor-section elementor-top-section elementor-element elementor-element-4cc98bc0 elementor-section-content-top elementor-section-full_width elementor-reverse-mobile elementor-section-height-default elementor-section-height-default\" data-id=\"4cc98bc0\" data-element_type=\"section\" data-e-type=\"section\">\n\t\t\t\t\t\t<div class=\"elementor-container elementor-column-gap-default\">\n\t\t\t\t\t<div class=\"elementor-column elementor-col-50 elementor-top-column elementor-element elementor-element-a252b3c padding-col--left\" data-id=\"a252b3c\" data-element_type=\"column\" data-e-type=\"column\">\n\t\t\t<div class=\"elementor-widget-wrap elementor-element-populated\">\n\t\t\t\t\t\t<section data-particle_enable=\"false\" data-particle-mobile-disabled=\"false\" class=\"elementor-section elementor-inner-section elementor-element elementor-element-60389a66 elementor-section-full_width elementor-section-height-default elementor-section-height-default\" data-id=\"60389a66\" data-element_type=\"section\" data-e-type=\"section\">\n\t\t\t\t\t\t<div class=\"elementor-container elementor-column-gap-no\">\n\t\t\t\t\t<div class=\"elementor-column elementor-col-100 elementor-inner-column elementor-element elementor-element-2407d114\" data-id=\"2407d114\" data-element_type=\"column\" data-e-type=\"column\">\n\t\t\t<div class=\"elementor-widget-wrap elementor-element-populated\">\n\t\t\t\t\t\t<div class=\"elementor-element elementor-element-6f5cc42d elementor-widget elementor-widget-heading\" data-id=\"6f5cc42d\" data-element_type=\"widget\" data-e-type=\"widget\" data-widget_type=\"heading.default\">\n\t\t\t\t<div class=\"elementor-widget-container\">\n\t\t\t\t\t<h2 class=\"elementor-heading-title elementor-size-default\"><h1 data-elementor-setting-key=\"title\" data-pen-placeholder=\"Type Here...\">Was ist Bruxismus?<\/h1><\/h2>\t\t\t\t<\/div>\n\t\t\t\t<\/div>\n\t\t\t\t<div class=\"elementor-element elementor-element-45e291f9 elementor-widget elementor-widget-text-editor\" data-id=\"45e291f9\" data-element_type=\"widget\" data-e-type=\"widget\" data-widget_type=\"text-editor.default\">\n\t\t\t\t<div class=\"elementor-widget-container\">\n\t\t\t\t\t\t\t\t\t<p>Z\u00e4hneknirschen (Bruxismus) ist eine Erkrankung, bei der Sie h\u00e4ufig im Schlaf mit den Z\u00e4hnen knirschen oder den Kiefer zusammenpressen. Sie wissen vielleicht gar nicht, dass Sie mit den Z\u00e4hnen knirschen, es sei denn, Ihr Partner h\u00f6rt es und weist Sie darauf hin.<\/p><p><br \/>Ihr Zahnarzt kann auch Sch\u00e4den bemerken, die typisch f\u00fcr das Z\u00e4hneknirschen sind, wie z.B. abgeschliffene, rissige oder lose Z\u00e4hne.<\/p>\t\t\t\t\t\t\t\t<\/div>\n\t\t\t\t<\/div>\n\t\t\t\t\t<\/div>\n\t\t<\/div>\n\t\t\t\t\t<\/div>\n\t\t<\/section>\n\t\t\t\t\t<\/div>\n\t\t<\/div>\n\t\t\t\t<div class=\"elementor-column elementor-col-50 elementor-top-column elementor-element elementor-element-4e1bf333\" data-id=\"4e1bf333\" data-element_type=\"column\" data-e-type=\"column\">\n\t\t\t<div class=\"elementor-widget-wrap elementor-element-populated\">\n\t\t\t\t\t\t<div class=\"elementor-element elementor-element-3146b632 elementor-widget elementor-widget-image\" data-id=\"3146b632\" data-element_type=\"widget\" data-e-type=\"widget\" data-widget_type=\"image.default\">\n\t\t\t\t<div class=\"elementor-widget-container\">\n\t\t\t\t\t\t\t\t\t\t\t\t\t\t\t<img decoding=\"async\" src=\"https:\/\/staging.somnomed.com\/chgerman\/wp-content\/uploads\/sites\/21\/elementor\/thumbs\/Man-Jaw-Pain-Bruxism-4-q2vmkw17ycwnmfyaieyn441pgi1qema81y19swhy1c.jpg\" title=\"Man Jaw Pain (Bruxism) 4\" alt=\"Man Jaw Pain (Bruxism) 4\" loading=\"lazy\" \/>\t\t\t\t\t\t\t\t\t\t\t\t\t\t\t<\/div>\n\t\t\t\t<\/div>\n\t\t\t\t\t<\/div>\n\t\t<\/div>\n\t\t\t\t\t<\/div>\n\t\t<\/section>\n\t\t\t\t<section data-particle_enable=\"false\" data-particle-mobile-disabled=\"false\" class=\"elementor-section elementor-top-section elementor-element elementor-element-9fd6d39 elementor-section-content-middle elementor-section-boxed elementor-section-height-default elementor-section-height-default\" data-id=\"9fd6d39\" data-element_type=\"section\" data-e-type=\"section\" data-settings=\"{&quot;background_background&quot;:&quot;classic&quot;}\">\n\t\t\t\t\t\t<div class=\"elementor-container elementor-column-gap-default\">\n\t\t\t\t\t<div class=\"elementor-column elementor-col-50 elementor-top-column elementor-element elementor-element-146748f\" data-id=\"146748f\" data-element_type=\"column\" data-e-type=\"column\">\n\t\t\t<div class=\"elementor-widget-wrap elementor-element-populated\">\n\t\t\t\t\t\t<div class=\"elementor-element elementor-element-93cc063 elementor-widget elementor-widget-image\" data-id=\"93cc063\" data-element_type=\"widget\" data-e-type=\"widget\" data-widget_type=\"image.default\">\n\t\t\t\t<div class=\"elementor-widget-container\">\n\t\t\t\t\t\t\t\t\t\t\t\t\t\t\t<img decoding=\"async\" src=\"https:\/\/staging.somnomed.com\/chgerman\/wp-content\/uploads\/sites\/21\/elementor\/thumbs\/African-man-jaw-pain-q2vmkw14aslqq4b3h6tglq0nymwhs2y1b7cnv4h5xc.jpg\" title=\"African man jaw pain\" alt=\"African man jaw pain\" loading=\"lazy\" \/>\t\t\t\t\t\t\t\t\t\t\t\t\t\t\t<\/div>\n\t\t\t\t<\/div>\n\t\t\t\t\t<\/div>\n\t\t<\/div>\n\t\t\t\t<div class=\"elementor-column elementor-col-50 elementor-top-column elementor-element elementor-element-4b8eed9\" data-id=\"4b8eed9\" data-element_type=\"column\" data-e-type=\"column\">\n\t\t\t<div class=\"elementor-widget-wrap elementor-element-populated\">\n\t\t\t\t\t\t<section data-particle_enable=\"false\" data-particle-mobile-disabled=\"false\" class=\"elementor-section elementor-inner-section elementor-element elementor-element-bdb984c elementor-section-full_width elementor-section-height-default elementor-section-height-default\" data-id=\"bdb984c\" data-element_type=\"section\" data-e-type=\"section\">\n\t\t\t\t\t\t<div class=\"elementor-container elementor-column-gap-no\">\n\t\t\t\t\t<div class=\"elementor-column elementor-col-100 elementor-inner-column elementor-element elementor-element-9c2c98d\" data-id=\"9c2c98d\" data-element_type=\"column\" data-e-type=\"column\">\n\t\t\t<div class=\"elementor-widget-wrap elementor-element-populated\">\n\t\t\t\t\t\t<div class=\"elementor-element elementor-element-687dcf4 elementor-widget elementor-widget-heading\" data-id=\"687dcf4\" data-element_type=\"widget\" data-e-type=\"widget\" data-widget_type=\"heading.default\">\n\t\t\t\t<div class=\"elementor-widget-container\">\n\t\t\t\t\t<h2 class=\"elementor-heading-title elementor-size-default\">Symptome des Z\u00e4hneknirschens\n<\/h2>\t\t\t\t<\/div>\n\t\t\t\t<\/div>\n\t\t\t\t<div class=\"elementor-element elementor-element-6dbc2a9 elementor-widget elementor-widget-text-editor\" data-id=\"6dbc2a9\" data-element_type=\"widget\" data-e-type=\"widget\" data-widget_type=\"text-editor.default\">\n\t\t\t\t<div class=\"elementor-widget-container\">\n\t\t\t\t\t\t\t\t\t<p>\u00a0Die h\u00e4ufigsten Symptome beim Z\u00e4hneknirschen sind:<\/p><ul><li>Kopfschmerzen in den Schl\u00e4fen<\/li><li>Schmerzen im Gesicht oder Kiefer<\/li><li>Verspannte Kiefermuskeln<\/li><li>Ohrenschmerzen<\/li><li>Sch\u00e4den an den Z\u00e4hnen<\/li><li>Empfindliche Z\u00e4hne<\/li><\/ul>\t\t\t\t\t\t\t\t<\/div>\n\t\t\t\t<\/div>\n\t\t\t\t\t<\/div>\n\t\t<\/div>\n\t\t\t\t\t<\/div>\n\t\t<\/section>\n\t\t\t\t\t<\/div>\n\t\t<\/div>\n\t\t\t\t\t<\/div>\n\t\t<\/section>\n\t\t\t\t<section data-particle_enable=\"false\" data-particle-mobile-disabled=\"false\" class=\"elementor-section elementor-top-section elementor-element elementor-element-3d59a62 elementor-section-content-middle elementor-reverse-mobile elementor-section-boxed elementor-section-height-default elementor-section-height-default\" data-id=\"3d59a62\" data-element_type=\"section\" data-e-type=\"section\" data-settings=\"{&quot;background_background&quot;:&quot;classic&quot;}\">\n\t\t\t\t\t\t<div class=\"elementor-container elementor-column-gap-default\">\n\t\t\t\t\t<div class=\"elementor-column elementor-col-50 elementor-top-column elementor-element elementor-element-865a8b4\" data-id=\"865a8b4\" data-element_type=\"column\" data-e-type=\"column\">\n\t\t\t<div class=\"elementor-widget-wrap elementor-element-populated\">\n\t\t\t\t\t\t<section data-particle_enable=\"false\" data-particle-mobile-disabled=\"false\" class=\"elementor-section elementor-inner-section elementor-element elementor-element-739c299 elementor-section-full_width elementor-section-height-default elementor-section-height-default\" data-id=\"739c299\" data-element_type=\"section\" data-e-type=\"section\">\n\t\t\t\t\t\t<div class=\"elementor-container elementor-column-gap-no\">\n\t\t\t\t\t<div class=\"elementor-column elementor-col-100 elementor-inner-column elementor-element elementor-element-84634ae\" data-id=\"84634ae\" data-element_type=\"column\" data-e-type=\"column\">\n\t\t\t<div class=\"elementor-widget-wrap elementor-element-populated\">\n\t\t\t\t\t\t<div class=\"elementor-element elementor-element-5cb5115 elementor-widget elementor-widget-heading\" data-id=\"5cb5115\" data-element_type=\"widget\" data-e-type=\"widget\" data-widget_type=\"heading.default\">\n\t\t\t\t<div class=\"elementor-widget-container\">\n\t\t\t\t\t<h2 class=\"elementor-heading-title elementor-size-default\">Ursachen f\u00fcr Z\u00e4hneknirschen<\/h2>\t\t\t\t<\/div>\n\t\t\t\t<\/div>\n\t\t\t\t<div class=\"elementor-element elementor-element-8b993ca elementor-widget elementor-widget-text-editor\" data-id=\"8b993ca\" data-element_type=\"widget\" data-e-type=\"widget\" data-widget_type=\"text-editor.default\">\n\t\t\t\t<div class=\"elementor-widget-container\">\n\t\t\t\t\t\t\t\t\t<p>Es gibt eine Reihe m\u00f6glicher Gr\u00fcnde, warum Sie mit den Z\u00e4hnen knirschen, sowohl physische als auch psychische.<\/p><p><strong>Physische Ursachen f\u00fcr das Z\u00e4hneknirschen<\/strong><\/p><ul><li>St\u00f6rung der Kontakte der Z\u00e4hne von Ober- und Unterkiefer (Malokklusion)<\/li><li>R\u00fcckfluss Ihres Mageninhalts in Ihre Speiser\u00f6hre<\/li><li>Eine Schlafst\u00f6rung wie Schlafapnoe<\/li><li>Eine Nebenwirkung bestimmter Medikamente<\/li><li>Alkoholgenuss, Rauchen oder Drogen wie Ecstasy oder Speed<\/li><\/ul><p><strong>Psychische Ursachen des Z\u00e4hneknirschens:<\/strong><\/p><ul><li>Angst, Stress, Wut und Frustration<\/li><li>Eine aggressive oder hyperaktive Pers\u00f6nlichkeit<br \/><br \/><\/li><\/ul><p><strong>Soll ich mich wegen meines Z\u00e4hneknirschens behandeln lassen?<\/strong><\/p><p><strong>Wenn ein Kind<\/strong>\u00a0mit den Z\u00e4hnen knirscht, kann es aus dem Problem herauswachsen.<\/p><p>Wenn das Z\u00e4hneknirschen<strong>\u00a0bei Erwachsenen<\/strong>\u00a0unbehandelt bleibt, kann dies zu einem sehr ernsthaften und teuren Problem werden. Z\u00e4hneknirschen kann zum Verlust von Z\u00e4hnen und zur Notwendigkeit kostspieliger zahn\u00e4rztlicher Behandlungen f\u00fchren. Es kann auch Ihr Kiefergelenk dauerhaft sch\u00e4digen. Dieses Gelenk verbindet Ihren Kiefer mit Ihrem Sch\u00e4del.<\/p>\t\t\t\t\t\t\t\t<\/div>\n\t\t\t\t<\/div>\n\t\t\t\t\t<\/div>\n\t\t<\/div>\n\t\t\t\t\t<\/div>\n\t\t<\/section>\n\t\t\t\t\t<\/div>\n\t\t<\/div>\n\t\t\t\t<div class=\"elementor-column elementor-col-50 elementor-top-column elementor-element elementor-element-70928c2\" data-id=\"70928c2\" data-element_type=\"column\" data-e-type=\"column\">\n\t\t\t<div class=\"elementor-widget-wrap elementor-element-populated\">\n\t\t\t\t\t\t<div class=\"elementor-element elementor-element-8371ee3 elementor-widget elementor-widget-image\" data-id=\"8371ee3\" data-element_type=\"widget\" data-e-type=\"widget\" data-widget_type=\"image.default\">\n\t\t\t\t<div class=\"elementor-widget-container\">\n\t\t\t\t\t\t\t\t\t\t\t\t\t\t\t<img decoding=\"async\" src=\"https:\/\/staging.somnomed.com\/chgerman\/wp-content\/uploads\/sites\/21\/elementor\/thumbs\/Dental-Attrition-Bruxism-q2vmkv3a3ykgeicgmoeu1897d914kduaz2p6duik3k.jpg\" title=\"Dental Attrition (Bruxism)\" alt=\"Dental Attrition (Bruxism) image\" loading=\"lazy\" \/>\t\t\t\t\t\t\t\t\t\t\t\t\t\t\t<\/div>\n\t\t\t\t<\/div>\n\t\t\t\t\t<\/div>\n\t\t<\/div>\n\t\t\t\t\t<\/div>\n\t\t<\/section>\n\t\t\t\t<section data-particle_enable=\"false\" data-particle-mobile-disabled=\"false\" class=\"elementor-section elementor-top-section elementor-element elementor-element-2c23ce28 elementor-section-content-middle elementor-section-boxed elementor-section-height-default elementor-section-height-default\" data-id=\"2c23ce28\" data-element_type=\"section\" data-e-type=\"section\" data-settings=\"{&quot;background_background&quot;:&quot;classic&quot;}\">\n\t\t\t\t\t\t<div class=\"elementor-container elementor-column-gap-default\">\n\t\t\t\t\t<div class=\"elementor-column elementor-col-50 elementor-top-column elementor-element elementor-element-4fef3c95\" data-id=\"4fef3c95\" data-element_type=\"column\" data-e-type=\"column\">\n\t\t\t<div class=\"elementor-widget-wrap elementor-element-populated\">\n\t\t\t\t\t\t<div class=\"elementor-element elementor-element-67c18738 elementor-widget elementor-widget-image\" data-id=\"67c18738\" data-element_type=\"widget\" data-e-type=\"widget\" data-widget_type=\"image.default\">\n\t\t\t\t<div class=\"elementor-widget-container\">\n\t\t\t\t\t\t\t\t\t\t\t\t\t\t\t<img decoding=\"async\" src=\"https:\/\/staging.somnomed.com\/chgerman\/wp-content\/uploads\/sites\/21\/elementor\/thumbs\/Union-4-5-q2vmkv3a3ykgeicgmoeu1897d914kduaz2p6duik3k.jpg\" title=\"Union 4\" alt=\"Union 4\" loading=\"lazy\" \/>\t\t\t\t\t\t\t\t\t\t\t\t\t\t\t<\/div>\n\t\t\t\t<\/div>\n\t\t\t\t\t<\/div>\n\t\t<\/div>\n\t\t\t\t<div class=\"elementor-column elementor-col-50 elementor-top-column elementor-element elementor-element-2c57e45c\" data-id=\"2c57e45c\" data-element_type=\"column\" data-e-type=\"column\">\n\t\t\t<div class=\"elementor-widget-wrap elementor-element-populated\">\n\t\t\t\t\t\t<section data-particle_enable=\"false\" data-particle-mobile-disabled=\"false\" class=\"elementor-section elementor-inner-section elementor-element elementor-element-3cd9590e elementor-section-full_width elementor-section-height-default elementor-section-height-default\" data-id=\"3cd9590e\" data-element_type=\"section\" data-e-type=\"section\">\n\t\t\t\t\t\t<div class=\"elementor-container elementor-column-gap-no\">\n\t\t\t\t\t<div class=\"elementor-column elementor-col-100 elementor-inner-column elementor-element elementor-element-1fcb3330\" data-id=\"1fcb3330\" data-element_type=\"column\" data-e-type=\"column\">\n\t\t\t<div class=\"elementor-widget-wrap elementor-element-populated\">\n\t\t\t\t\t\t<div class=\"elementor-element elementor-element-ceec4f8 elementor-widget elementor-widget-heading\" data-id=\"ceec4f8\" data-element_type=\"widget\" data-e-type=\"widget\" data-widget_type=\"heading.default\">\n\t\t\t\t<div class=\"elementor-widget-container\">\n\t\t\t\t\t<h2 class=\"elementor-heading-title elementor-size-default\">Behandlung von Z\u00e4hneknirschen<\/h2>\t\t\t\t<\/div>\n\t\t\t\t<\/div>\n\t\t\t\t<div class=\"elementor-element elementor-element-3301b0f1 elementor-widget elementor-widget-text-editor\" data-id=\"3301b0f1\" data-element_type=\"widget\" data-e-type=\"widget\" data-widget_type=\"text-editor.default\">\n\t\t\t\t<div class=\"elementor-widget-container\">\n\t\t\t\t\t\t\t\t\tEs gibt eine Reihe von Behandlungsm\u00f6glichkeiten f\u00fcr Z\u00e4hneknirschen, die der Zahnarzt verordnen kann:\n<ul>\n \t<li>Eine Zahnschiene wie SomnoBrux, um das Fortschreiten der Sch\u00e4digung Ihrer Z\u00e4hne zu verhindern<\/li>\n \t<li>Psychologische Therapien wie Stressmanagement, kognitive Verhaltenstherapie und Biofeedback<\/li>\n \t<li>Ein Wechsel der Medikamente, wenn diese das Problem verursachen<\/li>\n \t<li>Medikamente wie Muskelrelaxantien oder Injektionen eines Toxins, das die Kiefermuskulatur l\u00e4hmt<\/li>\n \t<li>Zahnspangen oder Oralchirurgie, wenn die Ursache eine schlechte Ausrichtung Ihrer Z\u00e4hne ist<\/li>\n<\/ul>\t\t\t\t\t\t\t\t<\/div>\n\t\t\t\t<\/div>\n\t\t\t\t<div class=\"elementor-element elementor-element-260443f elementor-align-left elementor-widget elementor-widget-button\" data-id=\"260443f\" data-element_type=\"widget\" data-e-type=\"widget\" data-widget_type=\"button.default\">\n\t\t\t\t<div class=\"elementor-widget-container\">\n\t\t\t\t\t\t\t\t\t<div class=\"elementor-button-wrapper\">\n\t\t\t\t\t<a class=\"elementor-button elementor-button-link elementor-size-sm\" href=\"https:\/\/staging.somnomed.com\/chgerman\/patients\/products\/somnobrux\/\" id=\"View Products\">\n\t\t\t\t\t\t<span class=\"elementor-button-content-wrapper\">\n\t\t\t\t\t\t\t\t\t<span class=\"elementor-button-text\">Produkte<\/span>\n\t\t\t\t\t<\/span>\n\t\t\t\t\t<\/a>\n\t\t\t\t<\/div>\n\t\t\t\t\t\t\t\t<\/div>\n\t\t\t\t<\/div>\n\t\t\t\t\t<\/div>\n\t\t<\/div>\n\t\t\t\t\t<\/div>\n\t\t<\/section>\n\t\t\t\t\t<\/div>\n\t\t<\/div>\n\t\t\t\t\t<\/div>\n\t\t<\/section>\n\t\t\t\t<section data-particle_enable=\"false\" data-particle-mobile-disabled=\"false\" class=\"elementor-section elementor-top-section elementor-element elementor-element-724d62d8 elementor-section-content-middle elementor-reverse-mobile elementor-section-boxed elementor-section-height-default elementor-section-height-default\" data-id=\"724d62d8\" data-element_type=\"section\" data-e-type=\"section\" data-settings=\"{&quot;background_background&quot;:&quot;classic&quot;}\">\n\t\t\t\t\t\t<div class=\"elementor-container elementor-column-gap-default\">\n\t\t\t\t\t<div class=\"elementor-column elementor-col-50 elementor-top-column elementor-element elementor-element-1d418162\" data-id=\"1d418162\" data-element_type=\"column\" data-e-type=\"column\">\n\t\t\t<div class=\"elementor-widget-wrap elementor-element-populated\">\n\t\t\t\t\t\t<section data-particle_enable=\"false\" data-particle-mobile-disabled=\"false\" class=\"elementor-section elementor-inner-section elementor-element elementor-element-1fcc20f1 elementor-section-full_width elementor-section-height-default elementor-section-height-default\" data-id=\"1fcc20f1\" data-element_type=\"section\" data-e-type=\"section\">\n\t\t\t\t\t\t<div class=\"elementor-container elementor-column-gap-no\">\n\t\t\t\t\t<div class=\"elementor-column elementor-col-100 elementor-inner-column elementor-element elementor-element-75a7a8c2\" data-id=\"75a7a8c2\" data-element_type=\"column\" data-e-type=\"column\">\n\t\t\t<div class=\"elementor-widget-wrap elementor-element-populated\">\n\t\t\t\t\t\t<div class=\"elementor-element elementor-element-ae09570 elementor-widget elementor-widget-heading\" data-id=\"ae09570\" data-element_type=\"widget\" data-e-type=\"widget\" data-widget_type=\"heading.default\">\n\t\t\t\t<div class=\"elementor-widget-container\">\n\t\t\t\t\t<h2 class=\"elementor-heading-title elementor-size-default\">Was ist mein n\u00e4chster Schritt?<\/h2>\t\t\t\t<\/div>\n\t\t\t\t<\/div>\n\t\t\t\t<div class=\"elementor-element elementor-element-2eaf329e elementor-widget elementor-widget-text-editor\" data-id=\"2eaf329e\" data-element_type=\"widget\" data-e-type=\"widget\" data-widget_type=\"text-editor.default\">\n\t\t\t\t<div class=\"elementor-widget-container\">\n\t\t\t\t\t\t\t\t\t<p>Wenn Ihre Z\u00e4hne abgenutzt, besch\u00e4digt oder empfindlich sind, wenn Sie unter Schmerzen im Gesicht oder im Kiefer leiden, sprechen Sie mit Ihrem Zahnarzt \u00fcber eine personalisierte SomnoDent<sup>\u00ae<\/sup> oder SomnoBrux Schiene.<\/p>\n<p>SomnoMed<sup>\u00ae<\/sup> hilft Ihnen gerne, einen Zahnarzt in Ihrer N\u00e4he zu finden, der Ihnen eine individuell angefertigte Schiene anpassen kann.<\/p>\t\t\t\t\t\t\t\t<\/div>\n\t\t\t\t<\/div>\n\t\t\t\t<div class=\"elementor-element elementor-element-2900028 elementor-widget elementor-widget-button\" data-id=\"2900028\" data-element_type=\"widget\" data-e-type=\"widget\" data-widget_type=\"button.default\">\n\t\t\t\t<div class=\"elementor-widget-container\">\n\t\t\t\t\t\t\t\t\t<div class=\"elementor-button-wrapper\">\n\t\t\t\t\t<a class=\"elementor-button elementor-button-link elementor-size-sm\" href=\"https:\/\/staging.somnomed.com\/chgerman\/contact\/\">\n\t\t\t\t\t\t<span class=\"elementor-button-content-wrapper\">\n\t\t\t\t\t\t\t\t\t<span class=\"elementor-button-text\">Finden Sie einen Zahnarzt in Ihrer N\u00e4he<\/span>\n\t\t\t\t\t<\/span>\n\t\t\t\t\t<\/a>\n\t\t\t\t<\/div>\n\t\t\t\t\t\t\t\t<\/div>\n\t\t\t\t<\/div>\n\t\t\t\t\t<\/div>\n\t\t<\/div>\n\t\t\t\t\t<\/div>\n\t\t<\/section>\n\t\t\t\t\t<\/div>\n\t\t<\/div>\n\t\t\t\t<div class=\"elementor-column elementor-col-50 elementor-top-column elementor-element elementor-element-888537d\" data-id=\"888537d\" data-element_type=\"column\" data-e-type=\"column\">\n\t\t\t<div class=\"elementor-widget-wrap elementor-element-populated\">\n\t\t\t\t\t\t<div class=\"elementor-element elementor-element-7ae356a7 elementor-widget elementor-widget-image\" data-id=\"7ae356a7\" data-element_type=\"widget\" data-e-type=\"widget\" data-widget_type=\"image.default\">\n\t\t\t\t<div class=\"elementor-widget-container\">\n\t\t\t\t\t\t\t\t\t\t\t\t\t\t\t<img decoding=\"async\" src=\"https:\/\/staging.somnomed.com\/chgerman\/wp-content\/uploads\/sites\/21\/elementor\/thumbs\/Union-67-q2vmkv3a3ykgeicgmoeu1897d914kduaz2p6duik3k.jpg\" title=\"Union 67\" alt=\"Union 67\" loading=\"lazy\" \/>\t\t\t\t\t\t\t\t\t\t\t\t\t\t\t<\/div>\n\t\t\t\t<\/div>\n\t\t\t\t\t<\/div>\n\t\t<\/div>\n\t\t\t\t\t<\/div>\n\t\t<\/section>\n\t\t\t\t<\/div>\n\t\t","protected":false},"excerpt":{"rendered":"<p>Was ist Bruxismus? Z\u00e4hneknirschen (Bruxismus) ist eine Erkrankung, bei der Sie h\u00e4ufig im Schlaf mit den Z\u00e4hnen knirschen oder den Kiefer zusammenpressen. Sie wissen vielleicht gar nicht, dass Sie mit den Z\u00e4hnen knirschen, es sei denn, Ihr Partner h\u00f6rt es und weist Sie darauf hin. Ihr Zahnarzt kann auch Sch\u00e4den bemerken, die typisch f\u00fcr das &#8230;<\/p>\n","protected":false},"author":54,"featured_media":0,"parent":576,"menu_order":0,"comment_status":"closed","ping_status":"closed","template":"","meta":{"_acf_changed":false,"footnotes":""},"class_list":["post-428","page","type-page","status-publish","hentry"],"acf":[],"_links":{"self":[{"href":"https:\/\/staging.somnomed.com\/chgerman\/wp-json\/wp\/v2\/pages\/428","targetHints":{"allow":["GET"]}}],"collection":[{"href":"https:\/\/staging.somnomed.com\/chgerman\/wp-json\/wp\/v2\/pages"}],"about":[{"href":"https:\/\/staging.somnomed.com\/chgerman\/wp-json\/wp\/v2\/types\/page"}],"author":[{"embeddable":true,"href":"https:\/\/staging.somnomed.com\/chgerman\/wp-json\/wp\/v2\/users\/54"}],"replies":[{"embeddable":true,"href":"https:\/\/staging.somnomed.com\/chgerman\/wp-json\/wp\/v2\/comments?post=428"}],"version-history":[{"count":3,"href":"https:\/\/staging.somnomed.com\/chgerman\/wp-json\/wp\/v2\/pages\/428\/revisions"}],"predecessor-version":[{"id":14689,"href":"https:\/\/staging.somnomed.com\/chgerman\/wp-json\/wp\/v2\/pages\/428\/revisions\/14689"}],"up":[{"embeddable":true,"href":"https:\/\/staging.somnomed.com\/chgerman\/wp-json\/wp\/v2\/pages\/576"}],"wp:attachment":[{"href":"https:\/\/staging.somnomed.com\/chgerman\/wp-json\/wp\/v2\/media?parent=428"}],"curies":[{"name":"wp","href":"https:\/\/api.w.org\/{rel}","templated":true}]}}