{"id":379,"date":"2021-06-09T03:12:59","date_gmt":"2021-06-09T07:12:59","guid":{"rendered":"https:\/\/local.somnomed.com\/en\/?page_id=379"},"modified":"2024-06-21T13:19:29","modified_gmt":"2024-06-21T11:19:29","slug":"snoring","status":"publish","type":"page","link":"https:\/\/staging.somnomed.com\/de\/patients\/sleep\/snoring\/","title":{"rendered":"Snoring"},"content":{"rendered":"\t\t<div data-elementor-type=\"wp-page\" data-elementor-id=\"379\" class=\"elementor elementor-379\" data-elementor-post-type=\"page\">\n\t\t\t\t\t\t<section data-particle_enable=\"false\" data-particle-mobile-disabled=\"false\" class=\"elementor-section elementor-top-section elementor-element elementor-element-4ed0627b elementor-section-content-middle elementor-section-full_width elementor-reverse-mobile elementor-section-height-default elementor-section-height-default\" data-id=\"4ed0627b\" data-element_type=\"section\" data-e-type=\"section\">\n\t\t\t\t\t\t<div class=\"elementor-container elementor-column-gap-default\">\n\t\t\t\t\t<div class=\"elementor-column elementor-col-50 elementor-top-column elementor-element elementor-element-729a920a padding-col--left\" data-id=\"729a920a\" data-element_type=\"column\" data-e-type=\"column\">\n\t\t\t<div class=\"elementor-widget-wrap elementor-element-populated\">\n\t\t\t\t\t\t<section data-particle_enable=\"false\" data-particle-mobile-disabled=\"false\" class=\"elementor-section elementor-inner-section elementor-element elementor-element-57331af6 elementor-section-full_width elementor-section-height-default elementor-section-height-default\" data-id=\"57331af6\" data-element_type=\"section\" data-e-type=\"section\">\n\t\t\t\t\t\t<div class=\"elementor-container elementor-column-gap-no\">\n\t\t\t\t\t<div class=\"elementor-column elementor-col-100 elementor-inner-column elementor-element elementor-element-7f0dfbd5\" data-id=\"7f0dfbd5\" data-element_type=\"column\" data-e-type=\"column\">\n\t\t\t<div class=\"elementor-widget-wrap elementor-element-populated\">\n\t\t\t\t\t\t<div class=\"elementor-element elementor-element-349fc121 elementor-widget elementor-widget-heading\" data-id=\"349fc121\" data-element_type=\"widget\" data-e-type=\"widget\" data-widget_type=\"heading.default\">\n\t\t\t\t<div class=\"elementor-widget-container\">\n\t\t\t\t\t<h1 class=\"elementor-heading-title elementor-size-default\">Schnarchen<\/h1>\t\t\t\t<\/div>\n\t\t\t\t<\/div>\n\t\t\t\t<div class=\"elementor-element elementor-element-4319eb08 elementor-widget elementor-widget-text-editor\" data-id=\"4319eb08\" data-element_type=\"widget\" data-e-type=\"widget\" data-widget_type=\"text-editor.default\">\n\t\t\t\t<div class=\"elementor-widget-container\">\n\t\t\t\t\t\t\t\t\t<p>Wenn Sie schlafen, entspannen sich Muskeln und Weichteile im Rachen und k\u00f6nnen die Atemwege verengen.<\/p><p>Wenn sich die Atemwege verengen und Sie dann versuchen einzuatmen, vibriert das Weichgewebe in Ihrem Hals und das Ger\u00e4usch, das dadurch entsteht, ist das Schnarchen.<\/p><p>Schnarchen ist wahrscheinlicher, wenn Sie auf dem R\u00fccken und mit offenem Mund schlafen.<\/p>\t\t\t\t\t\t\t\t<\/div>\n\t\t\t\t<\/div>\n\t\t\t\t\t<\/div>\n\t\t<\/div>\n\t\t\t\t\t<\/div>\n\t\t<\/section>\n\t\t\t\t\t<\/div>\n\t\t<\/div>\n\t\t\t\t<div class=\"elementor-column elementor-col-50 elementor-top-column elementor-element elementor-element-6adac9ef\" data-id=\"6adac9ef\" data-element_type=\"column\" data-e-type=\"column\">\n\t\t\t<div class=\"elementor-widget-wrap elementor-element-populated\">\n\t\t\t\t\t\t<div class=\"elementor-element elementor-element-5b75355 elementor-widget__width-initial elementor-widget elementor-widget-image\" data-id=\"5b75355\" data-element_type=\"widget\" data-e-type=\"widget\" data-widget_type=\"image.default\">\n\t\t\t\t<div class=\"elementor-widget-container\">\n\t\t\t\t\t\t\t\t\t\t\t\t\t\t\t<img decoding=\"async\" src=\"https:\/\/staging.somnomed.com\/de\/wp-content\/uploads\/sites\/8\/elementor\/thumbs\/Man-snoring-and-woman-holding-pillow-to-hear-ears-2-pfm3n2y5n5uovf4al6hw71wqwl4m9gb0fef0le0wi8.jpg\" title=\"Kann das Schnarchen meines Partners meine Gesundheit beeintr\u00e4chtigen?\" alt=\"Eine seitlich liegende Frau verdeckt ihre Ohren mit einem Kissen, um nicht das Schnarchen Ihres Partners zu h\u00f6ren.\" loading=\"lazy\" \/>\t\t\t\t\t\t\t\t\t\t\t\t\t\t\t<\/div>\n\t\t\t\t<\/div>\n\t\t\t\t\t<\/div>\n\t\t<\/div>\n\t\t\t\t\t<\/div>\n\t\t<\/section>\n\t\t\t\t<section data-particle_enable=\"false\" data-particle-mobile-disabled=\"false\" class=\"elementor-section elementor-top-section elementor-element elementor-element-9fd6d39 elementor-section-content-middle elementor-section-boxed elementor-section-height-default elementor-section-height-default\" data-id=\"9fd6d39\" data-element_type=\"section\" data-e-type=\"section\" data-settings=\"{&quot;background_background&quot;:&quot;classic&quot;}\">\n\t\t\t\t\t\t<div class=\"elementor-container elementor-column-gap-default\">\n\t\t\t\t\t<div class=\"elementor-column elementor-col-50 elementor-top-column elementor-element elementor-element-146748f\" data-id=\"146748f\" data-element_type=\"column\" data-e-type=\"column\">\n\t\t\t<div class=\"elementor-widget-wrap elementor-element-populated\">\n\t\t\t\t\t\t<div class=\"elementor-element elementor-element-93cc063 elementor-widget elementor-widget-image\" data-id=\"93cc063\" data-element_type=\"widget\" data-e-type=\"widget\" data-widget_type=\"image.default\">\n\t\t\t\t<div class=\"elementor-widget-container\">\n\t\t\t\t\t\t\t\t\t\t\t\t\t\t\t<img decoding=\"async\" src=\"https:\/\/staging.somnomed.com\/de\/wp-content\/uploads\/sites\/8\/elementor\/thumbs\/Depositphotos_219035320_ds-pfm3n2y0rqrcd3bd51hjkl1cddrqz5r3sv58i7iwd4.jpg\" title=\"Schnarchdiagnose in der Zahnklini\" alt=\"Frau besucht Zahnarzt zur Diagnose und Behandlung von Schnarchen.\" loading=\"lazy\" \/>\t\t\t\t\t\t\t\t\t\t\t\t\t\t\t<\/div>\n\t\t\t\t<\/div>\n\t\t\t\t\t<\/div>\n\t\t<\/div>\n\t\t\t\t<div class=\"elementor-column elementor-col-50 elementor-top-column elementor-element elementor-element-4b8eed9\" data-id=\"4b8eed9\" data-element_type=\"column\" data-e-type=\"column\">\n\t\t\t<div class=\"elementor-widget-wrap elementor-element-populated\">\n\t\t\t\t\t\t<section data-particle_enable=\"false\" data-particle-mobile-disabled=\"false\" class=\"elementor-section elementor-inner-section elementor-element elementor-element-bdb984c elementor-section-full_width elementor-section-height-default elementor-section-height-default\" data-id=\"bdb984c\" data-element_type=\"section\" data-e-type=\"section\">\n\t\t\t\t\t\t<div class=\"elementor-container elementor-column-gap-no\">\n\t\t\t\t\t<div class=\"elementor-column elementor-col-100 elementor-inner-column elementor-element elementor-element-9c2c98d\" data-id=\"9c2c98d\" data-element_type=\"column\" data-e-type=\"column\">\n\t\t\t<div class=\"elementor-widget-wrap elementor-element-populated\">\n\t\t\t\t\t\t<div class=\"elementor-element elementor-element-6dbc2a9 elementor-widget elementor-widget-text-editor\" data-id=\"6dbc2a9\" data-element_type=\"widget\" data-e-type=\"widget\" data-widget_type=\"text-editor.default\">\n\t\t\t\t<div class=\"elementor-widget-container\">\n\t\t\t\t\t\t\t\t\t<p>Alles, was Ihre Atemwege verengt, kann Schnarchen verursachen:<\/p>\t\t\t\t\t\t\t\t<\/div>\n\t\t\t\t<\/div>\n\t\t\t\t<div class=\"elementor-element elementor-element-f9abd1e elementor-widget elementor-widget-text-editor\" data-id=\"f9abd1e\" data-element_type=\"widget\" data-e-type=\"widget\" data-widget_type=\"text-editor.default\">\n\t\t\t\t<div class=\"elementor-widget-container\">\n\t\t\t\t\t\t\t\t\t<ul><li><span style=\"color: #00549d;\"><strong>Gro\u00dfe Mandeln<\/strong><\/span><\/li><li><span style=\"color: #00549d;\"><strong>Eine vergr\u00f6\u00dferte Uvula (das Gewebe im hinteren Teil Ihres Halses)<\/strong><\/span><\/li><li><span style=\"color: #00549d;\"><strong>Nasenscheidewandverkr\u00fcmmung\u00a0<\/strong><\/span><\/li><li><span style=\"color: #00549d;\"><strong>Verstopfte Nase<\/strong><\/span><\/li><li><span style=\"color: #00549d;\"><strong>\u00dcbergewicht<\/strong><\/span><\/li><li><span style=\"color: #00549d;\"><strong>Alkoholgenuss<\/strong><\/span><\/li><\/ul>\t\t\t\t\t\t\t\t<\/div>\n\t\t\t\t<\/div>\n\t\t\t\t<div class=\"elementor-element elementor-element-f086c36 elementor-widget elementor-widget-text-editor\" data-id=\"f086c36\" data-element_type=\"widget\" data-e-type=\"widget\" data-widget_type=\"text-editor.default\">\n\t\t\t\t<div class=\"elementor-widget-container\">\n\t\t\t\t\t\t\t\t\t<p>Scharchen ist zwar sehr nervig f\u00fcr Ihren Partner, ist aber in den meisten F\u00e4llen ungef\u00e4hrlich.<br \/>Allerdings ist Schnarchen in etwa 20% der F\u00e4lle ein Symptom f\u00fcr obstruktive Schlafapnoe. (<span style=\"text-decoration: underline;\"><a href=\"https:\/\/staging.somnomed.com\/de\/patients\/sleep\/obstructive-sleep-apnea-osa\/\">weitere Informationen zu obstruktiver Schlafapnoe<\/a>)<\/span>\u00a0Dies ist eine ernstzunehmende Krankheit, die Auswirkungen auf Ihre Gesundheit haben kann.\u00a0<\/p>\t\t\t\t\t\t\t\t<\/div>\n\t\t\t\t<\/div>\n\t\t\t\t\t<\/div>\n\t\t<\/div>\n\t\t\t\t\t<\/div>\n\t\t<\/section>\n\t\t\t\t\t<\/div>\n\t\t<\/div>\n\t\t\t\t\t<\/div>\n\t\t<\/section>\n\t\t\t\t<section data-particle_enable=\"false\" data-particle-mobile-disabled=\"false\" class=\"elementor-section elementor-top-section elementor-element elementor-element-52ce8a0 elementor-section-content-middle elementor-section-full_width elementor-reverse-mobile elementor-section-height-default elementor-section-height-default\" data-id=\"52ce8a0\" data-element_type=\"section\" data-e-type=\"section\">\n\t\t\t\t\t\t<div class=\"elementor-container elementor-column-gap-default\">\n\t\t\t\t\t<div class=\"elementor-column elementor-col-50 elementor-top-column elementor-element elementor-element-2790819 padding-col--left\" data-id=\"2790819\" data-element_type=\"column\" data-e-type=\"column\">\n\t\t\t<div class=\"elementor-widget-wrap elementor-element-populated\">\n\t\t\t\t\t\t<section data-particle_enable=\"false\" data-particle-mobile-disabled=\"false\" class=\"elementor-section elementor-inner-section elementor-element elementor-element-1fcc20f1 elementor-section-full_width elementor-section-height-default elementor-section-height-default\" data-id=\"1fcc20f1\" data-element_type=\"section\" data-e-type=\"section\">\n\t\t\t\t\t\t<div class=\"elementor-container elementor-column-gap-no\">\n\t\t\t\t\t<div class=\"elementor-column elementor-col-100 elementor-inner-column elementor-element elementor-element-75a7a8c2\" data-id=\"75a7a8c2\" data-element_type=\"column\" data-e-type=\"column\">\n\t\t\t<div class=\"elementor-widget-wrap elementor-element-populated\">\n\t\t\t\t\t\t<div class=\"elementor-element elementor-element-ae09570 elementor-widget elementor-widget-heading\" data-id=\"ae09570\" data-element_type=\"widget\" data-e-type=\"widget\" data-widget_type=\"heading.default\">\n\t\t\t\t<div class=\"elementor-widget-container\">\n\t\t\t\t\t<h2 class=\"elementor-heading-title elementor-size-default\">Kann Schnarchen behandelt werden?<\/h2>\t\t\t\t<\/div>\n\t\t\t\t<\/div>\n\t\t\t\t<div class=\"elementor-element elementor-element-2eaf329e elementor-widget elementor-widget-text-editor\" data-id=\"2eaf329e\" data-element_type=\"widget\" data-e-type=\"widget\" data-widget_type=\"text-editor.default\">\n\t\t\t\t<div class=\"elementor-widget-container\">\n\t\t\t\t\t\t\t\t\t<p>Selbstverst\u00e4ndlich kann Schnarchen behandelt werden! Bei einer Vergr\u00f6\u00dferung der Mandeln, Nasescheidewandverkr\u00fcmmung oder vergr\u00f6\u00dferter Uvula kann ein operativer Eingriff die L\u00f6sung sein. Sprechen Sie dazu mit Ihrem Hausarzt oder HNO-Arzt.<\/p><p>Der Verzicht auf Alkohol und Abnehmen kann auch dabei helfen, Schnarchen zu reduzieren.<\/p><p>Eine weitere M\u00f6glichkeit bieten die Unterkieferprotrusionsschienen von SomnoMed<sup>\u00ae<\/sup>. Sie bewirken, dass der Unterkiefer nach vorne gezogen wird und sich die Muskeln um die Zunge dehnen, wodurch sich die Atemwege \u00f6ffnen und \u00a0so nichts mehr vibrieren kann.<\/p><p>F\u00fcr weitere Informationen zu den Schienen von SomnoMed<sup>\u00ae<\/sup> klicken Sie auf folgenden Link.<\/p>\t\t\t\t\t\t\t\t<\/div>\n\t\t\t\t<\/div>\n\t\t\t\t<div class=\"elementor-element elementor-element-8d91814 elementor-widget elementor-widget-button\" data-id=\"8d91814\" data-element_type=\"widget\" data-e-type=\"widget\" data-widget_type=\"button.default\">\n\t\t\t\t<div class=\"elementor-widget-container\">\n\t\t\t\t\t\t\t\t\t<div class=\"elementor-button-wrapper\">\n\t\t\t\t\t<a class=\"elementor-button elementor-button-link elementor-size-sm\" href=\"https:\/\/staging.somnomed.com\/de\/patients\/products\/somnodent\/\">\n\t\t\t\t\t\t<span class=\"elementor-button-content-wrapper\">\n\t\t\t\t\t\t\t\t\t<span class=\"elementor-button-text\">Mehr erfahren<\/span>\n\t\t\t\t\t<\/span>\n\t\t\t\t\t<\/a>\n\t\t\t\t<\/div>\n\t\t\t\t\t\t\t\t<\/div>\n\t\t\t\t<\/div>\n\t\t\t\t\t<\/div>\n\t\t<\/div>\n\t\t\t\t\t<\/div>\n\t\t<\/section>\n\t\t\t\t\t<\/div>\n\t\t<\/div>\n\t\t\t\t<div class=\"elementor-column elementor-col-50 elementor-top-column elementor-element elementor-element-d5ba5ed\" data-id=\"d5ba5ed\" data-element_type=\"column\" data-e-type=\"column\">\n\t\t\t<div class=\"elementor-widget-wrap elementor-element-populated\">\n\t\t\t\t\t\t<div class=\"elementor-element elementor-element-7ae356a7 elementor-widget__width-initial elementor-widget elementor-widget-image\" data-id=\"7ae356a7\" data-element_type=\"widget\" data-e-type=\"widget\" data-widget_type=\"image.default\">\n\t\t\t\t<div class=\"elementor-widget-container\">\n\t\t\t\t\t\t\t\t\t\t\t\t\t\t\t<img fetchpriority=\"high\" decoding=\"async\" width=\"640\" height=\"740\" src=\"https:\/\/staging.somnomed.com\/de\/wp-content\/uploads\/sites\/8\/2024\/05\/item_58097.jpg\" class=\"attachment-1536x1536 size-1536x1536 wp-image-15199\" alt=\"Eine Frau l\u00e4chelt, w\u00e4hrend sie im Freien Rad f\u00e4hrt und sich nach einer erholsamen Nacht voller Energie f\u00fchlt.\" srcset=\"https:\/\/staging.somnomed.com\/de\/wp-content\/uploads\/sites\/8\/2024\/05\/item_58097.jpg 640w, https:\/\/staging.somnomed.com\/de\/wp-content\/uploads\/sites\/8\/2024\/05\/item_58097-259x300.jpg 259w\" sizes=\"(max-width: 640px) 100vw, 640px\" \/>\t\t\t\t\t\t\t\t\t\t\t\t\t\t\t<\/div>\n\t\t\t\t<\/div>\n\t\t\t\t\t<\/div>\n\t\t<\/div>\n\t\t\t\t\t<\/div>\n\t\t<\/section>\n\t\t\t\t<section data-particle_enable=\"false\" data-particle-mobile-disabled=\"false\" class=\"elementor-section elementor-top-section elementor-element elementor-element-2c23ce28 elementor-section-content-middle elementor-section-boxed elementor-section-height-default elementor-section-height-default\" data-id=\"2c23ce28\" data-element_type=\"section\" data-e-type=\"section\" data-settings=\"{&quot;background_background&quot;:&quot;classic&quot;}\">\n\t\t\t\t\t\t<div class=\"elementor-container elementor-column-gap-default\">\n\t\t\t\t\t<div class=\"elementor-column elementor-col-50 elementor-top-column elementor-element elementor-element-4fef3c95\" data-id=\"4fef3c95\" data-element_type=\"column\" data-e-type=\"column\">\n\t\t\t<div class=\"elementor-widget-wrap elementor-element-populated\">\n\t\t\t\t\t\t<div class=\"elementor-element elementor-element-67c18738 elementor-widget__width-initial elementor-widget elementor-widget-image\" data-id=\"67c18738\" data-element_type=\"widget\" data-e-type=\"widget\" data-widget_type=\"image.default\">\n\t\t\t\t<div class=\"elementor-widget-container\">\n\t\t\t\t\t\t\t\t\t\t\t\t\t\t\t<img decoding=\"async\" src=\"https:\/\/staging.somnomed.com\/de\/wp-content\/uploads\/sites\/8\/elementor\/thumbs\/Union-4-4-pfm3n2y1zljrz3h3jycponvpepzdmwytonqenm04e8.jpg\" title=\"Kann Schnarchen behandelt werden?\" alt=\"Ein Mann besucht den Arzt zur Behandlung seiner Schnarchsymptome.\" loading=\"lazy\" \/>\t\t\t\t\t\t\t\t\t\t\t\t\t\t\t<\/div>\n\t\t\t\t<\/div>\n\t\t\t\t\t<\/div>\n\t\t<\/div>\n\t\t\t\t<div class=\"elementor-column elementor-col-50 elementor-top-column elementor-element elementor-element-2c57e45c\" data-id=\"2c57e45c\" data-element_type=\"column\" data-e-type=\"column\">\n\t\t\t<div class=\"elementor-widget-wrap elementor-element-populated\">\n\t\t\t\t\t\t<section data-particle_enable=\"false\" data-particle-mobile-disabled=\"false\" class=\"elementor-section elementor-inner-section elementor-element elementor-element-3cd9590e elementor-section-full_width elementor-section-height-default elementor-section-height-default\" data-id=\"3cd9590e\" data-element_type=\"section\" data-e-type=\"section\">\n\t\t\t\t\t\t<div class=\"elementor-container elementor-column-gap-no\">\n\t\t\t\t\t<div class=\"elementor-column elementor-col-100 elementor-inner-column elementor-element elementor-element-1fcb3330\" data-id=\"1fcb3330\" data-element_type=\"column\" data-e-type=\"column\">\n\t\t\t<div class=\"elementor-widget-wrap elementor-element-populated\">\n\t\t\t\t\t\t<div class=\"elementor-element elementor-element-ceec4f8 elementor-widget elementor-widget-heading\" data-id=\"ceec4f8\" data-element_type=\"widget\" data-e-type=\"widget\" data-widget_type=\"heading.default\">\n\t\t\t\t<div class=\"elementor-widget-container\">\n\t\t\t\t\t<h2 class=\"elementor-heading-title elementor-size-default\">Wen sollte ich wegen meines Schnarchens aufsuchen?<\/h2>\t\t\t\t<\/div>\n\t\t\t\t<\/div>\n\t\t\t\t<div class=\"elementor-element elementor-element-3301b0f1 elementor-widget elementor-widget-text-editor\" data-id=\"3301b0f1\" data-element_type=\"widget\" data-e-type=\"widget\" data-widget_type=\"text-editor.default\">\n\t\t\t\t<div class=\"elementor-widget-container\">\n\t\t\t\t\t\t\t\t\t<p>Wenn Ihr Partner Sie bittet, etwas gegen Ihr Schnarchen zu unternehmen, sprechen Sie am besten mit Ihrem Hausarzt oder Ihrer Haus\u00e4rztin.<\/p><p>Da das Schnarchen bei etwa 20 % der Patienten mit einer Schlafapnoe zusammenh\u00e4ngt, ist es sinnvoll, eine schlafmedizinische Untersuchung durchf\u00fchren zu lassen, um festzustellen, ob Sie an dieser ernsthaften Erkrankung leiden.\u00a0Ihr Arzt kann Sie auch an einen Spezialisten \u00fcberweisen, um festzustellen, ob eine Operation f\u00fcr Sie eine L\u00f6sung sein k\u00f6nnte.<\/p><p>Wenn Ihr Arzt entscheidet, dass ein chirurgischer Eingriff f\u00fcr Sie nicht in Frage kommt, k\u00f6nnen Sie an einen Zahnarzt \u00fcberwiesen werden, der Ihnen eine Unterkieferprotrusionsschiene anfertigt.<\/p><p>SomnoMed<sup>\u00ae<\/sup> hilft Ihnen gerne, einen Zahnarzt in Ihrer N\u00e4he zu finden, der Ihnen eine individuell angefertigte Schiene anpassen kann.<\/p>\t\t\t\t\t\t\t\t<\/div>\n\t\t\t\t<\/div>\n\t\t\t\t<div class=\"elementor-element elementor-element-3fcdfd3 elementor-widget elementor-widget-global elementor-global-566 elementor-widget-button\" data-id=\"3fcdfd3\" data-element_type=\"widget\" data-e-type=\"widget\" data-widget_type=\"button.default\">\n\t\t\t\t<div class=\"elementor-widget-container\">\n\t\t\t\t\t\t\t\t\t<div class=\"elementor-button-wrapper\">\n\t\t\t\t\t<a class=\"elementor-button elementor-button-link elementor-size-sm\" href=\"https:\/\/staging.somnomed.com\/de\/contact\/\">\n\t\t\t\t\t\t<span class=\"elementor-button-content-wrapper\">\n\t\t\t\t\t\t\t\t\t<span class=\"elementor-button-text\">Finden Sie einen Zahnarzt in Ihrer N\u00e4he  <\/span>\n\t\t\t\t\t<\/span>\n\t\t\t\t\t<\/a>\n\t\t\t\t<\/div>\n\t\t\t\t\t\t\t\t<\/div>\n\t\t\t\t<\/div>\n\t\t\t\t\t<\/div>\n\t\t<\/div>\n\t\t\t\t\t<\/div>\n\t\t<\/section>\n\t\t\t\t\t<\/div>\n\t\t<\/div>\n\t\t\t\t\t<\/div>\n\t\t<\/section>\n\t\t\t\t<\/div>\n\t\t","protected":false},"excerpt":{"rendered":"<p>Schnarchen Wenn Sie schlafen, entspannen sich Muskeln und Weichteile im Rachen und k\u00f6nnen die Atemwege verengen. Wenn sich die Atemwege verengen und Sie dann versuchen einzuatmen, vibriert das Weichgewebe in Ihrem Hals und das Ger\u00e4usch, das dadurch entsteht, ist das Schnarchen. Schnarchen ist wahrscheinlicher, wenn Sie auf dem R\u00fccken und mit offenem Mund schlafen. Alles, &#8230;<\/p>\n","protected":false},"author":54,"featured_media":0,"parent":576,"menu_order":0,"comment_status":"closed","ping_status":"closed","template":"","meta":{"_acf_changed":false,"footnotes":""},"class_list":["post-379","page","type-page","status-publish","hentry"],"acf":[],"_links":{"self":[{"href":"https:\/\/staging.somnomed.com\/de\/wp-json\/wp\/v2\/pages\/379","targetHints":{"allow":["GET"]}}],"collection":[{"href":"https:\/\/staging.somnomed.com\/de\/wp-json\/wp\/v2\/pages"}],"about":[{"href":"https:\/\/staging.somnomed.com\/de\/wp-json\/wp\/v2\/types\/page"}],"author":[{"embeddable":true,"href":"https:\/\/staging.somnomed.com\/de\/wp-json\/wp\/v2\/users\/54"}],"replies":[{"embeddable":true,"href":"https:\/\/staging.somnomed.com\/de\/wp-json\/wp\/v2\/comments?post=379"}],"version-history":[{"count":3,"href":"https:\/\/staging.somnomed.com\/de\/wp-json\/wp\/v2\/pages\/379\/revisions"}],"predecessor-version":[{"id":15411,"href":"https:\/\/staging.somnomed.com\/de\/wp-json\/wp\/v2\/pages\/379\/revisions\/15411"}],"up":[{"embeddable":true,"href":"https:\/\/staging.somnomed.com\/de\/wp-json\/wp\/v2\/pages\/576"}],"wp:attachment":[{"href":"https:\/\/staging.somnomed.com\/de\/wp-json\/wp\/v2\/media?parent=379"}],"curies":[{"name":"wp","href":"https:\/\/api.w.org\/{rel}","templated":true}]}}