{"id":10839,"date":"2021-10-14T06:40:16","date_gmt":"2021-10-14T10:40:16","guid":{"rendered":"https:\/\/staging.somnomed.com\/dk\/?page_id=10839"},"modified":"2024-10-18T11:58:01","modified_gmt":"2024-10-18T09:58:01","slug":"sleep-apnoea-self-test","status":"publish","type":"page","link":"https:\/\/staging.somnomed.com\/dk\/sleep-apnoea-self-test\/","title":{"rendered":"Sleep apnoea self test"},"content":{"rendered":"\t\t<div data-elementor-type=\"wp-page\" data-elementor-id=\"10839\" class=\"elementor elementor-10839\" data-elementor-post-type=\"page\">\n\t\t\t\t\t\t<section data-particle_enable=\"false\" data-particle-mobile-disabled=\"false\" class=\"elementor-section elementor-top-section elementor-element elementor-element-6a708e6f elementor-section-height-min-height elementor-section-boxed elementor-section-height-default elementor-section-items-middle\" data-id=\"6a708e6f\" data-element_type=\"section\" data-e-type=\"section\" data-settings=\"{&quot;background_background&quot;:&quot;classic&quot;}\">\n\t\t\t\t\t\t\t<div class=\"elementor-background-overlay\"><\/div>\n\t\t\t\t\t\t\t<div class=\"elementor-container elementor-column-gap-default\">\n\t\t\t\t\t<div class=\"elementor-column elementor-col-100 elementor-top-column elementor-element elementor-element-27484c41\" data-id=\"27484c41\" data-element_type=\"column\" data-e-type=\"column\">\n\t\t\t<div class=\"elementor-widget-wrap elementor-element-populated\">\n\t\t\t\t\t\t<div class=\"elementor-element elementor-element-160d941b elementor-widget elementor-widget-heading\" data-id=\"160d941b\" data-element_type=\"widget\" data-e-type=\"widget\" data-widget_type=\"heading.default\">\n\t\t\t\t<div class=\"elementor-widget-container\">\n\t\t\t\t\t<h2 class=\"elementor-heading-title elementor-size-large\">S\u00f8vnapn\u00f8 selvtest<\/h2>\t\t\t\t<\/div>\n\t\t\t\t<\/div>\n\t\t\t\t<div class=\"elementor-element elementor-element-3539d802 elementor-widget-divider--view-line elementor-widget elementor-widget-divider\" data-id=\"3539d802\" data-element_type=\"widget\" data-e-type=\"widget\" data-widget_type=\"divider.default\">\n\t\t\t\t<div class=\"elementor-widget-container\">\n\t\t\t\t\t\t\t<div class=\"elementor-divider\">\n\t\t\t<span class=\"elementor-divider-separator\">\n\t\t\t\t\t\t<\/span>\n\t\t<\/div>\n\t\t\t\t\t\t<\/div>\n\t\t\t\t<\/div>\n\t\t\t\t<div class=\"elementor-element elementor-element-a355267 elementor-widget elementor-widget-heading\" data-id=\"a355267\" data-element_type=\"widget\" data-e-type=\"widget\" data-widget_type=\"heading.default\">\n\t\t\t\t<div class=\"elementor-widget-container\">\n\t\t\t\t\t<p class=\"elementor-heading-title elementor-size-medium\">Test din risiko for s\u00f8vnapn\u00f8<\/p>\t\t\t\t<\/div>\n\t\t\t\t<\/div>\n\t\t\t\t\t<\/div>\n\t\t<\/div>\n\t\t\t\t\t<\/div>\n\t\t<\/section>\n\t\t\t\t<section data-particle_enable=\"false\" data-particle-mobile-disabled=\"false\" class=\"elementor-section elementor-top-section elementor-element elementor-element-3cd9d12b elementor-section-boxed elementor-section-height-default elementor-section-height-default\" data-id=\"3cd9d12b\" data-element_type=\"section\" data-e-type=\"section\" data-settings=\"{&quot;background_background&quot;:&quot;none&quot;}\">\n\t\t\t\t\t\t<div class=\"elementor-container elementor-column-gap-default\">\n\t\t\t\t\t<div class=\"elementor-column elementor-col-100 elementor-top-column elementor-element elementor-element-21d71868\" data-id=\"21d71868\" data-element_type=\"column\" data-e-type=\"column\">\n\t\t\t<div class=\"elementor-widget-wrap elementor-element-populated\">\n\t\t\t\t\t\t<div class=\"elementor-element elementor-element-3b7552e2 elementor-widget elementor-widget-testimonial\" data-id=\"3b7552e2\" data-element_type=\"widget\" data-e-type=\"widget\" data-widget_type=\"testimonial.default\">\n\t\t\t\t<div class=\"elementor-widget-container\">\n\t\t\t\t\t\t\t<div class=\"elementor-testimonial-wrapper\">\n\t\t\t\t\t\t\t<div class=\"elementor-testimonial-content\">Holder din vejrtr\u00e6kning pause med forskellige intervaller i l\u00f8bet af natten?<\/div>\n\t\t\t\n\t\t\t\t\t<\/div>\n\t\t\t\t\t\t<\/div>\n\t\t\t\t<\/div>\n\t\t\t\t<div class=\"elementor-element elementor-element-3550c5a elementor-widget elementor-widget-text-editor\" data-id=\"3550c5a\" data-element_type=\"widget\" data-e-type=\"widget\" data-widget_type=\"text-editor.default\">\n\t\t\t\t<div class=\"elementor-widget-container\">\n\t\t\t\t\t\t\t\t\t<p class=\"tw-data-text tw-text-large tw-ta\" dir=\"ltr\" style=\"text-align: center;\" data-placeholder=\"\u00d6vers\u00e4ttning\" data-ved=\"2ahUKEwjQ0fbLwZeJAxUyQVUIHScCE3wQ3ewLegQIBxAU\" aria-label=\"\u00d6versatt text: Epworth Sleepiness Scale fort\u00e6ller dig hurtigt, om der kan v\u00e6re risiko for at f\u00e5 s\u00f8vnapn\u00f8.\"><span class=\"Y2IQFc\" lang=\"da\">Epworth Sleepiness Scale fort\u00e6ller dig hurtigt, om der kan v\u00e6re risiko for at f\u00e5 s\u00f8vnapn\u00f8.<\/span><\/p><p id=\"tw-target-text\" class=\"tw-data-text tw-text-large tw-ta\" dir=\"ltr\" style=\"text-align: center;\" data-placeholder=\"\u00d6vers\u00e4ttning\" data-ved=\"2ahUKEwjQ0fbLwZeJAxUyQVUIHScCE3wQ3ewLegQIBxAU\" aria-label=\"\u00d6versatt text: Epworth Sleepiness Scale fort\u00e6ller dig hurtigt, om der kan v\u00e6re risiko for at f\u00e5 s\u00f8vnapn\u00f8. Klik p\u00e5 linket for at komme til selvtesten\"><span class=\"Y2IQFc\" lang=\"da\">Klik p\u00e5 linket for at komme til selvtesten: <strong><a href=\"https:\/\/lungemedicin.dk\/wp-content\/uploads\/2021\/06\/Epworth-Sleepiness-Scale-Spoergeskema-DK-version-Akut-svaer-astma.pdf\">ESS Selvtesten<\/a><\/strong><\/span><\/p>\t\t\t\t\t\t\t\t<\/div>\n\t\t\t\t<\/div>\n\t\t\t\t\t<\/div>\n\t\t<\/div>\n\t\t\t\t\t<\/div>\n\t\t<\/section>\n\t\t\t\t<\/div>\n\t\t","protected":false},"excerpt":{"rendered":"<p>S\u00f8vnapn\u00f8 selvtest Test din risiko for s\u00f8vnapn\u00f8 Holder din vejrtr\u00e6kning pause med forskellige intervaller i l\u00f8bet af natten? Epworth Sleepiness Scale fort\u00e6ller dig hurtigt, om der kan v\u00e6re risiko for at f\u00e5 s\u00f8vnapn\u00f8. Klik p\u00e5 linket for at komme til selvtesten: ESS Selvtesten<\/p>\n","protected":false},"author":2,"featured_media":0,"parent":0,"menu_order":0,"comment_status":"closed","ping_status":"closed","template":"","meta":{"_acf_changed":false,"footnotes":""},"class_list":["post-10839","page","type-page","status-publish","hentry"],"acf":[],"_links":{"self":[{"href":"https:\/\/staging.somnomed.com\/dk\/wp-json\/wp\/v2\/pages\/10839","targetHints":{"allow":["GET"]}}],"collection":[{"href":"https:\/\/staging.somnomed.com\/dk\/wp-json\/wp\/v2\/pages"}],"about":[{"href":"https:\/\/staging.somnomed.com\/dk\/wp-json\/wp\/v2\/types\/page"}],"author":[{"embeddable":true,"href":"https:\/\/staging.somnomed.com\/dk\/wp-json\/wp\/v2\/users\/2"}],"replies":[{"embeddable":true,"href":"https:\/\/staging.somnomed.com\/dk\/wp-json\/wp\/v2\/comments?post=10839"}],"version-history":[{"count":3,"href":"https:\/\/staging.somnomed.com\/dk\/wp-json\/wp\/v2\/pages\/10839\/revisions"}],"predecessor-version":[{"id":14634,"href":"https:\/\/staging.somnomed.com\/dk\/wp-json\/wp\/v2\/pages\/10839\/revisions\/14634"}],"wp:attachment":[{"href":"https:\/\/staging.somnomed.com\/dk\/wp-json\/wp\/v2\/media?parent=10839"}],"curies":[{"name":"wp","href":"https:\/\/api.w.org\/{rel}","templated":true}]}}