{"id":1200,"date":"2021-06-15T21:50:32","date_gmt":"2021-06-16T01:50:32","guid":{"rendered":"http:\/\/somnomed.gsqtest1.com\/en\/?page_id=1200"},"modified":"2023-06-16T14:21:38","modified_gmt":"2023-06-16T11:21:38","slug":"effective-cpap-alternative","status":"publish","type":"page","link":"https:\/\/staging.somnomed.com\/fi\/physicians\/effective-cpap-alternative\/","title":{"rendered":"Tehokas vaihtoehto CPAP-laitteelle"},"content":{"rendered":"\t\t<div data-elementor-type=\"wp-post\" data-elementor-id=\"1200\" class=\"elementor elementor-1200\" data-elementor-post-type=\"page\">\n\t\t\t\t\t\t<section data-particle_enable=\"false\" data-particle-mobile-disabled=\"false\" class=\"elementor-section elementor-top-section elementor-element elementor-element-f01259a elementor-section-boxed elementor-section-height-default elementor-section-height-default\" data-id=\"f01259a\" data-element_type=\"section\" data-e-type=\"section\" data-settings=\"{&quot;background_background&quot;:&quot;classic&quot;}\">\n\t\t\t\t\t\t<div class=\"elementor-container elementor-column-gap-default\">\n\t\t\t\t\t<div class=\"elementor-column elementor-col-100 elementor-top-column elementor-element elementor-element-39a133a\" data-id=\"39a133a\" data-element_type=\"column\" data-e-type=\"column\">\n\t\t\t<div class=\"elementor-widget-wrap elementor-element-populated\">\n\t\t\t\t\t\t<div class=\"elementor-element elementor-element-cc32bf4 elementor-widget elementor-widget-spacer\" data-id=\"cc32bf4\" data-element_type=\"widget\" data-e-type=\"widget\" data-widget_type=\"spacer.default\">\n\t\t\t\t<div class=\"elementor-widget-container\">\n\t\t\t\t\t\t\t<div class=\"elementor-spacer\">\n\t\t\t<div class=\"elementor-spacer-inner\"><\/div>\n\t\t<\/div>\n\t\t\t\t\t\t<\/div>\n\t\t\t\t<\/div>\n\t\t\t\t\t<\/div>\n\t\t<\/div>\n\t\t\t\t\t<\/div>\n\t\t<\/section>\n\t\t\t\t<section data-particle_enable=\"false\" data-particle-mobile-disabled=\"false\" class=\"elementor-section elementor-top-section elementor-element elementor-element-5b6cb62 elementor-section-boxed elementor-section-height-default elementor-section-height-default\" data-id=\"5b6cb62\" data-element_type=\"section\" data-e-type=\"section\" data-settings=\"{&quot;background_background&quot;:&quot;classic&quot;}\">\n\t\t\t\t\t\t<div class=\"elementor-container elementor-column-gap-default\">\n\t\t\t\t\t<div class=\"elementor-column elementor-col-100 elementor-top-column elementor-element elementor-element-c807c6a\" data-id=\"c807c6a\" data-element_type=\"column\" data-e-type=\"column\">\n\t\t\t<div class=\"elementor-widget-wrap elementor-element-populated\">\n\t\t\t\t\t\t<div class=\"elementor-element elementor-element-6fb495f elementor-widget elementor-widget-heading\" data-id=\"6fb495f\" data-element_type=\"widget\" data-e-type=\"widget\" data-widget_type=\"heading.default\">\n\t\t\t\t<div class=\"elementor-widget-container\">\n\t\t\t\t\t<h2 class=\"elementor-heading-title elementor-size-default\">CPAP-laite vai uniapneakisko hoidoksi liev\u00e4\u00e4n obstruktiiviseen uniapneaan?<\/h2>\t\t\t\t<\/div>\n\t\t\t\t<\/div>\n\t\t\t\t\t<\/div>\n\t\t<\/div>\n\t\t\t\t\t<\/div>\n\t\t<\/section>\n\t\t\t\t<section data-particle_enable=\"false\" data-particle-mobile-disabled=\"false\" class=\"elementor-section elementor-top-section elementor-element elementor-element-675c71d elementor-section-boxed elementor-section-height-default elementor-section-height-default\" data-id=\"675c71d\" data-element_type=\"section\" data-e-type=\"section\" data-settings=\"{&quot;background_background&quot;:&quot;classic&quot;}\">\n\t\t\t\t\t\t<div class=\"elementor-container elementor-column-gap-default\">\n\t\t\t\t\t<div class=\"elementor-column elementor-col-100 elementor-top-column elementor-element elementor-element-7cd7e14\" data-id=\"7cd7e14\" data-element_type=\"column\" data-e-type=\"column\">\n\t\t\t<div class=\"elementor-widget-wrap elementor-element-populated\">\n\t\t\t\t\t\t<div class=\"elementor-element elementor-element-34fed88 elementor-widget elementor-widget-text-editor\" data-id=\"34fed88\" data-element_type=\"widget\" data-e-type=\"widget\" data-widget_type=\"text-editor.default\">\n\t\t\t\t<div class=\"elementor-widget-container\">\n\t\t\t\t\t\t\t\t\t<p>PubMed-haulla hakusanoilla OSA, CPAP tai oral appliances (uniapneakisko) l\u00f6ytyy satoja kliinisi\u00e4 tutkimusartikkeleita.<\/p><p>Alta l\u00f6yd\u00e4t otteita kliinisist\u00e4 tutkimusartikkeleista, joissa kerrotaan unil\u00e4\u00e4ketieteen ajankohtaisista aiheista mukaan lukien liev\u00e4n obstruktiivisen uniapnean hoito, liev\u00e4n obstruktiivisen uniapnean eteneminen sek\u00e4 uniapneakiskon ja CPAP-laitteen k\u00e4ytt\u00f6 liev\u00e4n obstruktiivisen uniapnean hoidossa.<\/p>\t\t\t\t\t\t\t\t<\/div>\n\t\t\t\t<\/div>\n\t\t\t\t\t<\/div>\n\t\t<\/div>\n\t\t\t\t\t<\/div>\n\t\t<\/section>\n\t\t\t\t<section data-particle_enable=\"false\" data-particle-mobile-disabled=\"false\" class=\"elementor-section elementor-top-section elementor-element elementor-element-f1c7a14 elementor-section-boxed elementor-section-height-default elementor-section-height-default\" data-id=\"f1c7a14\" data-element_type=\"section\" data-e-type=\"section\" data-settings=\"{&quot;background_background&quot;:&quot;classic&quot;}\">\n\t\t\t\t\t\t<div class=\"elementor-container elementor-column-gap-default\">\n\t\t\t\t\t<div class=\"elementor-column elementor-col-100 elementor-top-column elementor-element elementor-element-85b0965\" data-id=\"85b0965\" data-element_type=\"column\" data-e-type=\"column\">\n\t\t\t<div class=\"elementor-widget-wrap elementor-element-populated\">\n\t\t\t\t\t\t<div class=\"elementor-element elementor-element-bb1b584 elementor-widget elementor-widget-spacer\" data-id=\"bb1b584\" data-element_type=\"widget\" data-e-type=\"widget\" data-widget_type=\"spacer.default\">\n\t\t\t\t<div class=\"elementor-widget-container\">\n\t\t\t\t\t\t\t<div class=\"elementor-spacer\">\n\t\t\t<div class=\"elementor-spacer-inner\"><\/div>\n\t\t<\/div>\n\t\t\t\t\t\t<\/div>\n\t\t\t\t<\/div>\n\t\t\t\t\t<\/div>\n\t\t<\/div>\n\t\t\t\t\t<\/div>\n\t\t<\/section>\n\t\t\t\t<section data-particle_enable=\"false\" data-particle-mobile-disabled=\"false\" class=\"elementor-section elementor-top-section elementor-element elementor-element-ce0316f elementor-section-boxed elementor-section-height-default elementor-section-height-default\" data-id=\"ce0316f\" data-element_type=\"section\" data-e-type=\"section\">\n\t\t\t\t\t\t<div class=\"elementor-container elementor-column-gap-default\">\n\t\t\t\t\t<div class=\"elementor-column elementor-col-100 elementor-top-column elementor-element elementor-element-9ac4b8b\" data-id=\"9ac4b8b\" data-element_type=\"column\" data-e-type=\"column\">\n\t\t\t<div class=\"elementor-widget-wrap elementor-element-populated\">\n\t\t\t\t\t\t<div class=\"elementor-element elementor-element-1078428 elementor-widget elementor-widget-spacer\" data-id=\"1078428\" data-element_type=\"widget\" data-e-type=\"widget\" data-widget_type=\"spacer.default\">\n\t\t\t\t<div class=\"elementor-widget-container\">\n\t\t\t\t\t\t\t<div class=\"elementor-spacer\">\n\t\t\t<div class=\"elementor-spacer-inner\"><\/div>\n\t\t<\/div>\n\t\t\t\t\t\t<\/div>\n\t\t\t\t<\/div>\n\t\t\t\t\t<\/div>\n\t\t<\/div>\n\t\t\t\t\t<\/div>\n\t\t<\/section>\n\t\t\t\t<section data-particle_enable=\"false\" data-particle-mobile-disabled=\"false\" class=\"elementor-section elementor-top-section elementor-element elementor-element-4a9bdab elementor-section-boxed elementor-section-height-default elementor-section-height-default\" data-id=\"4a9bdab\" data-element_type=\"section\" data-e-type=\"section\" data-settings=\"{&quot;background_background&quot;:&quot;classic&quot;}\">\n\t\t\t\t\t\t<div class=\"elementor-container elementor-column-gap-default\">\n\t\t\t\t\t<div class=\"elementor-column elementor-col-100 elementor-top-column elementor-element elementor-element-c645c0a\" data-id=\"c645c0a\" data-element_type=\"column\" data-e-type=\"column\">\n\t\t\t<div class=\"elementor-widget-wrap elementor-element-populated\">\n\t\t\t\t\t\t<div class=\"elementor-element elementor-element-5b96670 elementor-widget elementor-widget-heading\" data-id=\"5b96670\" data-element_type=\"widget\" data-e-type=\"widget\" data-widget_type=\"heading.default\">\n\t\t\t\t<div class=\"elementor-widget-container\">\n\t\t\t\t\t<h1 class=\"elementor-heading-title elementor-size-default\">Pit\u00e4isik\u00f6 liev\u00e4\u00e4 obstruktiivista uniapneaa edes hoitaa?<\/h1>\t\t\t\t<\/div>\n\t\t\t\t<\/div>\n\t\t\t\t<div class=\"elementor-element elementor-element-82c0456 elementor-widget elementor-widget-image\" data-id=\"82c0456\" data-element_type=\"widget\" data-e-type=\"widget\" data-widget_type=\"image.default\">\n\t\t\t\t<div class=\"elementor-widget-container\">\n\t\t\t\t\t\t\t\t\t\t\t\t\t\t\t<img fetchpriority=\"high\" decoding=\"async\" width=\"996\" height=\"482\" src=\"https:\/\/staging.somnomed.com\/fi\/wp-content\/uploads\/sites\/18\/2021\/06\/Group-3040.jpg\" class=\"attachment-1536x1536 size-1536x1536 wp-image-1206\" alt=\"\" srcset=\"https:\/\/staging.somnomed.com\/fi\/wp-content\/uploads\/sites\/18\/2021\/06\/Group-3040.jpg 996w, https:\/\/staging.somnomed.com\/fi\/wp-content\/uploads\/sites\/18\/2021\/06\/Group-3040-300x145.jpg 300w, https:\/\/staging.somnomed.com\/fi\/wp-content\/uploads\/sites\/18\/2021\/06\/Group-3040-768x372.jpg 768w\" sizes=\"(max-width: 996px) 100vw, 996px\" \/>\t\t\t\t\t\t\t\t\t\t\t\t\t\t\t<\/div>\n\t\t\t\t<\/div>\n\t\t\t\t<div class=\"elementor-element elementor-element-5952085 elementor-widget elementor-widget-spacer\" data-id=\"5952085\" data-element_type=\"widget\" data-e-type=\"widget\" data-widget_type=\"spacer.default\">\n\t\t\t\t<div class=\"elementor-widget-container\">\n\t\t\t\t\t\t\t<div class=\"elementor-spacer\">\n\t\t\t<div class=\"elementor-spacer-inner\"><\/div>\n\t\t<\/div>\n\t\t\t\t\t\t<\/div>\n\t\t\t\t<\/div>\n\t\t\t\t<div class=\"elementor-element elementor-element-f7ed6f3 elementor-widget elementor-widget-text-editor\" data-id=\"f7ed6f3\" data-element_type=\"widget\" data-e-type=\"widget\" data-widget_type=\"text-editor.default\">\n\t\t\t\t<div class=\"elementor-widget-container\">\n\t\t\t\t\t\t\t\t\t<p>T\u00e4ss\u00e4 tuoreessa artikkelissa selvitet\u00e4\u00e4n liev\u00e4st\u00e4 obstruktiivisesta uniapneasta k\u00e4rsivien potilaiden henkiinj\u00e4\u00e4mist\u00e4 20 vuotta apnean diagnosoimisen j\u00e4lkeen.<br \/><br \/>Vakavasta obstruktiivisesta uniapneasta k\u00e4rsivist\u00e4 potilaista hengiss\u00e4 pysyi pienempi osa (25 % 20 vuoden kohdalla), mutta niist\u00e4kin potilaista, joilla oli liev\u00e4 obstruktiivinen uniapnea, pysyi hengiss\u00e4 20 vuotta vain 50 %.<\/p><p>Liev\u00e4\u00e4 ja keskivaikeaa apneaa sairastavien potilaiden henkiinj\u00e4\u00e4misk\u00e4yr\u00e4t ovat l\u00e4hes identtiset \u2013\u00a0miksei liev\u00e4\u00e4 obstruktiivista apneaa siis kannattaisi hoitaa, kun keskivaikeaakin hoidetaan?<\/p>\t\t\t\t\t\t\t\t<\/div>\n\t\t\t\t<\/div>\n\t\t\t\t\t<\/div>\n\t\t<\/div>\n\t\t\t\t\t<\/div>\n\t\t<\/section>\n\t\t\t\t<section data-particle_enable=\"false\" data-particle-mobile-disabled=\"false\" class=\"elementor-section elementor-top-section elementor-element elementor-element-7e18067 elementor-section-boxed elementor-section-height-default elementor-section-height-default\" data-id=\"7e18067\" data-element_type=\"section\" data-e-type=\"section\">\n\t\t\t\t\t\t<div class=\"elementor-container elementor-column-gap-default\">\n\t\t\t\t\t<div class=\"elementor-column elementor-col-100 elementor-top-column elementor-element elementor-element-6ed3d2f\" data-id=\"6ed3d2f\" data-element_type=\"column\" data-e-type=\"column\">\n\t\t\t<div class=\"elementor-widget-wrap\">\n\t\t\t\t\t\t\t<\/div>\n\t\t<\/div>\n\t\t\t\t\t<\/div>\n\t\t<\/section>\n\t\t\t\t<section data-particle_enable=\"false\" data-particle-mobile-disabled=\"false\" class=\"elementor-section elementor-top-section elementor-element elementor-element-544f92ff elementor-section-content-middle elementor-reverse-mobile elementor-section-boxed elementor-section-height-default elementor-section-height-default\" data-id=\"544f92ff\" data-element_type=\"section\" data-e-type=\"section\" data-settings=\"{&quot;background_background&quot;:&quot;classic&quot;}\">\n\t\t\t\t\t\t<div class=\"elementor-container elementor-column-gap-default\">\n\t\t\t\t\t<div class=\"elementor-column elementor-col-50 elementor-top-column elementor-element elementor-element-481cc130\" data-id=\"481cc130\" data-element_type=\"column\" data-e-type=\"column\">\n\t\t\t<div class=\"elementor-widget-wrap elementor-element-populated\">\n\t\t\t\t\t\t<section data-particle_enable=\"false\" data-particle-mobile-disabled=\"false\" class=\"elementor-section elementor-inner-section elementor-element elementor-element-40f08ff5 elementor-section-full_width elementor-section-height-default elementor-section-height-default\" data-id=\"40f08ff5\" data-element_type=\"section\" data-e-type=\"section\">\n\t\t\t\t\t\t<div class=\"elementor-container elementor-column-gap-no\">\n\t\t\t\t\t<div class=\"elementor-column elementor-col-100 elementor-inner-column elementor-element elementor-element-1eb11b41\" data-id=\"1eb11b41\" data-element_type=\"column\" data-e-type=\"column\">\n\t\t\t<div class=\"elementor-widget-wrap elementor-element-populated\">\n\t\t\t\t\t\t<div class=\"elementor-element elementor-element-36ba53ee elementor-widget elementor-widget-heading\" data-id=\"36ba53ee\" data-element_type=\"widget\" data-e-type=\"widget\" data-widget_type=\"heading.default\">\n\t\t\t\t<div class=\"elementor-widget-container\">\n\t\t\t\t\t<h2 class=\"elementor-heading-title elementor-size-default\">Paheneeko uniapnea ajan mittaan?<\/h2>\t\t\t\t<\/div>\n\t\t\t\t<\/div>\n\t\t\t\t<div class=\"elementor-element elementor-element-47ed8885 elementor-widget elementor-widget-text-editor\" data-id=\"47ed8885\" data-element_type=\"widget\" data-e-type=\"widget\" data-widget_type=\"text-editor.default\">\n\t\t\t\t<div class=\"elementor-widget-container\">\n\t\t\t\t\t\t\t\t\t<p>T\u00e4ss\u00e4 tutkimuksessa seurattiin 160:ta potilasta viiden vuoden ajan:<\/p><p>\u2022 Primaarikuorsaajilla, joiden AHI oli alle 5, AHI kasvoi viidess\u00e4 vuodessa 1,8\u201313,4.<br \/>\u2022 Liev\u00e4st\u00e4 obstruktiivisesta apneasta k\u00e4rsivill\u00e4 potilailla, joiden AHI oli 5\u201315, AHI kasvoi viidess\u00e4 vuodessa 9,1\u201321,7.<\/p><p>Liev\u00e4st\u00e4 obstruktiivisesta uniapneasta k\u00e4rsivien potilaiden tauti eteni t\u00e4m\u00e4n ajanjakson aikana keskivaikeaksi, mik\u00e4 osoittaa, ett\u00e4 liev\u00e4n obstruktiivisen uniapnean hoito on t\u00e4rke\u00e4\u00e4.<\/p>\t\t\t\t\t\t\t\t<\/div>\n\t\t\t\t<\/div>\n\t\t\t\t\t<\/div>\n\t\t<\/div>\n\t\t\t\t\t<\/div>\n\t\t<\/section>\n\t\t\t\t\t<\/div>\n\t\t<\/div>\n\t\t\t\t<div class=\"elementor-column elementor-col-50 elementor-top-column elementor-element elementor-element-4ac0f501\" data-id=\"4ac0f501\" data-element_type=\"column\" data-e-type=\"column\">\n\t\t\t<div class=\"elementor-widget-wrap elementor-element-populated\">\n\t\t\t\t\t\t<div class=\"elementor-element elementor-element-5fa8c6de elementor-widget elementor-widget-image\" data-id=\"5fa8c6de\" data-element_type=\"widget\" data-e-type=\"widget\" data-widget_type=\"image.default\">\n\t\t\t\t<div class=\"elementor-widget-container\">\n\t\t\t\t\t\t\t\t\t\t\t\t\t\t\t<img decoding=\"async\" width=\"864\" height=\"475\" src=\"https:\/\/staging.somnomed.com\/fi\/wp-content\/uploads\/sites\/18\/2021\/06\/Group-3085.jpg\" class=\"attachment-full size-full wp-image-1207\" alt=\"\" srcset=\"https:\/\/staging.somnomed.com\/fi\/wp-content\/uploads\/sites\/18\/2021\/06\/Group-3085.jpg 864w, https:\/\/staging.somnomed.com\/fi\/wp-content\/uploads\/sites\/18\/2021\/06\/Group-3085-300x165.jpg 300w, https:\/\/staging.somnomed.com\/fi\/wp-content\/uploads\/sites\/18\/2021\/06\/Group-3085-768x422.jpg 768w\" sizes=\"(max-width: 864px) 100vw, 864px\" \/>\t\t\t\t\t\t\t\t\t\t\t\t\t\t\t<\/div>\n\t\t\t\t<\/div>\n\t\t\t\t\t<\/div>\n\t\t<\/div>\n\t\t\t\t\t<\/div>\n\t\t<\/section>\n\t\t\t\t<section data-particle_enable=\"false\" data-particle-mobile-disabled=\"false\" class=\"elementor-section elementor-top-section elementor-element elementor-element-5c574a elementor-section-content-middle elementor-section-boxed elementor-section-height-default elementor-section-height-default\" data-id=\"5c574a\" data-element_type=\"section\" data-e-type=\"section\" data-settings=\"{&quot;background_background&quot;:&quot;classic&quot;}\">\n\t\t\t\t\t\t\t<div class=\"elementor-background-overlay\"><\/div>\n\t\t\t\t\t\t\t<div class=\"elementor-container elementor-column-gap-no\">\n\t\t\t\t\t<div class=\"elementor-column elementor-col-100 elementor-top-column elementor-element elementor-element-6f974ebc\" data-id=\"6f974ebc\" data-element_type=\"column\" data-e-type=\"column\">\n\t\t\t<div class=\"elementor-widget-wrap elementor-element-populated\">\n\t\t\t\t\t\t<div class=\"elementor-element elementor-element-7a0c01c1 elementor-widget elementor-widget-heading\" data-id=\"7a0c01c1\" data-element_type=\"widget\" data-e-type=\"widget\" data-widget_type=\"heading.default\">\n\t\t\t\t<div class=\"elementor-widget-container\">\n\t\t\t\t\t<h4 class=\"elementor-heading-title elementor-size-default\">Hoidon noudattamisen merkitys CPAP-hoitoa saavilla, liev\u00e4st\u00e4 obstruktiivisesta uniapneasta k\u00e4rsivill\u00e4 potilailla<\/h4>\t\t\t\t<\/div>\n\t\t\t\t<\/div>\n\t\t\t\t<div class=\"elementor-element elementor-element-5e67b844 elementor-widget elementor-widget-heading\" data-id=\"5e67b844\" data-element_type=\"widget\" data-e-type=\"widget\" data-widget_type=\"heading.default\">\n\t\t\t\t<div class=\"elementor-widget-container\">\n\t\t\t\t\t<h5 class=\"elementor-heading-title elementor-size-default\">Vuonna 2014 tehty meta-analyysi, jonka l\u00e4hteen\u00e4 olleiden 12 tutkimuksen yhteenlaskettu potilasm\u00e4\u00e4r\u00e4 oli 1438, osoitti, ett\u00e4 liev\u00e4st\u00e4 obstruktiivisesta apneasta k\u00e4rsiv\u00e4t CPAP-hoitoa saavat potilaat noudattavat huonommin heille m\u00e4\u00e4r\u00e4tty\u00e4 hoitoa.<\/h5>\t\t\t\t<\/div>\n\t\t\t\t<\/div>\n\t\t\t\t<section data-particle_enable=\"false\" data-particle-mobile-disabled=\"false\" class=\"elementor-section elementor-inner-section elementor-element elementor-element-441e44c6 elementor-section-boxed elementor-section-height-default elementor-section-height-default\" data-id=\"441e44c6\" data-element_type=\"section\" data-e-type=\"section\">\n\t\t\t\t\t\t<div class=\"elementor-container elementor-column-gap-no\">\n\t\t\t\t\t<div class=\"elementor-column elementor-col-50 elementor-inner-column elementor-element elementor-element-3d3bc34e\" data-id=\"3d3bc34e\" data-element_type=\"column\" data-e-type=\"column\">\n\t\t\t<div class=\"elementor-widget-wrap elementor-element-populated\">\n\t\t\t\t\t\t<div class=\"elementor-element elementor-element-5054ea13 elementor-view-default elementor-widget elementor-widget-icon\" data-id=\"5054ea13\" data-element_type=\"widget\" data-e-type=\"widget\" data-widget_type=\"icon.default\">\n\t\t\t\t<div class=\"elementor-widget-container\">\n\t\t\t\t\t\t\t<div class=\"elementor-icon-wrapper\">\n\t\t\t<div class=\"elementor-icon elementor-animation-grow\">\n\t\t\t<i aria-hidden=\"true\" class=\"fas fa-quote-left\"><\/i>\t\t\t<\/div>\n\t\t<\/div>\n\t\t\t\t\t\t<\/div>\n\t\t\t\t<\/div>\n\t\t\t\t<div class=\"elementor-element elementor-element-4dc5d7b6 elementor-widget elementor-widget-testimonial\" data-id=\"4dc5d7b6\" data-element_type=\"widget\" data-e-type=\"widget\" data-widget_type=\"testimonial.default\">\n\t\t\t\t<div class=\"elementor-widget-container\">\n\t\t\t\t\t\t\t<div class=\"elementor-testimonial-wrapper\">\n\t\t\t\t\t\t\t<div class=\"elementor-testimonial-content\">Tuloksemme viittaavat siihen, ett\u00e4 suussa pidett\u00e4vi\u00e4 hoitolaitteita tulisi pit\u00e4\u00e4 ensisijaisena hoitona potilailla, joilla on oireellinen liev\u00e4 tai keskivaikea obstruktiivinen uniapnea, koska useimmat potilaat pit\u00e4v\u00e4t t\u00e4t\u00e4 hoitomuotoa parempana kuin CPAP-hoitoa, ja molempien hoitojen teho on osoitettu.<\/div>\n\t\t\t\n\t\t\t\t\t\t<div class=\"elementor-testimonial-meta\">\n\t\t\t\t<div class=\"elementor-testimonial-meta-inner\">\n\t\t\t\t\t\n\t\t\t\t\t\t\t\t\t\t<div class=\"elementor-testimonial-details\">\n\t\t\t\t\t\t\t\t\t\t\t\t\t\t\t\t\t\t\t\t<div class=\"elementor-testimonial-job\">L\u00e4hde: Ferguson et.al \u201cA short-term controlled trial of an adjustable oral appliance for the treatment of mild to moderate OSA\u201d Thorax 1997; 52;362-368<\/div>\n\t\t\t\t\t\t\t\t\t\t\t\t\t<\/div>\n\t\t\t\t\t\t\t\t\t<\/div>\n\t\t\t<\/div>\n\t\t\t\t\t<\/div>\n\t\t\t\t\t\t<\/div>\n\t\t\t\t<\/div>\n\t\t\t\t\t<\/div>\n\t\t<\/div>\n\t\t\t\t<div class=\"elementor-column elementor-col-50 elementor-inner-column elementor-element elementor-element-65e7844f\" data-id=\"65e7844f\" data-element_type=\"column\" data-e-type=\"column\">\n\t\t\t<div class=\"elementor-widget-wrap elementor-element-populated\">\n\t\t\t\t\t\t<div class=\"elementor-element elementor-element-4d0ee2c5 elementor-view-default elementor-widget elementor-widget-icon\" data-id=\"4d0ee2c5\" data-element_type=\"widget\" data-e-type=\"widget\" data-widget_type=\"icon.default\">\n\t\t\t\t<div class=\"elementor-widget-container\">\n\t\t\t\t\t\t\t<div class=\"elementor-icon-wrapper\">\n\t\t\t<div class=\"elementor-icon elementor-animation-grow\">\n\t\t\t<i aria-hidden=\"true\" class=\"fas fa-quote-left\"><\/i>\t\t\t<\/div>\n\t\t<\/div>\n\t\t\t\t\t\t<\/div>\n\t\t\t\t<\/div>\n\t\t\t\t<div class=\"elementor-element elementor-element-1a5cea9e elementor-widget elementor-widget-testimonial\" data-id=\"1a5cea9e\" data-element_type=\"widget\" data-e-type=\"widget\" data-widget_type=\"testimonial.default\">\n\t\t\t\t<div class=\"elementor-widget-container\">\n\t\t\t\t\t\t\t<div class=\"elementor-testimonial-wrapper\">\n\t\t\t\t\t\t\t<div class=\"elementor-testimonial-content\">Yhteenvetona voidaan todeta, ett\u00e4 AHI-tulos n\u00e4ytt\u00e4\u00e4 ennustavan sit\u00e4, miten hyvin PAP-hoitoa noudatetaan. Potilaat, joilla on liev\u00e4 obstruktiivinen apnea j\u00e4tt\u00e4v\u00e4t todenn\u00e4k\u00f6isemmin noudattamatta hoitoa.<\/div>\n\t\t\t\n\t\t\t\t\t\t<div class=\"elementor-testimonial-meta\">\n\t\t\t\t<div class=\"elementor-testimonial-meta-inner\">\n\t\t\t\t\t\n\t\t\t\t\t\t\t\t\t\t<div class=\"elementor-testimonial-details\">\n\t\t\t\t\t\t\t\t\t\t\t\t\t\t\t\t\t\t\t\t<div class=\"elementor-testimonial-job\">L\u00e4hde: American Journal of Therapeutics 21, 260-264 (2014)<\/div>\n\t\t\t\t\t\t\t\t\t\t\t\t\t<\/div>\n\t\t\t\t\t\t\t\t\t<\/div>\n\t\t\t<\/div>\n\t\t\t\t\t<\/div>\n\t\t\t\t\t\t<\/div>\n\t\t\t\t<\/div>\n\t\t\t\t\t<\/div>\n\t\t<\/div>\n\t\t\t\t\t<\/div>\n\t\t<\/section>\n\t\t\t\t\t<\/div>\n\t\t<\/div>\n\t\t\t\t\t<\/div>\n\t\t<\/section>\n\t\t\t\t<section data-particle_enable=\"false\" data-particle-mobile-disabled=\"false\" class=\"elementor-section elementor-top-section elementor-element elementor-element-25a7c4e elementor-section-boxed elementor-section-height-default elementor-section-height-default\" data-id=\"25a7c4e\" data-element_type=\"section\" data-e-type=\"section\">\n\t\t\t\t\t\t<div class=\"elementor-container elementor-column-gap-default\">\n\t\t\t\t\t<div class=\"elementor-column elementor-col-100 elementor-top-column elementor-element elementor-element-76cda94\" data-id=\"76cda94\" data-element_type=\"column\" data-e-type=\"column\">\n\t\t\t<div class=\"elementor-widget-wrap elementor-element-populated\">\n\t\t\t\t\t\t<div class=\"elementor-element elementor-element-c89c90b elementor-widget elementor-widget-spacer\" data-id=\"c89c90b\" data-element_type=\"widget\" data-e-type=\"widget\" data-widget_type=\"spacer.default\">\n\t\t\t\t<div class=\"elementor-widget-container\">\n\t\t\t\t\t\t\t<div class=\"elementor-spacer\">\n\t\t\t<div class=\"elementor-spacer-inner\"><\/div>\n\t\t<\/div>\n\t\t\t\t\t\t<\/div>\n\t\t\t\t<\/div>\n\t\t\t\t\t<\/div>\n\t\t<\/div>\n\t\t\t\t\t<\/div>\n\t\t<\/section>\n\t\t\t\t<\/div>\n\t\t","protected":false},"excerpt":{"rendered":"<p>CPAP-laite vai uniapneakisko hoidoksi liev\u00e4\u00e4n obstruktiiviseen uniapneaan? PubMed-haulla hakusanoilla OSA, CPAP tai oral appliances (uniapneakisko) l\u00f6ytyy satoja kliinisi\u00e4 tutkimusartikkeleita. Alta l\u00f6yd\u00e4t otteita kliinisist\u00e4 tutkimusartikkeleista, joissa kerrotaan unil\u00e4\u00e4ketieteen ajankohtaisista aiheista mukaan lukien liev\u00e4n obstruktiivisen uniapnean hoito, liev\u00e4n obstruktiivisen uniapnean eteneminen sek\u00e4 uniapneakiskon ja CPAP-laitteen k\u00e4ytt\u00f6 liev\u00e4n obstruktiivisen uniapnean hoidossa. Pit\u00e4isik\u00f6 liev\u00e4\u00e4 obstruktiivista uniapneaa edes hoitaa? T\u00e4ss\u00e4 &#8230;<\/p>\n","protected":false},"author":42,"featured_media":0,"parent":1047,"menu_order":0,"comment_status":"closed","ping_status":"closed","template":"","meta":{"_acf_changed":false,"footnotes":""},"class_list":["post-1200","page","type-page","status-publish","hentry"],"acf":[],"_links":{"self":[{"href":"https:\/\/staging.somnomed.com\/fi\/wp-json\/wp\/v2\/pages\/1200","targetHints":{"allow":["GET"]}}],"collection":[{"href":"https:\/\/staging.somnomed.com\/fi\/wp-json\/wp\/v2\/pages"}],"about":[{"href":"https:\/\/staging.somnomed.com\/fi\/wp-json\/wp\/v2\/types\/page"}],"author":[{"embeddable":true,"href":"https:\/\/staging.somnomed.com\/fi\/wp-json\/wp\/v2\/users\/42"}],"replies":[{"embeddable":true,"href":"https:\/\/staging.somnomed.com\/fi\/wp-json\/wp\/v2\/comments?post=1200"}],"version-history":[{"count":3,"href":"https:\/\/staging.somnomed.com\/fi\/wp-json\/wp\/v2\/pages\/1200\/revisions"}],"predecessor-version":[{"id":14904,"href":"https:\/\/staging.somnomed.com\/fi\/wp-json\/wp\/v2\/pages\/1200\/revisions\/14904"}],"up":[{"embeddable":true,"href":"https:\/\/staging.somnomed.com\/fi\/wp-json\/wp\/v2\/pages\/1047"}],"wp:attachment":[{"href":"https:\/\/staging.somnomed.com\/fi\/wp-json\/wp\/v2\/media?parent=1200"}],"curies":[{"name":"wp","href":"https:\/\/api.w.org\/{rel}","templated":true}]}}