{"id":1315,"date":"2021-06-15T23:03:46","date_gmt":"2021-06-16T03:03:46","guid":{"rendered":"http:\/\/somnomed.gsqtest1.com\/en\/?page_id=1315"},"modified":"2023-06-16T14:10:41","modified_gmt":"2023-06-16T11:10:41","slug":"clinical","status":"publish","type":"page","link":"https:\/\/staging.somnomed.com\/fi\/dentists\/clinical\/","title":{"rendered":"Kliiniset tutkimukset"},"content":{"rendered":"\t\t<div data-elementor-type=\"wp-page\" data-elementor-id=\"1315\" class=\"elementor elementor-1315\" data-elementor-post-type=\"page\">\n\t\t\t\t\t\t<section data-particle_enable=\"false\" data-particle-mobile-disabled=\"false\" class=\"elementor-section elementor-top-section elementor-element elementor-element-4cc98bc0 elementor-section-content-top elementor-section-full_width elementor-reverse-mobile elementor-section-height-default elementor-section-height-default\" data-id=\"4cc98bc0\" data-element_type=\"section\" data-e-type=\"section\">\n\t\t\t\t\t\t<div class=\"elementor-container elementor-column-gap-default\">\n\t\t\t\t\t<div class=\"elementor-column elementor-col-50 elementor-top-column elementor-element elementor-element-a252b3c padding-col--left\" data-id=\"a252b3c\" data-element_type=\"column\" data-e-type=\"column\">\n\t\t\t<div class=\"elementor-widget-wrap elementor-element-populated\">\n\t\t\t\t\t\t<section data-particle_enable=\"false\" data-particle-mobile-disabled=\"false\" class=\"elementor-section elementor-inner-section elementor-element elementor-element-60389a66 elementor-section-full_width elementor-section-height-default elementor-section-height-default\" data-id=\"60389a66\" data-element_type=\"section\" data-e-type=\"section\">\n\t\t\t\t\t\t<div class=\"elementor-container elementor-column-gap-no\">\n\t\t\t\t\t<div class=\"elementor-column elementor-col-100 elementor-inner-column elementor-element elementor-element-2407d114\" data-id=\"2407d114\" data-element_type=\"column\" data-e-type=\"column\">\n\t\t\t<div class=\"elementor-widget-wrap elementor-element-populated\">\n\t\t\t\t\t\t<div class=\"elementor-element elementor-element-6f5cc42d elementor-widget elementor-widget-heading\" data-id=\"6f5cc42d\" data-element_type=\"widget\" data-e-type=\"widget\" data-widget_type=\"heading.default\">\n\t\t\t\t<div class=\"elementor-widget-container\">\n\t\t\t\t\t<h3 class=\"elementor-heading-title elementor-size-default\">Hammasl\u00e4\u00e4ketieteelliseen unil\u00e4\u00e4ketieteeseen tutustuminen<\/h3>\t\t\t\t<\/div>\n\t\t\t\t<\/div>\n\t\t\t\t<div class=\"elementor-element elementor-element-45e291f9 elementor-widget elementor-widget-text-editor\" data-id=\"45e291f9\" data-element_type=\"widget\" data-e-type=\"widget\" data-widget_type=\"text-editor.default\">\n\t\t\t\t<div class=\"elementor-widget-container\">\n\t\t\t\t\t\t\t\t\t<p>Hammasl\u00e4\u00e4ketieteellinen unil\u00e4\u00e4ketiede on hammasl\u00e4\u00e4ketieteellisen praktiikan osa-alue, jossa keskityt\u00e4\u00e4n oraalilaitteiden k\u00e4ytt\u00f6\u00f6n ja pyrit\u00e4\u00e4n hoitamaan unen aikaisia hengitysh\u00e4iri\u00f6it\u00e4, kuten kuorsausta ja obstruktiivista uniapneaa (OSA). Hammasl\u00e4\u00e4k\u00e4rit tekev\u00e4t yhteisty\u00f6t\u00e4 unil\u00e4\u00e4ketieteen ammattilaisten kanssa tunnistaakseen tehokkaimman hoidon kullekin potilaalle.<\/p>\t\t\t\t\t\t\t\t<\/div>\n\t\t\t\t<\/div>\n\t\t\t\t\t<\/div>\n\t\t<\/div>\n\t\t\t\t\t<\/div>\n\t\t<\/section>\n\t\t\t\t<div class=\"elementor-element elementor-element-93cce04 elementor-widget elementor-widget-text-editor\" data-id=\"93cce04\" data-element_type=\"widget\" data-e-type=\"widget\" data-widget_type=\"text-editor.default\">\n\t\t\t\t<div class=\"elementor-widget-container\">\n\t\t\t\t\t\t\t\t\t<p><br \/>Me SomnoMedill\u00e4<sup>\u00ae<\/sup> uskomme vahvasti, ett\u00e4 hammasl\u00e4\u00e4k\u00e4rit voivat parantaa potilaiden el\u00e4m\u00e4\u00e4 huomattavasti hoitamalla OSA:ta ja parantamalla unen laatua tarjoamalla tehokkaita oraalilaitteita.<\/p><p>Lue lis\u00e4\u00e4 tavoista, joilla SomnoMed<sup>\u00ae<\/sup> tukee unihammasl\u00e4\u00e4ketiedett\u00e4 SomnoMed<sup>\u00ae<\/sup> Academy -koulutusohjelman kautta napsauttamalla alta.<\/p>\t\t\t\t\t\t\t\t<\/div>\n\t\t\t\t<\/div>\n\t\t\t\t<div class=\"elementor-element elementor-element-c31201e elementor-widget elementor-widget-button\" data-id=\"c31201e\" data-element_type=\"widget\" data-e-type=\"widget\" data-widget_type=\"button.default\">\n\t\t\t\t<div class=\"elementor-widget-container\">\n\t\t\t\t\t\t\t\t\t<div class=\"elementor-button-wrapper\">\n\t\t\t\t\t<a class=\"elementor-button elementor-button-link elementor-size-sm\" href=\"https:\/\/www.somnomedacademy.com.au\/\" target=\"_blank\">\n\t\t\t\t\t\t<span class=\"elementor-button-content-wrapper\">\n\t\t\t\t\t\t\t\t\t<span class=\"elementor-button-text\">Napsauta t\u00e4st\u00e4<\/span>\n\t\t\t\t\t<\/span>\n\t\t\t\t\t<\/a>\n\t\t\t\t<\/div>\n\t\t\t\t\t\t\t\t<\/div>\n\t\t\t\t<\/div>\n\t\t\t\t\t<\/div>\n\t\t<\/div>\n\t\t\t\t<div class=\"elementor-column elementor-col-50 elementor-top-column elementor-element elementor-element-4e1bf333\" data-id=\"4e1bf333\" data-element_type=\"column\" data-e-type=\"column\">\n\t\t\t<div class=\"elementor-widget-wrap elementor-element-populated\">\n\t\t\t\t\t\t<div class=\"elementor-element elementor-element-3146b632 elementor-widget elementor-widget-image\" data-id=\"3146b632\" data-element_type=\"widget\" data-e-type=\"widget\" data-widget_type=\"image.default\">\n\t\t\t\t<div class=\"elementor-widget-container\">\n\t\t\t\t\t\t\t\t\t\t\t\t\t\t\t<img decoding=\"async\" src=\"https:\/\/staging.somnomed.com\/fi\/wp-content\/uploads\/sites\/18\/elementor\/thumbs\/sample-pfsi5ud8rq8c4wpdnd653w0qa1l6nftbegg7pxd9jk.jpg\" title=\"sample\" alt=\"sample\" loading=\"lazy\" \/>\t\t\t\t\t\t\t\t\t\t\t\t\t\t\t<\/div>\n\t\t\t\t<\/div>\n\t\t\t\t\t<\/div>\n\t\t<\/div>\n\t\t\t\t\t<\/div>\n\t\t<\/section>\n\t\t\t\t<section data-particle_enable=\"false\" data-particle-mobile-disabled=\"false\" class=\"elementor-section elementor-top-section elementor-element elementor-element-9fd6d39 elementor-section-content-middle elementor-section-boxed elementor-section-height-default elementor-section-height-default\" data-id=\"9fd6d39\" data-element_type=\"section\" data-e-type=\"section\" data-settings=\"{&quot;background_background&quot;:&quot;classic&quot;}\">\n\t\t\t\t\t\t<div class=\"elementor-container elementor-column-gap-default\">\n\t\t\t\t\t<div class=\"elementor-column elementor-col-50 elementor-top-column elementor-element elementor-element-146748f\" data-id=\"146748f\" data-element_type=\"column\" data-e-type=\"column\">\n\t\t\t<div class=\"elementor-widget-wrap elementor-element-populated\">\n\t\t\t\t\t\t<div class=\"elementor-element elementor-element-93cc063 elementor-widget elementor-widget-image\" data-id=\"93cc063\" data-element_type=\"widget\" data-e-type=\"widget\" data-widget_type=\"image.default\">\n\t\t\t\t<div class=\"elementor-widget-container\">\n\t\t\t\t\t\t\t\t\t\t\t\t\t\t\t<img decoding=\"async\" src=\"https:\/\/staging.somnomed.com\/fi\/wp-content\/uploads\/sites\/18\/elementor\/thumbs\/Depositphotos_219035320_ds-pfsi5ud545xf8l26m50ylhzos6fy0wh4nprls5chfk.jpg\" title=\"Depositphotos_219035320_ds\" alt=\"Depositphotos_219035320_ds\" loading=\"lazy\" \/>\t\t\t\t\t\t\t\t\t\t\t\t\t\t\t<\/div>\n\t\t\t\t<\/div>\n\t\t\t\t\t<\/div>\n\t\t<\/div>\n\t\t\t\t<div class=\"elementor-column elementor-col-50 elementor-top-column elementor-element elementor-element-4b8eed9\" data-id=\"4b8eed9\" data-element_type=\"column\" data-e-type=\"column\">\n\t\t\t<div class=\"elementor-widget-wrap elementor-element-populated\">\n\t\t\t\t\t\t<section data-particle_enable=\"false\" data-particle-mobile-disabled=\"false\" class=\"elementor-section elementor-inner-section elementor-element elementor-element-bdb984c elementor-section-full_width elementor-section-height-default elementor-section-height-default\" data-id=\"bdb984c\" data-element_type=\"section\" data-e-type=\"section\">\n\t\t\t\t\t\t<div class=\"elementor-container elementor-column-gap-no\">\n\t\t\t\t\t<div class=\"elementor-column elementor-col-100 elementor-inner-column elementor-element elementor-element-9c2c98d\" data-id=\"9c2c98d\" data-element_type=\"column\" data-e-type=\"column\">\n\t\t\t<div class=\"elementor-widget-wrap elementor-element-populated\">\n\t\t\t\t\t\t<div class=\"elementor-element elementor-element-687dcf4 elementor-widget elementor-widget-heading\" data-id=\"687dcf4\" data-element_type=\"widget\" data-e-type=\"widget\" data-widget_type=\"heading.default\">\n\t\t\t\t<div class=\"elementor-widget-container\">\n\t\t\t\t\t<h2 class=\"elementor-heading-title elementor-size-default\">SomnoMed<sup>\u00ae<\/sup> Academy <\/h2>\t\t\t\t<\/div>\n\t\t\t\t<\/div>\n\t\t\t\t<div class=\"elementor-element elementor-element-6dbc2a9 elementor-widget elementor-widget-text-editor\" data-id=\"6dbc2a9\" data-element_type=\"widget\" data-e-type=\"widget\" data-widget_type=\"text-editor.default\">\n\t\t\t\t<div class=\"elementor-widget-container\">\n\t\t\t\t\t\t\t\t\t<h6>\u2013Oppimiskeskus uni- ja hammasl\u00e4\u00e4ketieteen ammattilaisille<\/h6><p>SomnoMed<sup>\u00ae<\/sup> tarjoaa unil\u00e4\u00e4ketieteen ammattilaisille useita koulutusohjelmia SomnoMed<sup>\u00ae<\/sup>Academyn puitteissa. Rekister\u00f6idy SomnoMed<sup>\u00ae<\/sup>\u00a0Academyyn napsauttamalla alta ja ota k\u00e4ytt\u00f6\u00f6si kaiken tasoisille terveydenhoitoalan ammattilaisille tarkoitettuja koulutusmahdollisuuksia, joita tarjotaan koulutustiloissa tai verkossa. N\u00e4m\u00e4 mahdollisuudet sis\u00e4lt\u00e4v\u00e4t kaikkea lyhyist\u00e4 verkkokursseista yliopistotason opetukseen ja mentorointiin.<\/p><p>SomnoMed<sup>\u00ae<\/sup>\u00a0Academy on l\u00e4\u00e4ketieteen ja hammasl\u00e4\u00e4ketieteen ammattilaisille suunnattu viitel\u00e4hde, jota SomnoMed<sup>\u00ae<\/sup> ylpe\u00e4sti tukee.<\/p>\t\t\t\t\t\t\t\t<\/div>\n\t\t\t\t<\/div>\n\t\t\t\t<div class=\"elementor-element elementor-element-88e5cbe elementor-widget elementor-widget-button\" data-id=\"88e5cbe\" data-element_type=\"widget\" data-e-type=\"widget\" data-widget_type=\"button.default\">\n\t\t\t\t<div class=\"elementor-widget-container\">\n\t\t\t\t\t\t\t\t\t<div class=\"elementor-button-wrapper\">\n\t\t\t\t\t<a class=\"elementor-button elementor-button-link elementor-size-sm\" href=\"https:\/\/www.somnomedacademy.com.au\/\" target=\"_blank\">\n\t\t\t\t\t\t<span class=\"elementor-button-content-wrapper\">\n\t\t\t\t\t\t\t\t\t<span class=\"elementor-button-text\">Napsauta t\u00e4st\u00e4<\/span>\n\t\t\t\t\t<\/span>\n\t\t\t\t\t<\/a>\n\t\t\t\t<\/div>\n\t\t\t\t\t\t\t\t<\/div>\n\t\t\t\t<\/div>\n\t\t\t\t\t<\/div>\n\t\t<\/div>\n\t\t\t\t\t<\/div>\n\t\t<\/section>\n\t\t\t\t\t<\/div>\n\t\t<\/div>\n\t\t\t\t\t<\/div>\n\t\t<\/section>\n\t\t\t\t<\/div>\n\t\t","protected":false},"excerpt":{"rendered":"<p>Hammasl\u00e4\u00e4ketieteelliseen unil\u00e4\u00e4ketieteeseen tutustuminen Hammasl\u00e4\u00e4ketieteellinen unil\u00e4\u00e4ketiede on hammasl\u00e4\u00e4ketieteellisen praktiikan osa-alue, jossa keskityt\u00e4\u00e4n oraalilaitteiden k\u00e4ytt\u00f6\u00f6n ja pyrit\u00e4\u00e4n hoitamaan unen aikaisia hengitysh\u00e4iri\u00f6it\u00e4, kuten kuorsausta ja obstruktiivista uniapneaa (OSA). Hammasl\u00e4\u00e4k\u00e4rit tekev\u00e4t yhteisty\u00f6t\u00e4 unil\u00e4\u00e4ketieteen ammattilaisten kanssa tunnistaakseen tehokkaimman hoidon kullekin potilaalle. Me SomnoMedill\u00e4\u00ae uskomme vahvasti, ett\u00e4 hammasl\u00e4\u00e4k\u00e4rit voivat parantaa potilaiden el\u00e4m\u00e4\u00e4 huomattavasti hoitamalla OSA:ta ja parantamalla unen laatua tarjoamalla tehokkaita &#8230;<\/p>\n","protected":false},"author":42,"featured_media":0,"parent":1291,"menu_order":0,"comment_status":"closed","ping_status":"closed","template":"","meta":{"_acf_changed":false,"footnotes":""},"class_list":["post-1315","page","type-page","status-publish","hentry"],"acf":[],"_links":{"self":[{"href":"https:\/\/staging.somnomed.com\/fi\/wp-json\/wp\/v2\/pages\/1315","targetHints":{"allow":["GET"]}}],"collection":[{"href":"https:\/\/staging.somnomed.com\/fi\/wp-json\/wp\/v2\/pages"}],"about":[{"href":"https:\/\/staging.somnomed.com\/fi\/wp-json\/wp\/v2\/types\/page"}],"author":[{"embeddable":true,"href":"https:\/\/staging.somnomed.com\/fi\/wp-json\/wp\/v2\/users\/42"}],"replies":[{"embeddable":true,"href":"https:\/\/staging.somnomed.com\/fi\/wp-json\/wp\/v2\/comments?post=1315"}],"version-history":[{"count":3,"href":"https:\/\/staging.somnomed.com\/fi\/wp-json\/wp\/v2\/pages\/1315\/revisions"}],"predecessor-version":[{"id":16056,"href":"https:\/\/staging.somnomed.com\/fi\/wp-json\/wp\/v2\/pages\/1315\/revisions\/16056"}],"up":[{"embeddable":true,"href":"https:\/\/staging.somnomed.com\/fi\/wp-json\/wp\/v2\/pages\/1291"}],"wp:attachment":[{"href":"https:\/\/staging.somnomed.com\/fi\/wp-json\/wp\/v2\/media?parent=1315"}],"curies":[{"name":"wp","href":"https:\/\/api.w.org\/{rel}","templated":true}]}}