{"id":1323,"date":"2021-06-15T23:09:26","date_gmt":"2021-06-16T03:09:26","guid":{"rendered":"http:\/\/somnomed.gsqtest1.com\/en\/?page_id=1323"},"modified":"2023-06-20T11:49:03","modified_gmt":"2023-06-20T08:49:03","slug":"bruxism","status":"publish","type":"page","link":"https:\/\/staging.somnomed.com\/fi\/dentists\/clinical\/bruxism\/","title":{"rendered":"Bruksismi"},"content":{"rendered":"\t\t<div data-elementor-type=\"wp-page\" data-elementor-id=\"1323\" class=\"elementor elementor-1323\" data-elementor-post-type=\"page\">\n\t\t\t\t\t\t<section data-particle_enable=\"false\" data-particle-mobile-disabled=\"false\" class=\"elementor-section elementor-top-section elementor-element elementor-element-4cc98bc0 elementor-section-content-middle elementor-section-full_width elementor-reverse-mobile elementor-section-height-default elementor-section-height-default\" data-id=\"4cc98bc0\" data-element_type=\"section\" data-e-type=\"section\">\n\t\t\t\t\t\t<div class=\"elementor-container elementor-column-gap-default\">\n\t\t\t\t\t<div class=\"elementor-column elementor-col-50 elementor-top-column elementor-element elementor-element-a252b3c padding-col--left\" data-id=\"a252b3c\" data-element_type=\"column\" data-e-type=\"column\">\n\t\t\t<div class=\"elementor-widget-wrap elementor-element-populated\">\n\t\t\t\t\t\t<section data-particle_enable=\"false\" data-particle-mobile-disabled=\"false\" class=\"elementor-section elementor-inner-section elementor-element elementor-element-60389a66 elementor-section-full_width elementor-section-height-default elementor-section-height-default\" data-id=\"60389a66\" data-element_type=\"section\" data-e-type=\"section\">\n\t\t\t\t\t\t<div class=\"elementor-container elementor-column-gap-no\">\n\t\t\t\t\t<div class=\"elementor-column elementor-col-100 elementor-inner-column elementor-element elementor-element-2407d114\" data-id=\"2407d114\" data-element_type=\"column\" data-e-type=\"column\">\n\t\t\t<div class=\"elementor-widget-wrap elementor-element-populated\">\n\t\t\t\t\t\t<div class=\"elementor-element elementor-element-6f5cc42d elementor-widget elementor-widget-heading\" data-id=\"6f5cc42d\" data-element_type=\"widget\" data-e-type=\"widget\" data-widget_type=\"heading.default\">\n\t\t\t\t<div class=\"elementor-widget-container\">\n\t\t\t\t\t<h2 class=\"elementor-heading-title elementor-size-default\"><h1 data-elementor-setting-key=\"title\" data-pen-placeholder=\"Type Here...\"> Potilaiden bruksismin hoito<\/h1><\/h2>\t\t\t\t<\/div>\n\t\t\t\t<\/div>\n\t\t\t\t<div class=\"elementor-element elementor-element-45e291f9 elementor-widget elementor-widget-text-editor\" data-id=\"45e291f9\" data-element_type=\"widget\" data-e-type=\"widget\" data-widget_type=\"text-editor.default\">\n\t\t\t\t<div class=\"elementor-widget-container\">\n\t\t\t\t\t\t\t\t\t<p>Hampaiden narskuttaminen, eli bruksismi, tarkoittaa hampaiden tiedostamatonta yhteen puristamista tai jauhamista. Noin puolet ihmisist\u00e4 tekee sit\u00e4 joskus. Noin 5 % v\u00e4est\u00f6st\u00e4 narskuttaa hampaitaan s\u00e4\u00e4nn\u00f6llisesti ja voimakkaasti joko hereill\u00e4 tai unessa ollessaan asiaa tiedostamatta.<\/p><p>Jos ongelmaa ei hoideta, se voi aiheuttaa heikentyneit\u00e4 tai halkeilleita hampaita, vet\u00e4ytyvi\u00e4 ikeni\u00e4, leukakipua, p\u00e4\u00e4ns\u00e4rky\u00e4 ja unih\u00e4iri\u00f6it\u00e4.\u00a0<\/p>\t\t\t\t\t\t\t\t<\/div>\n\t\t\t\t<\/div>\n\t\t\t\t\t<\/div>\n\t\t<\/div>\n\t\t\t\t\t<\/div>\n\t\t<\/section>\n\t\t\t\t\t<\/div>\n\t\t<\/div>\n\t\t\t\t<div class=\"elementor-column elementor-col-50 elementor-top-column elementor-element elementor-element-4e1bf333\" data-id=\"4e1bf333\" data-element_type=\"column\" data-e-type=\"column\">\n\t\t\t<div class=\"elementor-widget-wrap elementor-element-populated\">\n\t\t\t\t\t\t<div class=\"elementor-element elementor-element-3146b632 elementor-widget elementor-widget-image\" data-id=\"3146b632\" data-element_type=\"widget\" data-e-type=\"widget\" data-widget_type=\"image.default\">\n\t\t\t\t<div class=\"elementor-widget-container\">\n\t\t\t\t\t\t\t\t\t\t\t\t\t\t\t<img decoding=\"async\" src=\"https:\/\/staging.somnomed.com\/fi\/wp-content\/uploads\/sites\/18\/elementor\/thumbs\/SomTabs-and-Products-USA-6-pfsi5vb2yk9mgio0hvkrods6vfgjv4x1ql3p77bvdc.jpg\" title=\"SomTabs and Products USA (6)\" alt=\"SomTabs and Products USA (6)\" loading=\"lazy\" \/>\t\t\t\t\t\t\t\t\t\t\t\t\t\t\t<\/div>\n\t\t\t\t<\/div>\n\t\t\t\t\t<\/div>\n\t\t<\/div>\n\t\t\t\t\t<\/div>\n\t\t<\/section>\n\t\t\t\t<section data-particle_enable=\"false\" data-particle-mobile-disabled=\"false\" class=\"elementor-section elementor-top-section elementor-element elementor-element-9fd6d39 elementor-section-content-middle elementor-section-boxed elementor-section-height-default elementor-section-height-default\" data-id=\"9fd6d39\" data-element_type=\"section\" data-e-type=\"section\" data-settings=\"{&quot;background_background&quot;:&quot;classic&quot;}\">\n\t\t\t\t\t\t<div class=\"elementor-container elementor-column-gap-default\">\n\t\t\t\t\t<div class=\"elementor-column elementor-col-50 elementor-top-column elementor-element elementor-element-146748f\" data-id=\"146748f\" data-element_type=\"column\" data-e-type=\"column\">\n\t\t\t<div class=\"elementor-widget-wrap elementor-element-populated\">\n\t\t\t\t\t\t<div class=\"elementor-element elementor-element-93cc063 elementor-widget elementor-widget-image\" data-id=\"93cc063\" data-element_type=\"widget\" data-e-type=\"widget\" data-widget_type=\"image.default\">\n\t\t\t\t<div class=\"elementor-widget-container\">\n\t\t\t\t\t\t\t\t\t\t\t\t\t\t\t<img decoding=\"async\" src=\"https:\/\/staging.somnomed.com\/fi\/wp-content\/uploads\/sites\/18\/elementor\/thumbs\/KCP1609-scaled-pfsi5vazazypk70tgnfl5zr5dkbb8lkuzuf39fb39c.jpg\" title=\"Woman bruxism-headache in bed\" alt=\"Woman bruxism-headache in bed image\" loading=\"lazy\" \/>\t\t\t\t\t\t\t\t\t\t\t\t\t\t\t<\/div>\n\t\t\t\t<\/div>\n\t\t\t\t\t<\/div>\n\t\t<\/div>\n\t\t\t\t<div class=\"elementor-column elementor-col-50 elementor-top-column elementor-element elementor-element-4b8eed9\" data-id=\"4b8eed9\" data-element_type=\"column\" data-e-type=\"column\">\n\t\t\t<div class=\"elementor-widget-wrap elementor-element-populated\">\n\t\t\t\t\t\t<section data-particle_enable=\"false\" data-particle-mobile-disabled=\"false\" class=\"elementor-section elementor-inner-section elementor-element elementor-element-bdb984c elementor-section-full_width elementor-section-height-default elementor-section-height-default\" data-id=\"bdb984c\" data-element_type=\"section\" data-e-type=\"section\">\n\t\t\t\t\t\t<div class=\"elementor-container elementor-column-gap-no\">\n\t\t\t\t\t<div class=\"elementor-column elementor-col-100 elementor-inner-column elementor-element elementor-element-9c2c98d\" data-id=\"9c2c98d\" data-element_type=\"column\" data-e-type=\"column\">\n\t\t\t<div class=\"elementor-widget-wrap elementor-element-populated\">\n\t\t\t\t\t\t<div class=\"elementor-element elementor-element-687dcf4 elementor-widget elementor-widget-heading\" data-id=\"687dcf4\" data-element_type=\"widget\" data-e-type=\"widget\" data-widget_type=\"heading.default\">\n\t\t\t\t<div class=\"elementor-widget-container\">\n\t\t\t\t\t<h2 class=\"elementor-heading-title elementor-size-default\">Bruksismin tavallisia oireita<\/h2>\t\t\t\t<\/div>\n\t\t\t\t<\/div>\n\t\t\t\t<div class=\"elementor-element elementor-element-6dbc2a9 elementor-widget elementor-widget-text-editor\" data-id=\"6dbc2a9\" data-element_type=\"widget\" data-e-type=\"widget\" data-widget_type=\"text-editor.default\">\n\t\t\t\t<div class=\"elementor-widget-container\">\n\t\t\t\t\t\t\t\t\t<p>Koska narskuttelua ilmenee yleens\u00e4 unessa, useimmat ihmiset tekev\u00e4t sit\u00e4 tiedostamattaan. Jomottava ja jatkuva p\u00e4\u00e4ns\u00e4rky tai kipe\u00e4 leuka ovat kuitenkin paljastavia oireita. Yleens\u00e4 ihmiset saavat tiet\u00e4\u00e4 narskuttelustaan heid\u00e4n kumppaniltaan, joka kuulee narskuttelun y\u00f6aikaan.<\/p><p>Jos ep\u00e4ilet, ett\u00e4 potilaasi saattaa narskutella hampaitaan, tutki heid\u00e4n hampaansa, suunsa ja leukansa bruksismin merkkien varalta. Potilaan leukalihakset saattavat olla hypertrofisia ja t\u00e4m\u00e4n hampaat saattavat olla kuluneet sivuttaisten ja kiert\u00e4vien liikkeiden takia. He voivat k\u00e4rsi\u00e4 my\u00f6s herkist\u00e4 hampaista, leuan yliherkkyydest\u00e4, lihasv\u00e4symyksest\u00e4 ja hampaiden halkeilusta.<\/p>\t\t\t\t\t\t\t\t<\/div>\n\t\t\t\t<\/div>\n\t\t\t\t\t<\/div>\n\t\t<\/div>\n\t\t\t\t\t<\/div>\n\t\t<\/section>\n\t\t\t\t\t<\/div>\n\t\t<\/div>\n\t\t\t\t\t<\/div>\n\t\t<\/section>\n\t\t\t\t<section data-particle_enable=\"false\" data-particle-mobile-disabled=\"false\" class=\"elementor-section elementor-top-section elementor-element elementor-element-3d59a62 elementor-section-content-middle elementor-reverse-mobile elementor-section-boxed elementor-section-height-default elementor-section-height-default\" data-id=\"3d59a62\" data-element_type=\"section\" data-e-type=\"section\" data-settings=\"{&quot;background_background&quot;:&quot;classic&quot;}\">\n\t\t\t\t\t\t<div class=\"elementor-container elementor-column-gap-default\">\n\t\t\t\t\t<div class=\"elementor-column elementor-col-50 elementor-top-column elementor-element elementor-element-865a8b4\" data-id=\"865a8b4\" data-element_type=\"column\" data-e-type=\"column\">\n\t\t\t<div class=\"elementor-widget-wrap elementor-element-populated\">\n\t\t\t\t\t\t<section data-particle_enable=\"false\" data-particle-mobile-disabled=\"false\" class=\"elementor-section elementor-inner-section elementor-element elementor-element-739c299 elementor-section-full_width elementor-section-height-default elementor-section-height-default\" data-id=\"739c299\" data-element_type=\"section\" data-e-type=\"section\">\n\t\t\t\t\t\t<div class=\"elementor-container elementor-column-gap-no\">\n\t\t\t\t\t<div class=\"elementor-column elementor-col-100 elementor-inner-column elementor-element elementor-element-84634ae\" data-id=\"84634ae\" data-element_type=\"column\" data-e-type=\"column\">\n\t\t\t<div class=\"elementor-widget-wrap elementor-element-populated\">\n\t\t\t\t\t\t<div class=\"elementor-element elementor-element-5cb5115 elementor-widget elementor-widget-heading\" data-id=\"5cb5115\" data-element_type=\"widget\" data-e-type=\"widget\" data-widget_type=\"heading.default\">\n\t\t\t\t<div class=\"elementor-widget-container\">\n\t\t\t\t\t<h2 class=\"elementor-heading-title elementor-size-default\">Miksi bruksismi tulisi hoitaa?<\/h2>\t\t\t\t<\/div>\n\t\t\t\t<\/div>\n\t\t\t\t<div class=\"elementor-element elementor-element-8b993ca elementor-widget elementor-widget-text-editor\" data-id=\"8b993ca\" data-element_type=\"widget\" data-e-type=\"widget\" data-widget_type=\"text-editor.default\">\n\t\t\t\t<div class=\"elementor-widget-container\">\n\t\t\t\t\t\t\t\t\t<p>Joissakin tapauksissa krooninen narskuttelu saattaa aiheuttaa hampaiden murtumia, l\u00f6ystymist\u00e4 tai irtoamista. Krooninen narskuttelu voi aiheuttaa potilaan hampaiden kulumista, mik\u00e4 v\u00e4hent\u00e4\u00e4 heid\u00e4n kyky\u00e4\u00e4n hienontaa ruokaansa kunnolla. Luonnollisten hampaiden korjaaminen tai palauttaminen voi edellytt\u00e4\u00e4 laajoja hammasl\u00e4\u00e4ketieteellisi\u00e4 toimenpiteit\u00e4, kuten silloittamista, kruunujen asettamista, juurihoitoa, implantteja, osittaisia tai jopa t\u00e4ydellisi\u00e4 proteeseja.<\/p><p>Hampaiden kulumisen ja irtoamisen lis\u00e4ksi narskuttelu voi pahimmassa tapauksessa aiheuttaa leukakipua, kuulon alenemaa tai jopa potilaan kasvojen muutoksia. Unessa tapahtuva narskuttelu voi olla my\u00f6s seurausta obstruktiivisesta uniapneasta.<\/p>\t\t\t\t\t\t\t\t<\/div>\n\t\t\t\t<\/div>\n\t\t\t\t\t<\/div>\n\t\t<\/div>\n\t\t\t\t\t<\/div>\n\t\t<\/section>\n\t\t\t\t\t<\/div>\n\t\t<\/div>\n\t\t\t\t<div class=\"elementor-column elementor-col-50 elementor-top-column elementor-element elementor-element-70928c2\" data-id=\"70928c2\" data-element_type=\"column\" data-e-type=\"column\">\n\t\t\t<div class=\"elementor-widget-wrap elementor-element-populated\">\n\t\t\t\t\t\t<div class=\"elementor-element elementor-element-8371ee3 elementor-widget elementor-widget-image\" data-id=\"8371ee3\" data-element_type=\"widget\" data-e-type=\"widget\" data-widget_type=\"image.default\">\n\t\t\t\t<div class=\"elementor-widget-container\">\n\t\t\t\t\t\t\t\t\t\t\t\t\t\t\t<img decoding=\"async\" src=\"https:\/\/staging.somnomed.com\/fi\/wp-content\/uploads\/sites\/18\/elementor\/thumbs\/Dental-Attrition-Bruxism-pfsi5tfaxbw4wz3jrmmc10886skkt7debl44avdvls.jpg\" title=\"Dental Attrition (Bruxism)\" alt=\"Dental Attrition (Bruxism) image\" loading=\"lazy\" \/>\t\t\t\t\t\t\t\t\t\t\t\t\t\t\t<\/div>\n\t\t\t\t<\/div>\n\t\t\t\t\t<\/div>\n\t\t<\/div>\n\t\t\t\t\t<\/div>\n\t\t<\/section>\n\t\t\t\t<section data-particle_enable=\"false\" data-particle-mobile-disabled=\"false\" class=\"elementor-section elementor-top-section elementor-element elementor-element-2c23ce28 elementor-section-content-middle elementor-section-boxed elementor-section-height-default elementor-section-height-default\" data-id=\"2c23ce28\" data-element_type=\"section\" data-e-type=\"section\" data-settings=\"{&quot;background_background&quot;:&quot;classic&quot;}\">\n\t\t\t\t\t\t<div class=\"elementor-container elementor-column-gap-default\">\n\t\t\t\t\t<div class=\"elementor-column elementor-col-50 elementor-top-column elementor-element elementor-element-4fef3c95\" data-id=\"4fef3c95\" data-element_type=\"column\" data-e-type=\"column\">\n\t\t\t<div class=\"elementor-widget-wrap elementor-element-populated\">\n\t\t\t\t\t\t<div class=\"elementor-element elementor-element-67c18738 elementor-widget elementor-widget-image\" data-id=\"67c18738\" data-element_type=\"widget\" data-e-type=\"widget\" data-widget_type=\"image.default\">\n\t\t\t\t<div class=\"elementor-widget-container\">\n\t\t\t\t\t\t\t\t\t\t\t\t\t\t\t<img decoding=\"async\" src=\"https:\/\/staging.somnomed.com\/fi\/wp-content\/uploads\/sites\/18\/elementor\/thumbs\/Union-67-pfsi5ud545xf8l26m50ylhzos6fy0wh4nprls5chfk.jpg\" title=\"Union 67\" alt=\"Union 67\" loading=\"lazy\" \/>\t\t\t\t\t\t\t\t\t\t\t\t\t\t\t<\/div>\n\t\t\t\t<\/div>\n\t\t\t\t\t<\/div>\n\t\t<\/div>\n\t\t\t\t<div class=\"elementor-column elementor-col-50 elementor-top-column elementor-element elementor-element-2c57e45c\" data-id=\"2c57e45c\" data-element_type=\"column\" data-e-type=\"column\">\n\t\t\t<div class=\"elementor-widget-wrap elementor-element-populated\">\n\t\t\t\t\t\t<section data-particle_enable=\"false\" data-particle-mobile-disabled=\"false\" class=\"elementor-section elementor-inner-section elementor-element elementor-element-3cd9590e elementor-section-full_width elementor-section-height-default elementor-section-height-default\" data-id=\"3cd9590e\" data-element_type=\"section\" data-e-type=\"section\">\n\t\t\t\t\t\t<div class=\"elementor-container elementor-column-gap-no\">\n\t\t\t\t\t<div class=\"elementor-column elementor-col-100 elementor-inner-column elementor-element elementor-element-1fcb3330\" data-id=\"1fcb3330\" data-element_type=\"column\" data-e-type=\"column\">\n\t\t\t<div class=\"elementor-widget-wrap elementor-element-populated\">\n\t\t\t\t\t\t<div class=\"elementor-element elementor-element-ceec4f8 elementor-widget elementor-widget-heading\" data-id=\"ceec4f8\" data-element_type=\"widget\" data-e-type=\"widget\" data-widget_type=\"heading.default\">\n\t\t\t\t<div class=\"elementor-widget-container\">\n\t\t\t\t\t<h2 class=\"elementor-heading-title elementor-size-default\">Miten bruksismia tulisi hoitaa?<\/h2>\t\t\t\t<\/div>\n\t\t\t\t<\/div>\n\t\t\t\t<div class=\"elementor-element elementor-element-3301b0f1 elementor-widget elementor-widget-text-editor\" data-id=\"3301b0f1\" data-element_type=\"widget\" data-e-type=\"widget\" data-widget_type=\"text-editor.default\">\n\t\t\t\t<div class=\"elementor-widget-container\">\n\t\t\t\t\t\t\t\t\t<div class=\"elementor-element elementor-element-3301b0f1 elementor-widget elementor-widget-text-editor\" data-id=\"3301b0f1\" data-element_type=\"widget\" data-widget_type=\"text-editor.default\"><div class=\"elementor-widget-container\"><div class=\"elementor-text-editor elementor-clearfix\"><p>Hampaiden narskuttelua suositellaan hoidettavaksi oraalisilla laitteilla. Hammasl\u00e4\u00e4k\u00e4ri tai fysioterapeutti suosittelemaan k\u00e4ytt\u00e4ytymisterapiaan sis\u00e4ltyy lihasrentoutusharjoituksia, joiden on tarkoitus rentouttaa lihaksia ja ehk\u00e4ist\u00e4 y\u00f6llist\u00e4 narskuttelua.<\/p><p>SomnoDentin<sup>\u00ae<\/sup> ja SomnoBruxin<sup>\u00ae<\/sup> kaltaiset oraalilaitteet on valmistettu tilauksesta nykyaikaisista hammasl\u00e4\u00e4ketieteellisist\u00e4 materiaaleista, ja ne sopivat tarkasti suuhun ja suojaavat hampaita bruksismilta.<\/p><\/div><\/div><\/div>\t\t\t\t\t\t\t\t<\/div>\n\t\t\t\t<\/div>\n\t\t\t\t\t<\/div>\n\t\t<\/div>\n\t\t\t\t\t<\/div>\n\t\t<\/section>\n\t\t\t\t\t<\/div>\n\t\t<\/div>\n\t\t\t\t\t<\/div>\n\t\t<\/section>\n\t\t\t\t<section data-particle_enable=\"false\" data-particle-mobile-disabled=\"false\" class=\"elementor-section elementor-top-section elementor-element elementor-element-724d62d8 elementor-section-content-middle elementor-reverse-mobile elementor-section-boxed elementor-section-height-default elementor-section-height-default\" data-id=\"724d62d8\" data-element_type=\"section\" data-e-type=\"section\" data-settings=\"{&quot;background_background&quot;:&quot;classic&quot;}\">\n\t\t\t\t\t\t<div class=\"elementor-container elementor-column-gap-default\">\n\t\t\t\t\t<div class=\"elementor-column elementor-col-50 elementor-top-column elementor-element elementor-element-1d418162\" data-id=\"1d418162\" data-element_type=\"column\" data-e-type=\"column\">\n\t\t\t<div class=\"elementor-widget-wrap elementor-element-populated\">\n\t\t\t\t\t\t<section data-particle_enable=\"false\" data-particle-mobile-disabled=\"false\" class=\"elementor-section elementor-inner-section elementor-element elementor-element-1fcc20f1 elementor-section-full_width elementor-section-height-default elementor-section-height-default\" data-id=\"1fcc20f1\" data-element_type=\"section\" data-e-type=\"section\">\n\t\t\t\t\t\t<div class=\"elementor-container elementor-column-gap-no\">\n\t\t\t\t\t<div class=\"elementor-column elementor-col-100 elementor-inner-column elementor-element elementor-element-75a7a8c2\" data-id=\"75a7a8c2\" data-element_type=\"column\" data-e-type=\"column\">\n\t\t\t<div class=\"elementor-widget-wrap elementor-element-populated\">\n\t\t\t\t\t\t<div class=\"elementor-element elementor-element-ae09570 elementor-widget elementor-widget-heading\" data-id=\"ae09570\" data-element_type=\"widget\" data-e-type=\"widget\" data-widget_type=\"heading.default\">\n\t\t\t\t<div class=\"elementor-widget-container\">\n\t\t\t\t\t<h2 class=\"elementor-heading-title elementor-size-default\">Tietoja SomnoBruxista<sup>\u00ae<\/sup><\/h2>\t\t\t\t<\/div>\n\t\t\t\t<\/div>\n\t\t\t\t<div class=\"elementor-element elementor-element-2eaf329e elementor-widget elementor-widget-text-editor\" data-id=\"2eaf329e\" data-element_type=\"widget\" data-e-type=\"widget\" data-widget_type=\"text-editor.default\">\n\t\t\t\t<div class=\"elementor-widget-container\">\n\t\t\t\t\t\t\t\t\t<p>SomnoMed<sup>\u00ae<\/sup> valmistaa johtavaa r\u00e4\u00e4t\u00e4l\u00f6ity\u00e4 akryylist\u00e4 valmistettua SomnoBrux<sup>\u00ae<\/sup>-purentakiskoa, jolla potilaan hampaat voidaan suojata vaikealta bruksismilta ja helpottaa temporomandibulaarisen nivelen h\u00e4iri\u00f6n (TMJ) oireita.<\/p><p>Ylempi kisko, joka peitt\u00e4\u00e4 kaaren etu- ja takaosat, sis\u00e4lt\u00e4\u00e4 kulmahammasohjauksen, jolla avustetaan tai ohjataan potilaan takahampaat diskluusioon, kun ne ty\u00f6ntyv\u00e4t eteen tai liikkuvat sivuttain.<\/p>\t\t\t\t\t\t\t\t<\/div>\n\t\t\t\t<\/div>\n\t\t\t\t<div class=\"elementor-element elementor-element-a1a644a elementor-widget elementor-widget-button\" data-id=\"a1a644a\" data-element_type=\"widget\" data-e-type=\"widget\" data-widget_type=\"button.default\">\n\t\t\t\t<div class=\"elementor-widget-container\">\n\t\t\t\t\t\t\t\t\t<div class=\"elementor-button-wrapper\">\n\t\t\t\t\t<a class=\"elementor-button elementor-button-link elementor-size-sm\" href=\"https:\/\/staging.somnomed.com\/fi\/dentists\/dentists-contact\/\" target=\"_blank\">\n\t\t\t\t\t\t<span class=\"elementor-button-content-wrapper\">\n\t\t\t\t\t\t\t\t\t<span class=\"elementor-button-text\">Saat lis\u00e4tietoja ottamalla meihin yhteytt\u00e4<\/span>\n\t\t\t\t\t<\/span>\n\t\t\t\t\t<\/a>\n\t\t\t\t<\/div>\n\t\t\t\t\t\t\t\t<\/div>\n\t\t\t\t<\/div>\n\t\t\t\t\t<\/div>\n\t\t<\/div>\n\t\t\t\t\t<\/div>\n\t\t<\/section>\n\t\t\t\t\t<\/div>\n\t\t<\/div>\n\t\t\t\t<div class=\"elementor-column elementor-col-50 elementor-top-column elementor-element elementor-element-888537d\" data-id=\"888537d\" data-element_type=\"column\" data-e-type=\"column\">\n\t\t\t<div class=\"elementor-widget-wrap elementor-element-populated\">\n\t\t\t\t\t\t<div class=\"elementor-element elementor-element-7ae356a7 elementor-widget elementor-widget-image\" data-id=\"7ae356a7\" data-element_type=\"widget\" data-e-type=\"widget\" data-widget_type=\"image.default\">\n\t\t\t\t<div class=\"elementor-widget-container\">\n\t\t\t\t\t\t\t\t\t\t\t\t\t\t\t<img decoding=\"async\" src=\"https:\/\/staging.somnomed.com\/fi\/wp-content\/uploads\/sites\/18\/elementor\/thumbs\/Untitled-2-pfsi5ud545xf8l26m50ylhzos6fy0wh4nprls5chfk.jpg\" title=\"SomnoBrux On Typodont\" alt=\"SomnoBrux on Typodont\" loading=\"lazy\" \/>\t\t\t\t\t\t\t\t\t\t\t\t\t\t\t<\/div>\n\t\t\t\t<\/div>\n\t\t\t\t\t<\/div>\n\t\t<\/div>\n\t\t\t\t\t<\/div>\n\t\t<\/section>\n\t\t\t\t<\/div>\n\t\t","protected":false},"excerpt":{"rendered":"<p>Potilaiden bruksismin hoito Hampaiden narskuttaminen, eli bruksismi, tarkoittaa hampaiden tiedostamatonta yhteen puristamista tai jauhamista. Noin puolet ihmisist\u00e4 tekee sit\u00e4 joskus. Noin 5 % v\u00e4est\u00f6st\u00e4 narskuttaa hampaitaan s\u00e4\u00e4nn\u00f6llisesti ja voimakkaasti joko hereill\u00e4 tai unessa ollessaan asiaa tiedostamatta. Jos ongelmaa ei hoideta, se voi aiheuttaa heikentyneit\u00e4 tai halkeilleita hampaita, vet\u00e4ytyvi\u00e4 ikeni\u00e4, leukakipua, p\u00e4\u00e4ns\u00e4rky\u00e4 ja unih\u00e4iri\u00f6it\u00e4.\u00a0 Bruksismin tavallisia &#8230;<\/p>\n","protected":false},"author":42,"featured_media":0,"parent":1315,"menu_order":0,"comment_status":"closed","ping_status":"closed","template":"","meta":{"_acf_changed":false,"footnotes":""},"class_list":["post-1323","page","type-page","status-publish","hentry"],"acf":[],"_links":{"self":[{"href":"https:\/\/staging.somnomed.com\/fi\/wp-json\/wp\/v2\/pages\/1323","targetHints":{"allow":["GET"]}}],"collection":[{"href":"https:\/\/staging.somnomed.com\/fi\/wp-json\/wp\/v2\/pages"}],"about":[{"href":"https:\/\/staging.somnomed.com\/fi\/wp-json\/wp\/v2\/types\/page"}],"author":[{"embeddable":true,"href":"https:\/\/staging.somnomed.com\/fi\/wp-json\/wp\/v2\/users\/42"}],"replies":[{"embeddable":true,"href":"https:\/\/staging.somnomed.com\/fi\/wp-json\/wp\/v2\/comments?post=1323"}],"version-history":[{"count":3,"href":"https:\/\/staging.somnomed.com\/fi\/wp-json\/wp\/v2\/pages\/1323\/revisions"}],"predecessor-version":[{"id":16303,"href":"https:\/\/staging.somnomed.com\/fi\/wp-json\/wp\/v2\/pages\/1323\/revisions\/16303"}],"up":[{"embeddable":true,"href":"https:\/\/staging.somnomed.com\/fi\/wp-json\/wp\/v2\/pages\/1315"}],"wp:attachment":[{"href":"https:\/\/staging.somnomed.com\/fi\/wp-json\/wp\/v2\/media?parent=1323"}],"curies":[{"name":"wp","href":"https:\/\/api.w.org\/{rel}","templated":true}]}}