{"id":1348,"date":"2021-06-15T23:19:09","date_gmt":"2021-06-16T03:19:09","guid":{"rendered":"http:\/\/somnomed.gsqtest1.com\/en\/?page_id=1348"},"modified":"2023-06-20T11:57:35","modified_gmt":"2023-06-20T08:57:35","slug":"somgauge","status":"publish","type":"page","link":"https:\/\/staging.somnomed.com\/fi\/dentists\/products\/somgauge\/","title":{"rendered":"SomGauge"},"content":{"rendered":"\t\t<div data-elementor-type=\"wp-page\" data-elementor-id=\"1348\" class=\"elementor elementor-1348\" data-elementor-post-type=\"page\">\n\t\t\t\t\t\t<section data-particle_enable=\"false\" data-particle-mobile-disabled=\"false\" class=\"elementor-section elementor-top-section elementor-element elementor-element-4cc98bc0 elementor-section-content-middle elementor-section-full_width elementor-reverse-mobile elementor-section-height-default elementor-section-height-default\" data-id=\"4cc98bc0\" data-element_type=\"section\" data-e-type=\"section\">\n\t\t\t\t\t\t<div class=\"elementor-container elementor-column-gap-default\">\n\t\t\t\t\t<div class=\"elementor-column elementor-col-50 elementor-top-column elementor-element elementor-element-a252b3c padding-col--left\" data-id=\"a252b3c\" data-element_type=\"column\" data-e-type=\"column\">\n\t\t\t<div class=\"elementor-widget-wrap elementor-element-populated\">\n\t\t\t\t\t\t<section data-particle_enable=\"false\" data-particle-mobile-disabled=\"false\" class=\"elementor-section elementor-inner-section elementor-element elementor-element-60389a66 elementor-section-full_width elementor-section-height-default elementor-section-height-default\" data-id=\"60389a66\" data-element_type=\"section\" data-e-type=\"section\">\n\t\t\t\t\t\t<div class=\"elementor-container elementor-column-gap-no\">\n\t\t\t\t\t<div class=\"elementor-column elementor-col-100 elementor-inner-column elementor-element elementor-element-2407d114\" data-id=\"2407d114\" data-element_type=\"column\" data-e-type=\"column\">\n\t\t\t<div class=\"elementor-widget-wrap elementor-element-populated\">\n\t\t\t\t\t\t<div class=\"elementor-element elementor-element-6f5cc42d elementor-widget elementor-widget-heading\" data-id=\"6f5cc42d\" data-element_type=\"widget\" data-e-type=\"widget\" data-widget_type=\"heading.default\">\n\t\t\t\t<div class=\"elementor-widget-container\">\n\t\t\t\t\t<h1 class=\"elementor-heading-title elementor-size-default\">SomGauge<\/h1>\t\t\t\t<\/div>\n\t\t\t\t<\/div>\n\t\t\t\t<div class=\"elementor-element elementor-element-45e291f9 elementor-widget elementor-widget-text-editor\" data-id=\"45e291f9\" data-element_type=\"widget\" data-e-type=\"widget\" data-widget_type=\"text-editor.default\">\n\t\t\t\t<div class=\"elementor-widget-container\">\n\t\t\t\t\t\t\t\t\t<p>SomGauge on autoklaavattava mittaty\u00f6kalu, jolla voidaan rekister\u00f6id\u00e4 purenta tarkasti ja luotettavasti. Se sopii k\u00e4ytett\u00e4v\u00e4ksi kaikkien tilausty\u00f6n\u00e4 teht\u00e4vien SomnoDent<sup>\u00ae<\/sup>-kiskojen kanssa.<\/p>\t\t\t\t\t\t\t\t<\/div>\n\t\t\t\t<\/div>\n\t\t\t\t<div class=\"elementor-element elementor-element-7b3f5de elementor-widget elementor-widget-text-editor\" data-id=\"7b3f5de\" data-element_type=\"widget\" data-e-type=\"widget\" data-widget_type=\"text-editor.default\">\n\t\t\t\t<div class=\"elementor-widget-container\">\n\t\t\t\t\t\t\t\t\t<p>SomGauge on tarkoitettu vain hammasl\u00e4\u00e4ketieteen ammattilaisten k\u00e4ytt\u00f6\u00f6n.<\/p><p>SomnoMedin<sup>\u00ae<\/sup> SomGaugella tarkkojen purentaj\u00e4ljenn\u00f6sten tekeminen onnistuu nopeasti ja helposti. SomGaugen s\u00e4\u00e4dett\u00e4v\u00e4 ramppi mahdollistaa suuremman pystysuuntaisen mitan ottamisen \u2013\u00a0t\u00e4m\u00e4 parantaa sek\u00e4 j\u00e4ljenn\u00f6starkkuutta ett\u00e4 uniapneakiskon kest\u00e4vyytt\u00e4.<\/p>\t\t\t\t\t\t\t\t<\/div>\n\t\t\t\t<\/div>\n\t\t\t\t<div class=\"elementor-element elementor-element-54ea2d2 elementor-widget elementor-widget-button\" data-id=\"54ea2d2\" data-element_type=\"widget\" data-e-type=\"widget\" data-widget_type=\"button.default\">\n\t\t\t\t<div class=\"elementor-widget-container\">\n\t\t\t\t\t\t\t\t\t<div class=\"elementor-button-wrapper\">\n\t\t\t\t\t<a class=\"elementor-button elementor-button-link elementor-size-sm\" href=\"https:\/\/staging.somnomed.com\/fi\/dentists\/dentists-contact\/\" target=\"_blank\">\n\t\t\t\t\t\t<span class=\"elementor-button-content-wrapper\">\n\t\t\t\t\t\t\t\t\t<span class=\"elementor-button-text\">Ota yhteytt\u00e4<\/span>\n\t\t\t\t\t<\/span>\n\t\t\t\t\t<\/a>\n\t\t\t\t<\/div>\n\t\t\t\t\t\t\t\t<\/div>\n\t\t\t\t<\/div>\n\t\t\t\t\t<\/div>\n\t\t<\/div>\n\t\t\t\t\t<\/div>\n\t\t<\/section>\n\t\t\t\t\t<\/div>\n\t\t<\/div>\n\t\t\t\t<div class=\"elementor-column elementor-col-50 elementor-top-column elementor-element elementor-element-4e1bf333\" data-id=\"4e1bf333\" data-element_type=\"column\" data-e-type=\"column\">\n\t\t\t<div class=\"elementor-widget-wrap elementor-element-populated\">\n\t\t\t\t\t\t<div class=\"elementor-element elementor-element-3146b632 elementor-widget elementor-widget-image\" data-id=\"3146b632\" data-element_type=\"widget\" data-e-type=\"widget\" data-widget_type=\"image.default\">\n\t\t\t\t<div class=\"elementor-widget-container\">\n\t\t\t\t\t\t\t\t\t\t\t\t\t\t\t<img decoding=\"async\" src=\"https:\/\/staging.somnomed.com\/fi\/wp-content\/uploads\/sites\/18\/elementor\/thumbs\/SomTabs-and-Products-USA-9-pfsi5vb2yk9mgio0hvkrods6vfgjv4x1ql3p77bvdc.jpg\" title=\"SomGauge product image\" alt=\"SomGauge product image\" loading=\"lazy\" \/>\t\t\t\t\t\t\t\t\t\t\t\t\t\t\t<\/div>\n\t\t\t\t<\/div>\n\t\t\t\t\t<\/div>\n\t\t<\/div>\n\t\t\t\t\t<\/div>\n\t\t<\/section>\n\t\t\t\t<section data-particle_enable=\"false\" data-particle-mobile-disabled=\"false\" class=\"elementor-section elementor-top-section elementor-element elementor-element-9fd6d39 elementor-section-content-middle elementor-section-boxed elementor-section-height-default elementor-section-height-default\" data-id=\"9fd6d39\" data-element_type=\"section\" data-e-type=\"section\" data-settings=\"{&quot;background_background&quot;:&quot;classic&quot;}\">\n\t\t\t\t\t\t<div class=\"elementor-container elementor-column-gap-default\">\n\t\t\t\t\t<div class=\"elementor-column elementor-col-50 elementor-top-column elementor-element elementor-element-146748f\" data-id=\"146748f\" data-element_type=\"column\" data-e-type=\"column\">\n\t\t\t<div class=\"elementor-widget-wrap elementor-element-populated\">\n\t\t\t\t\t\t<div class=\"elementor-element elementor-element-93cc063 elementor-widget elementor-widget-image\" data-id=\"93cc063\" data-element_type=\"widget\" data-e-type=\"widget\" data-widget_type=\"image.default\">\n\t\t\t\t<div class=\"elementor-widget-container\">\n\t\t\t\t\t\t\t\t\t\t\t\t\t\t\t<img decoding=\"async\" src=\"https:\/\/staging.somnomed.com\/fi\/wp-content\/uploads\/sites\/18\/elementor\/thumbs\/Union-6-pfsi5ud545xf8l26m50ylhzos6fy0wh4nprls5chfk.jpg\" title=\"Union 6\" alt=\"Union 6\" loading=\"lazy\" \/>\t\t\t\t\t\t\t\t\t\t\t\t\t\t\t<\/div>\n\t\t\t\t<\/div>\n\t\t\t\t\t<\/div>\n\t\t<\/div>\n\t\t\t\t<div class=\"elementor-column elementor-col-50 elementor-top-column elementor-element elementor-element-4b8eed9\" data-id=\"4b8eed9\" data-element_type=\"column\" data-e-type=\"column\">\n\t\t\t<div class=\"elementor-widget-wrap elementor-element-populated\">\n\t\t\t\t\t\t<section data-particle_enable=\"false\" data-particle-mobile-disabled=\"false\" class=\"elementor-section elementor-inner-section elementor-element elementor-element-bdb984c elementor-section-full_width elementor-section-height-default elementor-section-height-default\" data-id=\"bdb984c\" data-element_type=\"section\" data-e-type=\"section\">\n\t\t\t\t\t\t<div class=\"elementor-container elementor-column-gap-no\">\n\t\t\t\t\t<div class=\"elementor-column elementor-col-100 elementor-inner-column elementor-element elementor-element-9c2c98d\" data-id=\"9c2c98d\" data-element_type=\"column\" data-e-type=\"column\">\n\t\t\t<div class=\"elementor-widget-wrap elementor-element-populated\">\n\t\t\t\t\t\t<div class=\"elementor-element elementor-element-687dcf4 elementor-widget elementor-widget-heading\" data-id=\"687dcf4\" data-element_type=\"widget\" data-e-type=\"widget\" data-widget_type=\"heading.default\">\n\t\t\t\t<div class=\"elementor-widget-container\">\n\t\t\t\t\t<h2 class=\"elementor-heading-title elementor-size-default\">SomGaugen ominaisuuksia<\/h2>\t\t\t\t<\/div>\n\t\t\t\t<\/div>\n\t\t\t\t<div class=\"elementor-element elementor-element-6dbc2a9 elementor-widget elementor-widget-text-editor\" data-id=\"6dbc2a9\" data-element_type=\"widget\" data-e-type=\"widget\" data-widget_type=\"text-editor.default\">\n\t\t\t\t<div class=\"elementor-widget-container\">\n\t\t\t\t\t\t\t\t\t<p><strong style=\"color: #00549d;\"><strong>Suurempi pystysuuntainen et\u00e4isyys<br \/><\/strong><\/strong>V\u00e4hint\u00e4\u00e4n 3 mm:n akryylikerros koko purennan alueella tekee kiskosta kest\u00e4v\u00e4mm\u00e4n ja murtumattoman.<\/p><p><strong style=\"color: #00549d;\"><strong>Monipuolisempi s\u00e4\u00e4dett\u00e4vyys<\/strong><br \/><\/strong>S\u00e4\u00e4dett\u00e4v\u00e4 ramppi varmistaa etu- ja takahampaiden pintojen tasaisen kontaktin, mik\u00e4 nopeuttaa vastaanottoty\u00f6skentely\u00e4.<\/p><p><strong style=\"color: #00549d;\"><strong>Helpompi k\u00e4yt\u00f6ss\u00e4<br \/><\/strong><\/strong>Ergonominen ja tukeva kahva, jossa on selke\u00e4t merkinn\u00e4t siirtym\u00e4lle, voidaan steriloida autoklaavissa.<\/p><p><strong style=\"color: #00549d;\"><strong>Enemm\u00e4n vastinetta rahalle<br \/><\/strong><\/strong>Pakkauksessa on 1 SomGauge-kahva ja 2 pient\u00e4 ja 2 suurta purentahaarukkaa. Kaksi haarukkakokoa riitt\u00e4v\u00e4t kaikille potilaille ja mahdollistavat tarvittaessa riitt\u00e4v\u00e4n tilan kiskon ulottamiseksi takimmaisen poskihampaan taakse.<\/p><p><strong style=\"color: #00549d;\"><strong>Helppo puhdistaa<br \/><\/strong><\/strong>Toisin kuin muut purennanrekister\u00f6intihaarukat, SomGauge voidaan autoklaavata. Purentahaarukat ovat kertak\u00e4ytt\u00f6isi\u00e4.<\/p>\t\t\t\t\t\t\t\t<\/div>\n\t\t\t\t<\/div>\n\t\t\t\t\t<\/div>\n\t\t<\/div>\n\t\t\t\t\t<\/div>\n\t\t<\/section>\n\t\t\t\t\t<\/div>\n\t\t<\/div>\n\t\t\t\t\t<\/div>\n\t\t<\/section>\n\t\t\t\t<section data-particle_enable=\"false\" data-particle-mobile-disabled=\"false\" class=\"elementor-section elementor-top-section elementor-element elementor-element-154f4cff elementor-section-content-middle elementor-reverse-mobile elementor-section-boxed elementor-section-height-default elementor-section-height-default\" data-id=\"154f4cff\" data-element_type=\"section\" data-e-type=\"section\">\n\t\t\t\t\t\t<div class=\"elementor-container elementor-column-gap-default\">\n\t\t\t\t\t<div class=\"elementor-column elementor-col-50 elementor-top-column elementor-element elementor-element-731acb75\" data-id=\"731acb75\" data-element_type=\"column\" data-e-type=\"column\">\n\t\t\t<div class=\"elementor-widget-wrap elementor-element-populated\">\n\t\t\t\t\t\t<section data-particle_enable=\"false\" data-particle-mobile-disabled=\"false\" class=\"elementor-section elementor-inner-section elementor-element elementor-element-3ee10e6d elementor-section-full_width elementor-section-height-default elementor-section-height-default\" data-id=\"3ee10e6d\" data-element_type=\"section\" data-e-type=\"section\">\n\t\t\t\t\t\t<div class=\"elementor-container elementor-column-gap-no\">\n\t\t\t\t\t<div class=\"elementor-column elementor-col-100 elementor-inner-column elementor-element elementor-element-2590c2c\" data-id=\"2590c2c\" data-element_type=\"column\" data-e-type=\"column\">\n\t\t\t<div class=\"elementor-widget-wrap elementor-element-populated\">\n\t\t\t\t\t\t<div class=\"elementor-element elementor-element-4c75e5d elementor-widget elementor-widget-heading\" data-id=\"4c75e5d\" data-element_type=\"widget\" data-e-type=\"widget\" data-widget_type=\"heading.default\">\n\t\t\t\t<div class=\"elementor-widget-container\">\n\t\t\t\t\t<h2 class=\"elementor-heading-title elementor-size-default\">Ihanteellinen leuan aloitusasento<\/h2>\t\t\t\t<\/div>\n\t\t\t\t<\/div>\n\t\t\t\t\t<\/div>\n\t\t<\/div>\n\t\t\t\t\t<\/div>\n\t\t<\/section>\n\t\t\t\t<div class=\"elementor-element elementor-element-761caa7 elementor-widget elementor-widget-text-editor\" data-id=\"761caa7\" data-element_type=\"widget\" data-e-type=\"widget\" data-widget_type=\"text-editor.default\">\n\t\t\t\t<div class=\"elementor-widget-container\">\n\t\t\t\t\t\t\t\t\t<p>Ihanteellinen aloitusasento protruusiopurennan rekister\u00f6inti\u00e4 varten on mukava asento, jossa alaleuka on terapeuttisessa protruusiossa. N\u00e4in varmistetaan potilaalle teht\u00e4v\u00e4n SomnoMed<sup>\u00ae<\/sup>-uniapneakiskon mahdollisimman hyv\u00e4 tehokkuus ja toimivuus.<\/p><p>Useimmille potilaille sopiva aloitusasento on n. 2\/3 keskiasennosta t\u00e4yteen protruusioon p\u00e4in. SomGauge auttaa sinua ja potilastasi l\u00f6yt\u00e4m\u00e4\u00e4n t\u00e4m\u00e4n aloitusasennon helposti ja tarkasti.<\/p><p>Kun aloitusasento on m\u00e4\u00e4ritelty, pyyd\u00e4 potilasta pit\u00e4m\u00e4\u00e4n tuo asento 2\u20133 minuuttia ja pyyd\u00e4 potilasta sitten arvioimaan asennon mukavuutta. S\u00e4\u00e4d\u00e4 asentoa tarpeen vaatimalla tavalla.<\/p>\t\t\t\t\t\t\t\t<\/div>\n\t\t\t\t<\/div>\n\t\t\t\t\t<\/div>\n\t\t<\/div>\n\t\t\t\t<div class=\"elementor-column elementor-col-50 elementor-top-column elementor-element elementor-element-2b74b4dd\" data-id=\"2b74b4dd\" data-element_type=\"column\" data-e-type=\"column\">\n\t\t\t<div class=\"elementor-widget-wrap elementor-element-populated\">\n\t\t\t\t\t\t<div class=\"elementor-element elementor-element-af90192 elementor-widget elementor-widget-video\" data-id=\"af90192\" data-element_type=\"widget\" data-e-type=\"widget\" data-settings=\"{&quot;youtube_url&quot;:&quot;https:\\\/\\\/www.youtube.com\\\/watch?v=t1YN0fvS5EE&quot;,&quot;show_image_overlay&quot;:&quot;yes&quot;,&quot;image_overlay&quot;:{&quot;url&quot;:&quot;https:\\\/\\\/staging.somnomed.com\\\/en\\\/wp-content\\\/uploads\\\/sites\\\/2\\\/2021\\\/06\\\/Union-8.jpg&quot;,&quot;id&quot;:&quot;1350&quot;,&quot;size&quot;:&quot;&quot;},&quot;video_type&quot;:&quot;youtube&quot;,&quot;controls&quot;:&quot;yes&quot;}\" data-widget_type=\"video.default\">\n\t\t\t\t<div class=\"elementor-widget-container\">\n\t\t\t\t\t\t\t<div class=\"elementor-wrapper elementor-open-inline\">\n\t\t\t<div class=\"elementor-video\"><\/div>\t\t\t\t<div class=\"elementor-custom-embed-image-overlay\" style=\"background-image: url(https:\/\/staging.somnomed.com\/fi\/wp-content\/uploads\/sites\/18\/2021\/06\/Union-8.jpg);\">\n\t\t\t\t\t\t\t\t\t\t\t\t\t\t\t\t<div class=\"elementor-custom-embed-play\" role=\"button\" aria-label=\"Katso video\" tabindex=\"0\">\n\t\t\t\t\t\t\t<i aria-hidden=\"true\" class=\"eicon-play\"><\/i>\t\t\t\t\t\t<\/div>\n\t\t\t\t\t\t\t\t\t<\/div>\n\t\t\t\t\t<\/div>\n\t\t\t\t\t\t<\/div>\n\t\t\t\t<\/div>\n\t\t\t\t\t<\/div>\n\t\t<\/div>\n\t\t\t\t\t<\/div>\n\t\t<\/section>\n\t\t\t\t<\/div>\n\t\t","protected":false},"excerpt":{"rendered":"<p>SomGauge on autoklaavattava mittaty\u00f6kalu, jolla voidaan rekister\u00f6id\u00e4 purenta tarkasti ja luotettavasti. Se sopii k\u00e4ytett\u00e4v\u00e4ksi kaikkien tilausty\u00f6n\u00e4 teht\u00e4vien SomnoDent\u00ae-kiskojen kanssa. SomGauge on tarkoitettu vain hammasl\u00e4\u00e4ketieteen ammattilaisten k\u00e4ytt\u00f6\u00f6n. SomnoMedin\u00ae SomGaugella tarkkojen purentaj\u00e4ljenn\u00f6sten tekeminen onnistuu nopeasti ja helposti. SomGaugen s\u00e4\u00e4dett\u00e4v\u00e4 ramppi mahdollistaa suuremman pystysuuntaisen mitan ottamisen \u2013\u00a0t\u00e4m\u00e4 parantaa sek\u00e4 j\u00e4ljenn\u00f6starkkuutta ett\u00e4 uniapneakiskon kest\u00e4vyytt\u00e4. Ota yhteytt\u00e4 SomGaugen ominaisuuksia Suurempi &#8230;<\/p>\n","protected":false},"author":42,"featured_media":0,"parent":3517,"menu_order":0,"comment_status":"closed","ping_status":"closed","template":"","meta":{"_acf_changed":false,"footnotes":""},"class_list":["post-1348","page","type-page","status-publish","hentry"],"acf":[],"_links":{"self":[{"href":"https:\/\/staging.somnomed.com\/fi\/wp-json\/wp\/v2\/pages\/1348","targetHints":{"allow":["GET"]}}],"collection":[{"href":"https:\/\/staging.somnomed.com\/fi\/wp-json\/wp\/v2\/pages"}],"about":[{"href":"https:\/\/staging.somnomed.com\/fi\/wp-json\/wp\/v2\/types\/page"}],"author":[{"embeddable":true,"href":"https:\/\/staging.somnomed.com\/fi\/wp-json\/wp\/v2\/users\/42"}],"replies":[{"embeddable":true,"href":"https:\/\/staging.somnomed.com\/fi\/wp-json\/wp\/v2\/comments?post=1348"}],"version-history":[{"count":3,"href":"https:\/\/staging.somnomed.com\/fi\/wp-json\/wp\/v2\/pages\/1348\/revisions"}],"predecessor-version":[{"id":16327,"href":"https:\/\/staging.somnomed.com\/fi\/wp-json\/wp\/v2\/pages\/1348\/revisions\/16327"}],"up":[{"embeddable":true,"href":"https:\/\/staging.somnomed.com\/fi\/wp-json\/wp\/v2\/pages\/3517"}],"wp:attachment":[{"href":"https:\/\/staging.somnomed.com\/fi\/wp-json\/wp\/v2\/media?parent=1348"}],"curies":[{"name":"wp","href":"https:\/\/api.w.org\/{rel}","templated":true}]}}