{"id":3544,"date":"2021-07-05T05:00:40","date_gmt":"2021-07-05T09:00:40","guid":{"rendered":"http:\/\/somnomed.gsqtest1.com\/en\/?page_id=3544"},"modified":"2023-06-20T11:53:24","modified_gmt":"2023-06-20T08:53:24","slug":"somnodent-avant","status":"publish","type":"page","link":"https:\/\/staging.somnomed.com\/fi\/dentists\/products\/somnodent\/somnodent-avant\/","title":{"rendered":"SomnoDent<sup>\u00ae<\/sup> Avant<sup>\u2122<\/sup>"},"content":{"rendered":"\t\t<div data-elementor-type=\"wp-page\" data-elementor-id=\"3544\" class=\"elementor elementor-3544\" data-elementor-post-type=\"page\">\n\t\t\t\t\t\t<section data-particle_enable=\"false\" data-particle-mobile-disabled=\"false\" class=\"elementor-section elementor-top-section elementor-element elementor-element-628e76e2 elementor-section-content-middle elementor-section-boxed elementor-section-height-default elementor-section-height-default\" data-id=\"628e76e2\" data-element_type=\"section\" data-e-type=\"section\">\n\t\t\t\t\t\t<div class=\"elementor-container elementor-column-gap-default\">\n\t\t\t\t\t<div class=\"elementor-column elementor-col-50 elementor-top-column elementor-element elementor-element-1bf411e8\" data-id=\"1bf411e8\" data-element_type=\"column\" data-e-type=\"column\">\n\t\t\t<div class=\"elementor-widget-wrap elementor-element-populated\">\n\t\t\t\t\t\t<div class=\"elementor-element elementor-element-721a329 elementor-widget elementor-widget-shortcode\" data-id=\"721a329\" data-element_type=\"widget\" data-e-type=\"widget\" data-widget_type=\"shortcode.default\">\n\t\t\t\t<div class=\"elementor-widget-container\">\n\t\t\t\t\t\t\t<div class=\"elementor-shortcode\"><div id=\"sm360_view-avant\" class=\"sm360-viewer-container sm360-embed\" style=\"width:550px; height:450px; background-color:#ffffff;\" data-config=\"\/wp-content\/themes\/somnomed-2021\/assets\/files\/products-360\/avant\/SOMNOMED.xml\" data-rootpath=\"\" data-skin=\"modern\"><\/div><\/div>\n\t\t\t\t\t\t<\/div>\n\t\t\t\t<\/div>\n\t\t\t\t<div class=\"elementor-element elementor-element-c3f05a0 elementor-widget elementor-widget-image\" data-id=\"c3f05a0\" data-element_type=\"widget\" data-e-type=\"widget\" data-widget_type=\"image.default\">\n\t\t\t\t<div class=\"elementor-widget-container\">\n\t\t\t\t\t\t\t\t\t\t\t\t\t\t\t<img fetchpriority=\"high\" decoding=\"async\" width=\"768\" height=\"147\" src=\"https:\/\/staging.somnomed.com\/fi\/wp-content\/uploads\/sites\/18\/2021\/07\/somnodent-avant-logo-full-color-rgb-1000px@72ppi1-1-768x147.png\" class=\"attachment-medium_large size-medium_large wp-image-5497\" alt=\"\" srcset=\"https:\/\/staging.somnomed.com\/fi\/wp-content\/uploads\/sites\/18\/2021\/07\/somnodent-avant-logo-full-color-rgb-1000px@72ppi1-1-768x147.png 768w, https:\/\/staging.somnomed.com\/fi\/wp-content\/uploads\/sites\/18\/2021\/07\/somnodent-avant-logo-full-color-rgb-1000px@72ppi1-1-300x57.png 300w, https:\/\/staging.somnomed.com\/fi\/wp-content\/uploads\/sites\/18\/2021\/07\/somnodent-avant-logo-full-color-rgb-1000px@72ppi1-1.png 1000w\" sizes=\"(max-width: 768px) 100vw, 768px\" \/>\t\t\t\t\t\t\t\t\t\t\t\t\t\t\t<\/div>\n\t\t\t\t<\/div>\n\t\t\t\t\t<\/div>\n\t\t<\/div>\n\t\t\t\t<div class=\"elementor-column elementor-col-50 elementor-top-column elementor-element elementor-element-7894c723\" data-id=\"7894c723\" data-element_type=\"column\" data-e-type=\"column\">\n\t\t\t<div class=\"elementor-widget-wrap elementor-element-populated\">\n\t\t\t\t\t\t<section data-particle_enable=\"false\" data-particle-mobile-disabled=\"false\" class=\"elementor-section elementor-inner-section elementor-element elementor-element-7e3e568b elementor-section-full_width elementor-section-height-default elementor-section-height-default\" data-id=\"7e3e568b\" data-element_type=\"section\" data-e-type=\"section\">\n\t\t\t\t\t\t<div class=\"elementor-container elementor-column-gap-no\">\n\t\t\t\t\t<div class=\"elementor-column elementor-col-100 elementor-inner-column elementor-element elementor-element-280a8fb1\" data-id=\"280a8fb1\" data-element_type=\"column\" data-e-type=\"column\">\n\t\t\t<div class=\"elementor-widget-wrap elementor-element-populated\">\n\t\t\t\t\t\t<div class=\"elementor-element elementor-element-34b36f03 elementor-widget elementor-widget-heading\" data-id=\"34b36f03\" data-element_type=\"widget\" data-e-type=\"widget\" data-widget_type=\"heading.default\">\n\t\t\t\t<div class=\"elementor-widget-container\">\n\t\t\t\t\t<h1 class=\"elementor-heading-title elementor-size-default\">SomnoDent<sup>\u00ae<\/sup><br \/>Avant<sup>\u00ae<\/sup><\/h1>\t\t\t\t<\/div>\n\t\t\t\t<\/div>\n\t\t\t\t<div class=\"elementor-element elementor-element-42a0f20b elementor-widget elementor-widget-text-editor\" data-id=\"42a0f20b\" data-element_type=\"widget\" data-e-type=\"widget\" data-widget_type=\"text-editor.default\">\n\t\t\t\t<div class=\"elementor-widget-container\">\n\t\t\t\t\t\t\t\t\tSomnoDent<sup>\u00ae<\/sup> Avant<sup>\u00ae<\/sup> on t\u00e4h\u00e4n menness\u00e4 kaikkein mukavin uniapneakiskomme. Yl\u00e4- ja alaleuan kiskot muotoillaan tietokoneavusteisesti ja jyrsit\u00e4\u00e4n yhdest\u00e4 kappaleesta esikovetettua hammasakryyli\u00e4. Esikovetusprosessi parantaa materiaalin taivutuslujuutta 18 % \u2013 seurauksena on v\u00e4hemm\u00e4n rikkoutuneita kiskoja, v\u00e4hemm\u00e4n uudelleen tekemist\u00e4, v\u00e4hemm\u00e4n k\u00e4ytetty\u00e4 hoitoaikaa.\n\nPehme\u00e4 b-flex Comfort Liner<sup>\u2122<\/sup> -pintamateriaali istuu hampaisiin saumattomasti tukien niit\u00e4 hell\u00e4varaisesti ja minimoiden hampaiden liikkeen. b-flex Comfort Liner<sup>\u2122<\/sup> -pintamateriaali tekee kiskosta mukavamman k\u00e4ytt\u00e4\u00e4 ja varmistaa, ettei kisko p\u00e4\u00e4se liikkumaan paikoiltaan nukkuessa. Potilas k\u00e4ytt\u00e4\u00e4 mukavampaa kiskoa mielell\u00e4\u00e4n, joten mukavuus my\u00f6s tehostaa uniapnean hoitoa\n\nMeille on kunnia-asia, ett\u00e4 jokainen kiskomme sopii t\u00e4ydellisesti heti ensimm\u00e4isell\u00e4 sovituksella. Hyv\u00e4n intraoraaliskannauksen tai j\u00e4ljenn\u00f6sten pohjalta voimme valmistaa SomnoDent<sup>\u00ae<\/sup> Avant<sup>\u00ae<\/sup> -uniapneakiskon, joka sopii potilaan suuhun ilman ensimm\u00e4ist\u00e4k\u00e4\u00e4n muokkausta.\n\nSomnoDent<sup>\u00ae<\/sup> Avantin<sup>\u00ae<\/sup> innovatiivisen suunnittelun ansiosta kisko sulkee hell\u00e4varaisesti potilaan suun ja ohjaa t\u00e4t\u00e4 hengitt\u00e4m\u00e4\u00e4n nukkuessaan nen\u00e4n kautta. T\u00e4m\u00e4 saa useimmilla kuorsaamisen loppumaan ja ehk\u00e4isee suun kuivumista, mik\u00e4 on yleinen ongelma muiden uniapneakiskojen (ja CPAPin) k\u00e4ytt\u00e4jill\u00e4.\t\t\t\t\t\t\t\t<\/div>\n\t\t\t\t<\/div>\n\t\t\t\t<div class=\"elementor-element elementor-element-0de9ef8 elementor-widget elementor-widget-button\" data-id=\"0de9ef8\" data-element_type=\"widget\" data-e-type=\"widget\" data-widget_type=\"button.default\">\n\t\t\t\t<div class=\"elementor-widget-container\">\n\t\t\t\t\t\t\t\t\t<div class=\"elementor-button-wrapper\">\n\t\t\t\t\t<a class=\"elementor-button elementor-button-link elementor-size-sm\" href=\"https:\/\/staging.somnomed.com\/fi\/dentists\/dentists-contact\/\" target=\"_blank\">\n\t\t\t\t\t\t<span class=\"elementor-button-content-wrapper\">\n\t\t\t\t\t\t\t\t\t<span class=\"elementor-button-text\">Kysy lis\u00e4\u00e4<\/span>\n\t\t\t\t\t<\/span>\n\t\t\t\t\t<\/a>\n\t\t\t\t<\/div>\n\t\t\t\t\t\t\t\t<\/div>\n\t\t\t\t<\/div>\n\t\t\t\t\t<\/div>\n\t\t<\/div>\n\t\t\t\t\t<\/div>\n\t\t<\/section>\n\t\t\t\t\t<\/div>\n\t\t<\/div>\n\t\t\t\t\t<\/div>\n\t\t<\/section>\n\t\t\t\t<section data-particle_enable=\"false\" data-particle-mobile-disabled=\"false\" class=\"elementor-section elementor-top-section elementor-element elementor-element-3b48deee elementor-section-content-middle elementor-section-full_width elementor-reverse-mobile elementor-section-height-default elementor-section-height-default\" data-id=\"3b48deee\" data-element_type=\"section\" data-e-type=\"section\" data-settings=\"{&quot;background_background&quot;:&quot;classic&quot;}\">\n\t\t\t\t\t\t<div class=\"elementor-container elementor-column-gap-default\">\n\t\t\t\t\t<div class=\"elementor-column elementor-col-50 elementor-top-column elementor-element elementor-element-5f064852 padding-col--left\" data-id=\"5f064852\" data-element_type=\"column\" data-e-type=\"column\">\n\t\t\t<div class=\"elementor-widget-wrap elementor-element-populated\">\n\t\t\t\t\t\t<section data-particle_enable=\"false\" data-particle-mobile-disabled=\"false\" class=\"elementor-section elementor-inner-section elementor-element elementor-element-4e1a1f01 elementor-section-full_width elementor-section-height-default elementor-section-height-default\" data-id=\"4e1a1f01\" data-element_type=\"section\" data-e-type=\"section\">\n\t\t\t\t\t\t<div class=\"elementor-container elementor-column-gap-no\">\n\t\t\t\t\t<div class=\"elementor-column elementor-col-100 elementor-inner-column elementor-element elementor-element-385d9dd7\" data-id=\"385d9dd7\" data-element_type=\"column\" data-e-type=\"column\">\n\t\t\t<div class=\"elementor-widget-wrap elementor-element-populated\">\n\t\t\t\t\t\t<div class=\"elementor-element elementor-element-1451824a elementor-widget elementor-widget-heading\" data-id=\"1451824a\" data-element_type=\"widget\" data-e-type=\"widget\" data-widget_type=\"heading.default\">\n\t\t\t\t<div class=\"elementor-widget-container\">\n\t\t\t\t\t<h1 class=\"elementor-heading-title elementor-size-default\">N\u00e4in valmistamme SomnoDent<sup>\u00ae<\/sup> Avant<sup>\u00ae<\/sup>  uniapneakiskon<\/h1>\t\t\t\t<\/div>\n\t\t\t\t<\/div>\n\t\t\t\t<div class=\"elementor-element elementor-element-41eb93d9 elementor-widget elementor-widget-text-editor\" data-id=\"41eb93d9\" data-element_type=\"widget\" data-e-type=\"widget\" data-widget_type=\"text-editor.default\">\n\t\t\t\t<div class=\"elementor-widget-container\">\n\t\t\t\t\t\t\t\t\t<p>SomnoDent<sup>\u00ae<\/sup> Avant<sup>\u2122<\/sup> \u2011uniapneakiskon valmistamisen l\u00e4ht\u00f6kohta on hampaistostasi tehty digitaalinen skannaus, jonka hammasl\u00e4\u00e4k\u00e4risi toimittaa meille. T\u00e4m\u00e4n kuvan perusteella SomnoMed<sup>\u00ae<\/sup> suunnittelee tietokoneavusteista suunnittelua (CAD) hy\u00f6dynt\u00e4en kiskon, joka sopii juuri sinun hampaisiisi.<\/p><p>Kun kisko on suunniteltu, tietokoneen ohjaamat jyrsint\u00e4robotit valmistavat sen. Robotti muotoilee kiskosi yhdest\u00e4 kappaleesta hammasl\u00e4\u00e4ketieteellist\u00e4 muovia \u2013 tutkimukset ovat osoittaneet, ett\u00e4 t\u00e4ll\u00e4 menetelm\u00e4ll\u00e4 valmistetut kiskot ovat kest\u00e4v\u00e4mpi\u00e4. T\u00e4m\u00e4n j\u00e4lkeen kiskoosi lis\u00e4t\u00e4\u00e4n pehme\u00e4 b-Flex Comfort Liner<sup>\u2122<\/sup> -pintamateriaali ja se kiillotetaan niin, ett\u00e4 kaikki kulmat ja reunat py\u00f6ristyv\u00e4t ja kisko on mukava suussa.<\/p><p>Kun kisko on valmis, sit\u00e4 sovitetaan 3D-tulostettuun malliin hampaistostasi. Varmistamme, ett\u00e4 kisko sopii, pysyy hyvin paikoillaan ja on hammasl\u00e4\u00e4k\u00e4risi meille ilmoittamien vaatimusten mukainen. L\u00e4het\u00e4mme kiskon hammasl\u00e4\u00e4k\u00e4rillesi. Tavallisesti saat kiskon 3-4 viikon kuluessa ja p\u00e4\u00e4set aloittamaan uniapnean hoidon.<\/p><table width=\"1011\"><tbody><tr><td width=\"369\">\u00a0<\/td><\/tr><\/tbody><\/table>\t\t\t\t\t\t\t\t<\/div>\n\t\t\t\t<\/div>\n\t\t\t\t\t<\/div>\n\t\t<\/div>\n\t\t\t\t\t<\/div>\n\t\t<\/section>\n\t\t\t\t\t<\/div>\n\t\t<\/div>\n\t\t\t\t<div class=\"elementor-column elementor-col-50 elementor-top-column elementor-element elementor-element-63ca8f43\" data-id=\"63ca8f43\" data-element_type=\"column\" data-e-type=\"column\">\n\t\t\t<div class=\"elementor-widget-wrap elementor-element-populated\">\n\t\t\t\t\t\t<div class=\"elementor-element elementor-element-6bb56aaa elementor-widget elementor-widget-video\" data-id=\"6bb56aaa\" data-element_type=\"widget\" data-e-type=\"widget\" data-settings=\"{&quot;youtube_url&quot;:&quot;https:\\\/\\\/www.youtube.com\\\/watch?v=mIefldHMb5k&quot;,&quot;lazy_load&quot;:&quot;yes&quot;,&quot;show_image_overlay&quot;:&quot;yes&quot;,&quot;image_overlay&quot;:{&quot;url&quot;:&quot;https:\\\/\\\/staging.somnomed.com\\\/en\\\/wp-content\\\/uploads\\\/sites\\\/2\\\/2021\\\/07\\\/SomTabs-and-Products-USA-20.jpg&quot;,&quot;id&quot;:&quot;3470&quot;,&quot;size&quot;:&quot;&quot;},&quot;video_type&quot;:&quot;youtube&quot;,&quot;controls&quot;:&quot;yes&quot;}\" data-widget_type=\"video.default\">\n\t\t\t\t<div class=\"elementor-widget-container\">\n\t\t\t\t\t\t\t<div class=\"elementor-wrapper elementor-open-inline\">\n\t\t\t<div class=\"elementor-video\"><\/div>\t\t\t\t<div class=\"elementor-custom-embed-image-overlay\" style=\"background-image: url(https:\/\/staging.somnomed.com\/fi\/wp-content\/uploads\/sites\/18\/2021\/07\/SomTabs-and-Products-USA-20.jpg);\">\n\t\t\t\t\t\t\t\t\t\t\t\t\t\t\t\t<div class=\"elementor-custom-embed-play\" role=\"button\" aria-label=\"Katso video\" tabindex=\"0\">\n\t\t\t\t\t\t\t<i aria-hidden=\"true\" class=\"eicon-play\"><\/i>\t\t\t\t\t\t<\/div>\n\t\t\t\t\t\t\t\t\t<\/div>\n\t\t\t\t\t<\/div>\n\t\t\t\t\t\t<\/div>\n\t\t\t\t<\/div>\n\t\t\t\t\t<\/div>\n\t\t<\/div>\n\t\t\t\t\t<\/div>\n\t\t<\/section>\n\t\t\t\t<section data-particle_enable=\"false\" data-particle-mobile-disabled=\"false\" class=\"elementor-section elementor-top-section elementor-element elementor-element-6aacfbc7 elementor-section-boxed elementor-section-height-default elementor-section-height-default\" data-id=\"6aacfbc7\" data-element_type=\"section\" data-e-type=\"section\" data-settings=\"{&quot;background_background&quot;:&quot;classic&quot;}\">\n\t\t\t\t\t\t\t<div class=\"elementor-background-overlay\"><\/div>\n\t\t\t\t\t\t\t<div class=\"elementor-container elementor-column-gap-default\">\n\t\t\t\t\t<div class=\"elementor-column elementor-col-100 elementor-top-column elementor-element elementor-element-57ae84de\" data-id=\"57ae84de\" data-element_type=\"column\" data-e-type=\"column\" data-settings=\"{&quot;background_background&quot;:&quot;classic&quot;}\">\n\t\t\t<div class=\"elementor-widget-wrap elementor-element-populated\">\n\t\t\t\t\t\t<div class=\"elementor-element elementor-element-1090f52b elementor-widget elementor-widget-spacer\" data-id=\"1090f52b\" data-element_type=\"widget\" data-e-type=\"widget\" data-widget_type=\"spacer.default\">\n\t\t\t\t<div class=\"elementor-widget-container\">\n\t\t\t\t\t\t\t<div class=\"elementor-spacer\">\n\t\t\t<div class=\"elementor-spacer-inner\"><\/div>\n\t\t<\/div>\n\t\t\t\t\t\t<\/div>\n\t\t\t\t<\/div>\n\t\t\t\t<div class=\"elementor-element elementor-element-676c007d elementor-widget elementor-widget-heading\" data-id=\"676c007d\" data-element_type=\"widget\" data-e-type=\"widget\" data-widget_type=\"heading.default\">\n\t\t\t\t<div class=\"elementor-widget-container\">\n\t\t\t\t\t<h2 class=\"elementor-heading-title elementor-size-default\">SomPledge-lupaus<\/h2>\t\t\t\t<\/div>\n\t\t\t\t<\/div>\n\t\t\t\t<div class=\"elementor-element elementor-element-606dfe78 elementor-widget elementor-widget-heading\" data-id=\"606dfe78\" data-element_type=\"widget\" data-e-type=\"widget\" data-widget_type=\"heading.default\">\n\t\t\t\t<div class=\"elementor-widget-container\">\n\t\t\t\t\t<h2 class=\"elementor-heading-title elementor-size-default\">Sitoutuminen laatuun<\/h2>\t\t\t\t<\/div>\n\t\t\t\t<\/div>\n\t\t\t\t<div class=\"elementor-element elementor-element-5ac5bbf2 elementor-widget-divider--view-line elementor-widget elementor-widget-divider\" data-id=\"5ac5bbf2\" data-element_type=\"widget\" data-e-type=\"widget\" data-widget_type=\"divider.default\">\n\t\t\t\t<div class=\"elementor-widget-container\">\n\t\t\t\t\t\t\t<div class=\"elementor-divider\">\n\t\t\t<span class=\"elementor-divider-separator\">\n\t\t\t\t\t\t<\/span>\n\t\t<\/div>\n\t\t\t\t\t\t<\/div>\n\t\t\t\t<\/div>\n\t\t\t\t\t<\/div>\n\t\t<\/div>\n\t\t\t\t\t<\/div>\n\t\t<\/section>\n\t\t\t\t<section data-particle_enable=\"false\" data-particle-mobile-disabled=\"false\" class=\"elementor-section elementor-top-section elementor-element elementor-element-6be1678 elementor-section-content-middle elementor-section-boxed elementor-section-height-default elementor-section-height-default\" data-id=\"6be1678\" data-element_type=\"section\" data-e-type=\"section\" data-settings=\"{&quot;background_background&quot;:&quot;classic&quot;}\">\n\t\t\t\t\t\t\t<div class=\"elementor-background-overlay\"><\/div>\n\t\t\t\t\t\t\t<div class=\"elementor-container elementor-column-gap-no\">\n\t\t\t\t\t<div class=\"elementor-column elementor-col-50 elementor-top-column elementor-element elementor-element-1b5a372c\" data-id=\"1b5a372c\" data-element_type=\"column\" data-e-type=\"column\">\n\t\t\t<div class=\"elementor-widget-wrap elementor-element-populated\">\n\t\t\t\t\t\t<div class=\"elementor-element elementor-element-541956a0 elementor-position-inline-start elementor-view-default elementor-mobile-position-block-start elementor-widget elementor-widget-icon-box\" data-id=\"541956a0\" data-element_type=\"widget\" data-e-type=\"widget\" data-widget_type=\"icon-box.default\">\n\t\t\t\t<div class=\"elementor-widget-container\">\n\t\t\t\t\t\t\t<div class=\"elementor-icon-box-wrapper\">\n\n\t\t\t\t\t\t<div class=\"elementor-icon-box-icon\">\n\t\t\t\t<span  class=\"elementor-icon\">\n\t\t\t\t<i aria-hidden=\"true\" class=\"fas fa-check\"><\/i>\t\t\t\t<\/span>\n\t\t\t<\/div>\n\t\t\t\n\t\t\t\t\t\t<div class=\"elementor-icon-box-content\">\n\n\t\t\t\t\t\t\t\t\t<h3 class=\"elementor-icon-box-title\">\n\t\t\t\t\t\t<span  >\n\t\t\t\t\t\t\tISO 13485\t\t\t\t\t\t<\/span>\n\t\t\t\t\t<\/h3>\n\t\t\t\t\n\t\t\t\t\t\t\t\t\t<p class=\"elementor-icon-box-description\">\n\t\t\t\t\t\tKaikki laitteet on valmistettu l\u00e4\u00e4kinn\u00e4llisten laitteiden valmistusta koskevien ISO 13485 -standardien mukaisesti.\t\t\t\t\t<\/p>\n\t\t\t\t\n\t\t\t<\/div>\n\t\t\t\n\t\t<\/div>\n\t\t\t\t\t\t<\/div>\n\t\t\t\t<\/div>\n\t\t\t\t<div class=\"elementor-element elementor-element-103f64ab elementor-position-inline-start elementor-view-default elementor-mobile-position-block-start elementor-widget elementor-widget-icon-box\" data-id=\"103f64ab\" data-element_type=\"widget\" data-e-type=\"widget\" data-widget_type=\"icon-box.default\">\n\t\t\t\t<div class=\"elementor-widget-container\">\n\t\t\t\t\t\t\t<div class=\"elementor-icon-box-wrapper\">\n\n\t\t\t\t\t\t<div class=\"elementor-icon-box-icon\">\n\t\t\t\t<span  class=\"elementor-icon\">\n\t\t\t\t<i aria-hidden=\"true\" class=\"fas fa-microscope\"><\/i>\t\t\t\t<\/span>\n\t\t\t<\/div>\n\t\t\t\n\t\t\t\t\t\t<div class=\"elementor-icon-box-content\">\n\n\t\t\t\t\t\t\t\t\t<h3 class=\"elementor-icon-box-title\">\n\t\t\t\t\t\t<span  >\n\t\t\t\t\t\t\tValvonta\t\t\t\t\t\t<\/span>\n\t\t\t\t\t<\/h3>\n\t\t\t\t\n\t\t\t\t\t\t\t\t\t<p class=\"elementor-icon-box-description\">\n\t\t\t\t\t\tLaitteesi valmistusta valvotaan alusta loppuun \u2013 kuvien ottamisesta valmistukseen ja toimitukseen.\t\t\t\t\t<\/p>\n\t\t\t\t\n\t\t\t<\/div>\n\t\t\t\n\t\t<\/div>\n\t\t\t\t\t\t<\/div>\n\t\t\t\t<\/div>\n\t\t\t\t<div class=\"elementor-element elementor-element-5d0aa945 elementor-position-inline-start elementor-view-default elementor-mobile-position-block-start elementor-widget elementor-widget-icon-box\" data-id=\"5d0aa945\" data-element_type=\"widget\" data-e-type=\"widget\" data-widget_type=\"icon-box.default\">\n\t\t\t\t<div class=\"elementor-widget-container\">\n\t\t\t\t\t\t\t<div class=\"elementor-icon-box-wrapper\">\n\n\t\t\t\t\t\t<div class=\"elementor-icon-box-icon\">\n\t\t\t\t<span  class=\"elementor-icon\">\n\t\t\t\t<i aria-hidden=\"true\" class=\"fas fa-file-medical\"><\/i>\t\t\t\t<\/span>\n\t\t\t<\/div>\n\t\t\t\n\t\t\t\t\t\t<div class=\"elementor-icon-box-content\">\n\n\t\t\t\t\t\t\t\t\t<h3 class=\"elementor-icon-box-title\">\n\t\t\t\t\t\t<span  >\n\t\t\t\t\t\t\tL\u00e4\u00e4kinn\u00e4lliseen k\u00e4ytt\u00f6\u00f6n tarkoitetut materiaalit\t\t\t\t\t\t<\/span>\n\t\t\t\t\t<\/h3>\n\t\t\t\t\n\t\t\t\t\t\t\t\t\t<p class=\"elementor-icon-box-description\">\n\t\t\t\t\t\tHyv\u00e4ksi havaitut materiaalit, kuten hammasl\u00e4\u00e4ketieteellinen akryyli ja pehme\u00e4 b-Flex Comfort Liner<sup>\u2122<\/sup> -pintamateriaali.\u200b\t\t\t\t\t<\/p>\n\t\t\t\t\n\t\t\t<\/div>\n\t\t\t\n\t\t<\/div>\n\t\t\t\t\t\t<\/div>\n\t\t\t\t<\/div>\n\t\t\t\t<div class=\"elementor-element elementor-element-33175275 elementor-position-inline-start elementor-view-default elementor-mobile-position-block-start elementor-widget elementor-widget-icon-box\" data-id=\"33175275\" data-element_type=\"widget\" data-e-type=\"widget\" data-widget_type=\"icon-box.default\">\n\t\t\t\t<div class=\"elementor-widget-container\">\n\t\t\t\t\t\t\t<div class=\"elementor-icon-box-wrapper\">\n\n\t\t\t\t\t\t<div class=\"elementor-icon-box-icon\">\n\t\t\t\t<span  class=\"elementor-icon\">\n\t\t\t\t<i aria-hidden=\"true\" class=\"fas fa-laptop\"><\/i>\t\t\t\t<\/span>\n\t\t\t<\/div>\n\t\t\t\n\t\t\t\t\t\t<div class=\"elementor-icon-box-content\">\n\n\t\t\t\t\t\t\t\t\t<h3 class=\"elementor-icon-box-title\">\n\t\t\t\t\t\t<span  >\n\t\t\t\t\t\t\tVerkkotilaus\t\t\t\t\t\t<\/span>\n\t\t\t\t\t<\/h3>\n\t\t\t\t\n\t\t\t\t\t\t\t\t\t<p class=\"elementor-icon-box-description\">\n\t\t\t\t\t\tTilaus ja maksaminen k\u00e4tev\u00e4sti verkossa (vain US ja ANZ, tulossa pian muille markkinoille).\t\t\t\t\t<\/p>\n\t\t\t\t\n\t\t\t<\/div>\n\t\t\t\n\t\t<\/div>\n\t\t\t\t\t\t<\/div>\n\t\t\t\t<\/div>\n\t\t\t\t<div class=\"elementor-element elementor-element-20e26eaf elementor-position-inline-start elementor-view-default elementor-mobile-position-block-start elementor-widget elementor-widget-icon-box\" data-id=\"20e26eaf\" data-element_type=\"widget\" data-e-type=\"widget\" data-widget_type=\"icon-box.default\">\n\t\t\t\t<div class=\"elementor-widget-container\">\n\t\t\t\t\t\t\t<div class=\"elementor-icon-box-wrapper\">\n\n\t\t\t\t\t\t<div class=\"elementor-icon-box-icon\">\n\t\t\t\t<span  class=\"elementor-icon\">\n\t\t\t\t<i aria-hidden=\"true\" class=\"fas fa-star\"><\/i>\t\t\t\t<\/span>\n\t\t\t<\/div>\n\t\t\t\n\t\t\t\t\t\t<div class=\"elementor-icon-box-content\">\n\n\t\t\t\t\t\t\t\t\t<h3 class=\"elementor-icon-box-title\">\n\t\t\t\t\t\t<span  >\n\t\t\t\t\t\t\tSopii heti ensimm\u00e4isell\u00e4 kerralla\t\t\t\t\t\t<\/span>\n\t\t\t\t\t<\/h3>\n\t\t\t\t\n\t\t\t\t\t\t\t\t\t<p class=\"elementor-icon-box-description\">\n\t\t\t\t\t\tIOS-kuvien tai valosten t\u00e4ydellinen tarkastus ennen valmistusta, jotta voidaan varmistaa, ett\u00e4 laite sopii mukavasti.\t\t\t\t\t<\/p>\n\t\t\t\t\n\t\t\t<\/div>\n\t\t\t\n\t\t<\/div>\n\t\t\t\t\t\t<\/div>\n\t\t\t\t<\/div>\n\t\t\t\t<div class=\"elementor-element elementor-element-1a5932a7 elementor-widget elementor-widget-spacer\" data-id=\"1a5932a7\" data-element_type=\"widget\" data-e-type=\"widget\" data-widget_type=\"spacer.default\">\n\t\t\t\t<div class=\"elementor-widget-container\">\n\t\t\t\t\t\t\t<div class=\"elementor-spacer\">\n\t\t\t<div class=\"elementor-spacer-inner\"><\/div>\n\t\t<\/div>\n\t\t\t\t\t\t<\/div>\n\t\t\t\t<\/div>\n\t\t\t\t\t<\/div>\n\t\t<\/div>\n\t\t\t\t<div class=\"elementor-column elementor-col-50 elementor-top-column elementor-element elementor-element-5ff9a7b9\" data-id=\"5ff9a7b9\" data-element_type=\"column\" data-e-type=\"column\">\n\t\t\t<div class=\"elementor-widget-wrap elementor-element-populated\">\n\t\t\t\t\t\t<div class=\"elementor-element elementor-element-3bdca0e4 elementor-widget elementor-widget-image\" data-id=\"3bdca0e4\" data-element_type=\"widget\" data-e-type=\"widget\" data-widget_type=\"image.default\">\n\t\t\t\t<div class=\"elementor-widget-container\">\n\t\t\t\t\t\t\t\t\t\t\t\t\t\t\t<img decoding=\"async\" width=\"736\" height=\"900\" src=\"https:\/\/staging.somnomed.com\/fi\/wp-content\/uploads\/sites\/18\/2021\/07\/Untitled-design-3-e1627975360653.png\" class=\"attachment-2048x2048 size-2048x2048 wp-image-5234\" alt=\"\" \/>\t\t\t\t\t\t\t\t\t\t\t\t\t\t\t<\/div>\n\t\t\t\t<\/div>\n\t\t\t\t\t<\/div>\n\t\t<\/div>\n\t\t\t\t\t<\/div>\n\t\t<\/section>\n\t\t\t\t<\/div>\n\t\t","protected":false},"excerpt":{"rendered":"<p>SomnoDent\u00aeAvant\u00ae SomnoDent\u00ae Avant\u00ae on t\u00e4h\u00e4n menness\u00e4 kaikkein mukavin uniapneakiskomme. Yl\u00e4- ja alaleuan kiskot muotoillaan tietokoneavusteisesti ja jyrsit\u00e4\u00e4n yhdest\u00e4 kappaleesta esikovetettua hammasakryyli\u00e4. Esikovetusprosessi parantaa materiaalin taivutuslujuutta 18 % \u2013 seurauksena on v\u00e4hemm\u00e4n rikkoutuneita kiskoja, v\u00e4hemm\u00e4n uudelleen tekemist\u00e4, v\u00e4hemm\u00e4n k\u00e4ytetty\u00e4 hoitoaikaa. Pehme\u00e4 b-flex Comfort Liner\u2122 -pintamateriaali istuu hampaisiin saumattomasti tukien niit\u00e4 hell\u00e4varaisesti ja minimoiden hampaiden liikkeen. b-flex &#8230;<\/p>\n","protected":false},"author":42,"featured_media":0,"parent":3540,"menu_order":0,"comment_status":"closed","ping_status":"closed","template":"","meta":{"_acf_changed":false,"footnotes":""},"class_list":["post-3544","page","type-page","status-publish","hentry"],"acf":[],"_links":{"self":[{"href":"https:\/\/staging.somnomed.com\/fi\/wp-json\/wp\/v2\/pages\/3544","targetHints":{"allow":["GET"]}}],"collection":[{"href":"https:\/\/staging.somnomed.com\/fi\/wp-json\/wp\/v2\/pages"}],"about":[{"href":"https:\/\/staging.somnomed.com\/fi\/wp-json\/wp\/v2\/types\/page"}],"author":[{"embeddable":true,"href":"https:\/\/staging.somnomed.com\/fi\/wp-json\/wp\/v2\/users\/42"}],"replies":[{"embeddable":true,"href":"https:\/\/staging.somnomed.com\/fi\/wp-json\/wp\/v2\/comments?post=3544"}],"version-history":[{"count":3,"href":"https:\/\/staging.somnomed.com\/fi\/wp-json\/wp\/v2\/pages\/3544\/revisions"}],"predecessor-version":[{"id":16318,"href":"https:\/\/staging.somnomed.com\/fi\/wp-json\/wp\/v2\/pages\/3544\/revisions\/16318"}],"up":[{"embeddable":true,"href":"https:\/\/staging.somnomed.com\/fi\/wp-json\/wp\/v2\/pages\/3540"}],"wp:attachment":[{"href":"https:\/\/staging.somnomed.com\/fi\/wp-json\/wp\/v2\/media?parent=3544"}],"curies":[{"name":"wp","href":"https:\/\/api.w.org\/{rel}","templated":true}]}}