{"id":379,"date":"2021-06-09T03:12:59","date_gmt":"2021-06-09T07:12:59","guid":{"rendered":"https:\/\/local.somnomed.com\/en\/?page_id=379"},"modified":"2023-06-19T14:29:08","modified_gmt":"2023-06-19T11:29:08","slug":"snoring","status":"publish","type":"page","link":"https:\/\/staging.somnomed.com\/fi\/patients\/sleep\/snoring\/","title":{"rendered":"Kuorsaus"},"content":{"rendered":"\t\t<div data-elementor-type=\"wp-page\" data-elementor-id=\"379\" class=\"elementor elementor-379\" data-elementor-post-type=\"page\">\n\t\t\t\t\t\t<section data-particle_enable=\"false\" data-particle-mobile-disabled=\"false\" class=\"elementor-section elementor-top-section elementor-element elementor-element-4ed0627b elementor-section-content-middle elementor-section-full_width elementor-reverse-mobile elementor-section-height-default elementor-section-height-default\" data-id=\"4ed0627b\" data-element_type=\"section\" data-e-type=\"section\">\n\t\t\t\t\t\t<div class=\"elementor-container elementor-column-gap-default\">\n\t\t\t\t\t<div class=\"elementor-column elementor-col-50 elementor-top-column elementor-element elementor-element-729a920a padding-col--left\" data-id=\"729a920a\" data-element_type=\"column\" data-e-type=\"column\">\n\t\t\t<div class=\"elementor-widget-wrap elementor-element-populated\">\n\t\t\t\t\t\t<section data-particle_enable=\"false\" data-particle-mobile-disabled=\"false\" class=\"elementor-section elementor-inner-section elementor-element elementor-element-57331af6 elementor-section-full_width elementor-section-height-default elementor-section-height-default\" data-id=\"57331af6\" data-element_type=\"section\" data-e-type=\"section\">\n\t\t\t\t\t\t<div class=\"elementor-container elementor-column-gap-no\">\n\t\t\t\t\t<div class=\"elementor-column elementor-col-100 elementor-inner-column elementor-element elementor-element-7f0dfbd5\" data-id=\"7f0dfbd5\" data-element_type=\"column\" data-e-type=\"column\">\n\t\t\t<div class=\"elementor-widget-wrap elementor-element-populated\">\n\t\t\t\t\t\t<div class=\"elementor-element elementor-element-349fc121 elementor-widget elementor-widget-heading\" data-id=\"349fc121\" data-element_type=\"widget\" data-e-type=\"widget\" data-widget_type=\"heading.default\">\n\t\t\t\t<div class=\"elementor-widget-container\">\n\t\t\t\t\t<h1 class=\"elementor-heading-title elementor-size-default\">Kuorsaaminen<\/h1>\t\t\t\t<\/div>\n\t\t\t\t<\/div>\n\t\t\t\t<div class=\"elementor-element elementor-element-4319eb08 elementor-widget elementor-widget-text-editor\" data-id=\"4319eb08\" data-element_type=\"widget\" data-e-type=\"widget\" data-widget_type=\"text-editor.default\">\n\t\t\t\t<div class=\"elementor-widget-container\">\n\t\t\t\t\t\t\t\t\t<p>Kun nukut, kielen ja kaulan pehme\u00e4t kudokset rentoutuvat ja aiheuttavat hengitystien kaventumista, mik\u00e4 aiheuttaa kuorsausta.<\/p><p>Kun hengitystie kaventuu ja yrit\u00e4t vet\u00e4\u00e4 henke\u00e4, kurkun pehme\u00e4t kudokset t\u00e4risev\u00e4t, jolloin syntyy kuorsauksen \u00e4\u00e4ni.<\/p><p>Kuorsaus on todenn\u00e4k\u00f6isemp\u00e4\u00e4, jos nukut sel\u00e4ll\u00e4si ja suu auki.<\/p>\t\t\t\t\t\t\t\t<\/div>\n\t\t\t\t<\/div>\n\t\t\t\t\t<\/div>\n\t\t<\/div>\n\t\t\t\t\t<\/div>\n\t\t<\/section>\n\t\t\t\t\t<\/div>\n\t\t<\/div>\n\t\t\t\t<div class=\"elementor-column elementor-col-50 elementor-top-column elementor-element elementor-element-6adac9ef\" data-id=\"6adac9ef\" data-element_type=\"column\" data-e-type=\"column\">\n\t\t\t<div class=\"elementor-widget-wrap elementor-element-populated\">\n\t\t\t\t\t\t<div class=\"elementor-element elementor-element-5b75355 elementor-widget elementor-widget-image\" data-id=\"5b75355\" data-element_type=\"widget\" data-e-type=\"widget\" data-widget_type=\"image.default\">\n\t\t\t\t<div class=\"elementor-widget-container\">\n\t\t\t\t\t\t\t\t\t\t\t\t\t\t\t<img decoding=\"async\" src=\"https:\/\/staging.somnomed.com\/fi\/wp-content\/uploads\/sites\/18\/elementor\/thumbs\/Man-snoring-and-woman-holding-pillow-to-hear-ears-2-pfsi5vb2yk9mgio0hvkrods6vfgjv4x1ql3p77bvdc.jpg\" title=\"Man snoring and woman holding pillow to hear ears 2\" alt=\"Man snoring and woman holding pillow to hear ears 2\" loading=\"lazy\" \/>\t\t\t\t\t\t\t\t\t\t\t\t\t\t\t<\/div>\n\t\t\t\t<\/div>\n\t\t\t\t\t<\/div>\n\t\t<\/div>\n\t\t\t\t\t<\/div>\n\t\t<\/section>\n\t\t\t\t<section data-particle_enable=\"false\" data-particle-mobile-disabled=\"false\" class=\"elementor-section elementor-top-section elementor-element elementor-element-9fd6d39 elementor-section-content-middle elementor-section-boxed elementor-section-height-default elementor-section-height-default\" data-id=\"9fd6d39\" data-element_type=\"section\" data-e-type=\"section\" data-settings=\"{&quot;background_background&quot;:&quot;classic&quot;}\">\n\t\t\t\t\t\t<div class=\"elementor-container elementor-column-gap-default\">\n\t\t\t\t\t<div class=\"elementor-column elementor-col-50 elementor-top-column elementor-element elementor-element-146748f\" data-id=\"146748f\" data-element_type=\"column\" data-e-type=\"column\">\n\t\t\t<div class=\"elementor-widget-wrap elementor-element-populated\">\n\t\t\t\t\t\t<div class=\"elementor-element elementor-element-93cc063 elementor-widget elementor-widget-image\" data-id=\"93cc063\" data-element_type=\"widget\" data-e-type=\"widget\" data-widget_type=\"image.default\">\n\t\t\t\t<div class=\"elementor-widget-container\">\n\t\t\t\t\t\t\t\t\t\t\t\t\t\t\t<img decoding=\"async\" src=\"https:\/\/staging.somnomed.com\/fi\/wp-content\/uploads\/sites\/18\/elementor\/thumbs\/Depositphotos_219035320_ds-pfsi5ud545xf8l26m50ylhzos6fy0wh4nprls5chfk.jpg\" title=\"Depositphotos_219035320_ds\" alt=\"Depositphotos_219035320_ds\" loading=\"lazy\" \/>\t\t\t\t\t\t\t\t\t\t\t\t\t\t\t<\/div>\n\t\t\t\t<\/div>\n\t\t\t\t\t<\/div>\n\t\t<\/div>\n\t\t\t\t<div class=\"elementor-column elementor-col-50 elementor-top-column elementor-element elementor-element-4b8eed9\" data-id=\"4b8eed9\" data-element_type=\"column\" data-e-type=\"column\">\n\t\t\t<div class=\"elementor-widget-wrap elementor-element-populated\">\n\t\t\t\t\t\t<section data-particle_enable=\"false\" data-particle-mobile-disabled=\"false\" class=\"elementor-section elementor-inner-section elementor-element elementor-element-bdb984c elementor-section-full_width elementor-section-height-default elementor-section-height-default\" data-id=\"bdb984c\" data-element_type=\"section\" data-e-type=\"section\">\n\t\t\t\t\t\t<div class=\"elementor-container elementor-column-gap-no\">\n\t\t\t\t\t<div class=\"elementor-column elementor-col-100 elementor-inner-column elementor-element elementor-element-9c2c98d\" data-id=\"9c2c98d\" data-element_type=\"column\" data-e-type=\"column\">\n\t\t\t<div class=\"elementor-widget-wrap elementor-element-populated\">\n\t\t\t\t\t\t<div class=\"elementor-element elementor-element-6dbc2a9 elementor-widget elementor-widget-text-editor\" data-id=\"6dbc2a9\" data-element_type=\"widget\" data-e-type=\"widget\" data-widget_type=\"text-editor.default\">\n\t\t\t\t<div class=\"elementor-widget-container\">\n\t\t\t\t\t\t\t\t\t<p>Kaikki hengitysteit\u00e4 kaventavat seikat voivat aiheuttaa kuorsausta. N\u00e4it\u00e4 ovat:<\/p>\t\t\t\t\t\t\t\t<\/div>\n\t\t\t\t<\/div>\n\t\t\t\t<div class=\"elementor-element elementor-element-f9abd1e elementor-widget elementor-widget-text-editor\" data-id=\"f9abd1e\" data-element_type=\"widget\" data-e-type=\"widget\" data-widget_type=\"text-editor.default\">\n\t\t\t\t<div class=\"elementor-widget-container\">\n\t\t\t\t\t\t\t\t\t<ul><li><span style=\"color: #00549d;\"><strong>Suuret nielurisat<\/strong><\/span><\/li><li><strong><span style=\"color: #00549d;\">Suurentunut kitakieleke (kurkun takaosassa oleva kudos)<\/span><\/strong><\/li><li><strong><span style=\"color: #00549d;\">Poikkeava v\u00e4lisein\u00e4m\u00e4 (sierainten v\u00e4liss\u00e4 oleva kapea sein\u00e4m\u00e4 on vinossa)<\/span><\/strong><\/li><li><strong><span style=\"color: #00549d;\">Nen\u00e4n tukkoisuus<\/span><\/strong><\/li><li><strong><span style=\"color: #00549d;\">Ylipaino<\/span><\/strong><\/li><li><strong><span style=\"color: #00549d;\">Alkoholin k\u00e4ytt\u00f6<\/span><\/strong><\/li><\/ul>\t\t\t\t\t\t\t\t<\/div>\n\t\t\t\t<\/div>\n\t\t\t\t<div class=\"elementor-element elementor-element-f086c36 elementor-widget elementor-widget-text-editor\" data-id=\"f086c36\" data-element_type=\"widget\" data-e-type=\"widget\" data-widget_type=\"text-editor.default\">\n\t\t\t\t<div class=\"elementor-widget-container\">\n\t\t\t\t\t\t\t\t\t<p>Vaikka kuorsaus on kumppanisi kannalta eritt\u00e4in \u00e4rsytt\u00e4v\u00e4\u00e4, se ei useimmiten aiheuta (vakavia) ongelmia. Noin 20 %:ssa tapauksista kuorsaus on kuitenkin obstruktiivisen uniapnean oire (lue lis\u00e4\u00e4 obstruktiivisesta uniapneasta <span style=\"text-decoration: underline;\"><strong><a href=\"https:\/\/staging.somnomed.com\/fi\/patients\/sleep\/obstructive-sleep-apnea-osa\/\">t\u00e4\u00e4lt\u00e4<\/a><\/strong><\/span>), joka on sairaus, joka voi vaikuttaa terveyteesi.<\/p>\t\t\t\t\t\t\t\t<\/div>\n\t\t\t\t<\/div>\n\t\t\t\t\t<\/div>\n\t\t<\/div>\n\t\t\t\t\t<\/div>\n\t\t<\/section>\n\t\t\t\t\t<\/div>\n\t\t<\/div>\n\t\t\t\t\t<\/div>\n\t\t<\/section>\n\t\t\t\t<section data-particle_enable=\"false\" data-particle-mobile-disabled=\"false\" class=\"elementor-section elementor-top-section elementor-element elementor-element-724d62d8 elementor-section-content-middle elementor-reverse-mobile elementor-section-boxed elementor-section-height-default elementor-section-height-default\" data-id=\"724d62d8\" data-element_type=\"section\" data-e-type=\"section\" data-settings=\"{&quot;background_background&quot;:&quot;classic&quot;}\">\n\t\t\t\t\t\t<div class=\"elementor-container elementor-column-gap-default\">\n\t\t\t\t\t<div class=\"elementor-column elementor-col-50 elementor-top-column elementor-element elementor-element-1d418162\" data-id=\"1d418162\" data-element_type=\"column\" data-e-type=\"column\">\n\t\t\t<div class=\"elementor-widget-wrap elementor-element-populated\">\n\t\t\t\t\t\t<section data-particle_enable=\"false\" data-particle-mobile-disabled=\"false\" class=\"elementor-section elementor-inner-section elementor-element elementor-element-1fcc20f1 elementor-section-full_width elementor-section-height-default elementor-section-height-default\" data-id=\"1fcc20f1\" data-element_type=\"section\" data-e-type=\"section\">\n\t\t\t\t\t\t<div class=\"elementor-container elementor-column-gap-no\">\n\t\t\t\t\t<div class=\"elementor-column elementor-col-100 elementor-inner-column elementor-element elementor-element-75a7a8c2\" data-id=\"75a7a8c2\" data-element_type=\"column\" data-e-type=\"column\">\n\t\t\t<div class=\"elementor-widget-wrap elementor-element-populated\">\n\t\t\t\t\t\t<div class=\"elementor-element elementor-element-ae09570 elementor-widget elementor-widget-heading\" data-id=\"ae09570\" data-element_type=\"widget\" data-e-type=\"widget\" data-widget_type=\"heading.default\">\n\t\t\t\t<div class=\"elementor-widget-container\">\n\t\t\t\t\t<h2 class=\"elementor-heading-title elementor-size-default\">Voidaanko kuorsausta hoitaa?<\/h2>\t\t\t\t<\/div>\n\t\t\t\t<\/div>\n\t\t\t\t<div class=\"elementor-element elementor-element-2eaf329e elementor-widget elementor-widget-text-editor\" data-id=\"2eaf329e\" data-element_type=\"widget\" data-e-type=\"widget\" data-widget_type=\"text-editor.default\">\n\t\t\t\t<div class=\"elementor-widget-container\">\n\t\t\t\t\t\t\t\t\t<p>Kyll\u00e4 vain! Leikkaus voi olla ratkaisu suurten nielurisojen, suurentuneen kitakielekkeen tai poikkeavan v\u00e4lisein\u00e4m\u00e4n aiheuttamiin ongelmiin. Yleisl\u00e4\u00e4k\u00e4risi tai korva-, nen\u00e4- ja kurkkul\u00e4\u00e4k\u00e4risi osaavat kertoa, ovatko n\u00e4m\u00e4 oikeita hoitoja sinulle.<\/p><p>L\u00e4\u00e4k\u00e4rit suosittelevat usein el\u00e4m\u00e4ntapamuutoksia kroonisen kuorsauksen v\u00e4hent\u00e4miseksi, kuten alkoholin k\u00e4yt\u00f6n v\u00e4hent\u00e4mist\u00e4 ja painon pudottamista.<\/p><p>SomnoDent<sup>\u00ae<\/sup>-uniapneakisko voi olla my\u00f6s ratkaisu. Uniapneakisko vet\u00e4\u00e4 alaleukaasi eteenp\u00e4in, jolloin kielt\u00e4 ymp\u00e4r\u00f6iv\u00e4t lihakset venyv\u00e4t ja hengitystie avautuu siten, ett\u00e4 se ei t\u00e4rise en\u00e4\u00e4. Katso SomnoMed<sup>\u00ae<\/sup>-tuotteet napsauttamalla alla olevaa linkki\u00e4.<\/p>\t\t\t\t\t\t\t\t<\/div>\n\t\t\t\t<\/div>\n\t\t\t\t<div class=\"elementor-element elementor-element-8d91814 elementor-widget elementor-widget-button\" data-id=\"8d91814\" data-element_type=\"widget\" data-e-type=\"widget\" data-widget_type=\"button.default\">\n\t\t\t\t<div class=\"elementor-widget-container\">\n\t\t\t\t\t\t\t\t\t<div class=\"elementor-button-wrapper\">\n\t\t\t\t\t<a class=\"elementor-button elementor-button-link elementor-size-sm\" href=\"https:\/\/staging.somnomed.com\/fi\/patients\/products\/somnodent\/\">\n\t\t\t\t\t\t<span class=\"elementor-button-content-wrapper\">\n\t\t\t\t\t\t\t\t\t<span class=\"elementor-button-text\">Katso tuotteet<\/span>\n\t\t\t\t\t<\/span>\n\t\t\t\t\t<\/a>\n\t\t\t\t<\/div>\n\t\t\t\t\t\t\t\t<\/div>\n\t\t\t\t<\/div>\n\t\t\t\t\t<\/div>\n\t\t<\/div>\n\t\t\t\t\t<\/div>\n\t\t<\/section>\n\t\t\t\t\t<\/div>\n\t\t<\/div>\n\t\t\t\t<div class=\"elementor-column elementor-col-50 elementor-top-column elementor-element elementor-element-888537d\" data-id=\"888537d\" data-element_type=\"column\" data-e-type=\"column\">\n\t\t\t<div class=\"elementor-widget-wrap elementor-element-populated\">\n\t\t\t\t\t\t<div class=\"elementor-element elementor-element-7ae356a7 elementor-widget elementor-widget-image\" data-id=\"7ae356a7\" data-element_type=\"widget\" data-e-type=\"widget\" data-widget_type=\"image.default\">\n\t\t\t\t<div class=\"elementor-widget-container\">\n\t\t\t\t\t\t\t\t\t\t\t\t\t\t\t<img decoding=\"async\" src=\"https:\/\/staging.somnomed.com\/fi\/wp-content\/uploads\/sites\/18\/elementor\/thumbs\/Union-4-pfsi5ud545xf8l26m50ylhzos6fy0wh4nprls5chfk.jpg\" title=\"Union 4\" alt=\"Union 4\" loading=\"lazy\" \/>\t\t\t\t\t\t\t\t\t\t\t\t\t\t\t<\/div>\n\t\t\t\t<\/div>\n\t\t\t\t\t<\/div>\n\t\t<\/div>\n\t\t\t\t\t<\/div>\n\t\t<\/section>\n\t\t\t\t<section data-particle_enable=\"false\" data-particle-mobile-disabled=\"false\" class=\"elementor-section elementor-top-section elementor-element elementor-element-2c23ce28 elementor-section-content-middle elementor-section-boxed elementor-section-height-default elementor-section-height-default\" data-id=\"2c23ce28\" data-element_type=\"section\" data-e-type=\"section\" data-settings=\"{&quot;background_background&quot;:&quot;classic&quot;}\">\n\t\t\t\t\t\t<div class=\"elementor-container elementor-column-gap-default\">\n\t\t\t\t\t<div class=\"elementor-column elementor-col-50 elementor-top-column elementor-element elementor-element-4fef3c95\" data-id=\"4fef3c95\" data-element_type=\"column\" data-e-type=\"column\">\n\t\t\t<div class=\"elementor-widget-wrap elementor-element-populated\">\n\t\t\t\t\t\t<div class=\"elementor-element elementor-element-67c18738 elementor-widget elementor-widget-image\" data-id=\"67c18738\" data-element_type=\"widget\" data-e-type=\"widget\" data-widget_type=\"image.default\">\n\t\t\t\t<div class=\"elementor-widget-container\">\n\t\t\t\t\t\t\t\t\t\t\t\t\t\t\t<img decoding=\"async\" src=\"https:\/\/staging.somnomed.com\/fi\/wp-content\/uploads\/sites\/18\/elementor\/thumbs\/Union-4-4-pfsi5ud545xf8l26m50ylhzos6fy0wh4nprls5chfk.jpg\" title=\"Union 4\" alt=\"Union 4\" loading=\"lazy\" \/>\t\t\t\t\t\t\t\t\t\t\t\t\t\t\t<\/div>\n\t\t\t\t<\/div>\n\t\t\t\t\t<\/div>\n\t\t<\/div>\n\t\t\t\t<div class=\"elementor-column elementor-col-50 elementor-top-column elementor-element elementor-element-2c57e45c\" data-id=\"2c57e45c\" data-element_type=\"column\" data-e-type=\"column\">\n\t\t\t<div class=\"elementor-widget-wrap elementor-element-populated\">\n\t\t\t\t\t\t<section data-particle_enable=\"false\" data-particle-mobile-disabled=\"false\" class=\"elementor-section elementor-inner-section elementor-element elementor-element-3cd9590e elementor-section-full_width elementor-section-height-default elementor-section-height-default\" data-id=\"3cd9590e\" data-element_type=\"section\" data-e-type=\"section\">\n\t\t\t\t\t\t<div class=\"elementor-container elementor-column-gap-no\">\n\t\t\t\t\t<div class=\"elementor-column elementor-col-100 elementor-inner-column elementor-element elementor-element-1fcb3330\" data-id=\"1fcb3330\" data-element_type=\"column\" data-e-type=\"column\">\n\t\t\t<div class=\"elementor-widget-wrap elementor-element-populated\">\n\t\t\t\t\t\t<div class=\"elementor-element elementor-element-ceec4f8 elementor-widget elementor-widget-heading\" data-id=\"ceec4f8\" data-element_type=\"widget\" data-e-type=\"widget\" data-widget_type=\"heading.default\">\n\t\t\t\t<div class=\"elementor-widget-container\">\n\t\t\t\t\t<h2 class=\"elementor-heading-title elementor-size-default\">Kenen kanssa minun tulisi keskustella kuorsauksesta?<\/h2>\t\t\t\t<\/div>\n\t\t\t\t<\/div>\n\t\t\t\t<div class=\"elementor-element elementor-element-3301b0f1 elementor-widget elementor-widget-text-editor\" data-id=\"3301b0f1\" data-element_type=\"widget\" data-e-type=\"widget\" data-widget_type=\"text-editor.default\">\n\t\t\t\t<div class=\"elementor-widget-container\">\n\t\t\t\t\t\t\t\t\t<p>Jos kumppanisi k\u00e4rsii kuorsauksestasi kovin, on parasta keskustella l\u00e4\u00e4k\u00e4risi kanssa.<\/p><p>Koska kuorsaus liittyy uniapneaan 20%:ssa tapauksista, on kannattavaa kysy\u00e4 l\u00e4\u00e4k\u00e4rilt\u00e4si unikoetta (eli y\u00f6polygrafia), jolla todetaan onko sinulla t\u00e4m\u00e4 sairaus vai ei. L\u00e4\u00e4k\u00e4risi voi my\u00f6s ohjata sinut erikoisl\u00e4\u00e4k\u00e4rille, joka selvitt\u00e4\u00e4 sopiiko leikkaushoito sinulle.<\/p><p>Jos l\u00e4\u00e4k\u00e4risi on sit\u00e4 mielt\u00e4, ett\u00e4 leikkaushoito ei sovellu sinulle, sinut voidaan ohjata hammasl\u00e4\u00e4k\u00e4rille uniapneakiskon hankintaa varten. Jos sinulla ei ole omaa hammasl\u00e4\u00e4k\u00e4ri\u00e4, SomnoMed<sup><sup>\u00ae<\/sup> <\/sup> voi auttaa sinua l\u00f6yt\u00e4m\u00e4\u00e4n hammasl\u00e4\u00e4k\u00e4rin alueeltasi, joka voi sovittaa r\u00e4\u00e4t\u00e4l\u00f6idyn uniapneakiskon.<\/p>\t\t\t\t\t\t\t\t<\/div>\n\t\t\t\t<\/div>\n\t\t\t\t<div class=\"elementor-element elementor-element-3fcdfd3 elementor-widget elementor-widget-global elementor-global-566 elementor-widget-button\" data-id=\"3fcdfd3\" data-element_type=\"widget\" data-e-type=\"widget\" data-widget_type=\"button.default\">\n\t\t\t\t<div class=\"elementor-widget-container\">\n\t\t\t\t\t\t\t\t\t<div class=\"elementor-button-wrapper\">\n\t\t\t\t\t<a class=\"elementor-button elementor-button-link elementor-size-sm\" href=\"https:\/\/staging.somnomed.com\/fi\/contact\/\" target=\"_blank\">\n\t\t\t\t\t\t<span class=\"elementor-button-content-wrapper\">\n\t\t\t\t\t\t\t\t\t<span class=\"elementor-button-text\">Ota yhteytt\u00e4<\/span>\n\t\t\t\t\t<\/span>\n\t\t\t\t\t<\/a>\n\t\t\t\t<\/div>\n\t\t\t\t\t\t\t\t<\/div>\n\t\t\t\t<\/div>\n\t\t\t\t\t<\/div>\n\t\t<\/div>\n\t\t\t\t\t<\/div>\n\t\t<\/section>\n\t\t\t\t\t<\/div>\n\t\t<\/div>\n\t\t\t\t\t<\/div>\n\t\t<\/section>\n\t\t\t\t<\/div>\n\t\t","protected":false},"excerpt":{"rendered":"<p>Kuorsaaminen Kun nukut, kielen ja kaulan pehme\u00e4t kudokset rentoutuvat ja aiheuttavat hengitystien kaventumista, mik\u00e4 aiheuttaa kuorsausta. Kun hengitystie kaventuu ja yrit\u00e4t vet\u00e4\u00e4 henke\u00e4, kurkun pehme\u00e4t kudokset t\u00e4risev\u00e4t, jolloin syntyy kuorsauksen \u00e4\u00e4ni. Kuorsaus on todenn\u00e4k\u00f6isemp\u00e4\u00e4, jos nukut sel\u00e4ll\u00e4si ja suu auki. Kaikki hengitysteit\u00e4 kaventavat seikat voivat aiheuttaa kuorsausta. N\u00e4it\u00e4 ovat: Suuret nielurisat Suurentunut kitakieleke (kurkun takaosassa &#8230;<\/p>\n","protected":false},"author":42,"featured_media":0,"parent":576,"menu_order":0,"comment_status":"closed","ping_status":"closed","template":"","meta":{"_acf_changed":false,"footnotes":""},"class_list":["post-379","page","type-page","status-publish","hentry"],"acf":[],"_links":{"self":[{"href":"https:\/\/staging.somnomed.com\/fi\/wp-json\/wp\/v2\/pages\/379","targetHints":{"allow":["GET"]}}],"collection":[{"href":"https:\/\/staging.somnomed.com\/fi\/wp-json\/wp\/v2\/pages"}],"about":[{"href":"https:\/\/staging.somnomed.com\/fi\/wp-json\/wp\/v2\/types\/page"}],"author":[{"embeddable":true,"href":"https:\/\/staging.somnomed.com\/fi\/wp-json\/wp\/v2\/users\/42"}],"replies":[{"embeddable":true,"href":"https:\/\/staging.somnomed.com\/fi\/wp-json\/wp\/v2\/comments?post=379"}],"version-history":[{"count":3,"href":"https:\/\/staging.somnomed.com\/fi\/wp-json\/wp\/v2\/pages\/379\/revisions"}],"predecessor-version":[{"id":16239,"href":"https:\/\/staging.somnomed.com\/fi\/wp-json\/wp\/v2\/pages\/379\/revisions\/16239"}],"up":[{"embeddable":true,"href":"https:\/\/staging.somnomed.com\/fi\/wp-json\/wp\/v2\/pages\/576"}],"wp:attachment":[{"href":"https:\/\/staging.somnomed.com\/fi\/wp-json\/wp\/v2\/media?parent=379"}],"curies":[{"name":"wp","href":"https:\/\/api.w.org\/{rel}","templated":true}]}}