{"id":447,"date":"2021-06-09T03:43:33","date_gmt":"2021-06-09T07:43:33","guid":{"rendered":"https:\/\/local.somnomed.com\/en\/?page_id=447"},"modified":"2023-03-15T11:29:54","modified_gmt":"2023-03-15T09:29:54","slug":"somnodent","status":"publish","type":"page","link":"https:\/\/staging.somnomed.com\/fi\/patients\/products\/somnodent\/","title":{"rendered":"SomnoDent<sup>\u00ae<\/sup>"},"content":{"rendered":"\t\t<div data-elementor-type=\"wp-page\" data-elementor-id=\"447\" class=\"elementor elementor-447\" data-elementor-post-type=\"page\">\n\t\t\t\t\t\t<section data-particle_enable=\"false\" data-particle-mobile-disabled=\"false\" class=\"elementor-section elementor-top-section elementor-element elementor-element-5ac85ff4 elementor-section-content-middle elementor-section-full_width elementor-section-height-default elementor-section-height-default\" data-id=\"5ac85ff4\" data-element_type=\"section\" data-e-type=\"section\" data-settings=\"{&quot;background_background&quot;:&quot;classic&quot;}\">\n\t\t\t\t\t\t<div class=\"elementor-container elementor-column-gap-default\">\n\t\t\t\t\t<div class=\"elementor-column elementor-col-50 elementor-top-column elementor-element elementor-element-5db404ec\" data-id=\"5db404ec\" data-element_type=\"column\" data-e-type=\"column\">\n\t\t\t<div class=\"elementor-widget-wrap elementor-element-populated\">\n\t\t\t\t\t\t<div class=\"elementor-element elementor-element-1e132bdc elementor-widget elementor-widget-image\" data-id=\"1e132bdc\" data-element_type=\"widget\" data-e-type=\"widget\" data-widget_type=\"image.default\">\n\t\t\t\t<div class=\"elementor-widget-container\">\n\t\t\t\t\t\t\t\t\t\t\t\t\t\t\t<img fetchpriority=\"high\" decoding=\"async\" width=\"1200\" height=\"800\" src=\"https:\/\/staging.somnomed.com\/fi\/wp-content\/uploads\/sites\/18\/2021\/07\/SomTabs-and-Products-USA-23.jpg\" class=\"attachment-full size-full wp-image-3698\" alt=\"\" srcset=\"https:\/\/staging.somnomed.com\/fi\/wp-content\/uploads\/sites\/18\/2021\/07\/SomTabs-and-Products-USA-23.jpg 1200w, https:\/\/staging.somnomed.com\/fi\/wp-content\/uploads\/sites\/18\/2021\/07\/SomTabs-and-Products-USA-23-300x200.jpg 300w, https:\/\/staging.somnomed.com\/fi\/wp-content\/uploads\/sites\/18\/2021\/07\/SomTabs-and-Products-USA-23-1024x683.jpg 1024w, https:\/\/staging.somnomed.com\/fi\/wp-content\/uploads\/sites\/18\/2021\/07\/SomTabs-and-Products-USA-23-768x512.jpg 768w\" sizes=\"(max-width: 1200px) 100vw, 1200px\" \/>\t\t\t\t\t\t\t\t\t\t\t\t\t\t\t<\/div>\n\t\t\t\t<\/div>\n\t\t\t\t\t<\/div>\n\t\t<\/div>\n\t\t\t\t<div class=\"elementor-column elementor-col-50 elementor-top-column elementor-element elementor-element-2eb24230 padding-col--right\" data-id=\"2eb24230\" data-element_type=\"column\" data-e-type=\"column\">\n\t\t\t<div class=\"elementor-widget-wrap elementor-element-populated\">\n\t\t\t\t\t\t<section data-particle_enable=\"false\" data-particle-mobile-disabled=\"false\" class=\"elementor-section elementor-inner-section elementor-element elementor-element-6d3b2cdc elementor-section-full_width elementor-section-height-default elementor-section-height-default\" data-id=\"6d3b2cdc\" data-element_type=\"section\" data-e-type=\"section\">\n\t\t\t\t\t\t<div class=\"elementor-container elementor-column-gap-no\">\n\t\t\t\t\t<div class=\"elementor-column elementor-col-100 elementor-inner-column elementor-element elementor-element-787a0029\" data-id=\"787a0029\" data-element_type=\"column\" data-e-type=\"column\">\n\t\t\t<div class=\"elementor-widget-wrap elementor-element-populated\">\n\t\t\t\t\t\t<div class=\"elementor-element elementor-element-4ac5f824 elementor-widget elementor-widget-heading\" data-id=\"4ac5f824\" data-element_type=\"widget\" data-e-type=\"widget\" data-widget_type=\"heading.default\">\n\t\t\t\t<div class=\"elementor-widget-container\">\n\t\t\t\t\t<h2 class=\"elementor-heading-title elementor-size-default\">SomnoDent<sup>\u00ae<\/sup> -uniapneakiskot<\/h2>\t\t\t\t<\/div>\n\t\t\t\t<\/div>\n\t\t\t\t<div class=\"elementor-element elementor-element-7bb94491 elementor-widget elementor-widget-text-editor\" data-id=\"7bb94491\" data-element_type=\"widget\" data-e-type=\"widget\" data-widget_type=\"text-editor.default\">\n\t\t\t\t<div class=\"elementor-widget-container\">\n\t\t\t\t\t\t\t\t\t<p>SomnoMed<sup>\u00ae<\/sup> tiet\u00e4\u00e4, ett\u00e4 jokainen potilas on yksil\u00f6. Siksi olemmekin ylpeit\u00e4 voidessamme tarjota laajan valikoiman laitteita ja vaihtoehtoja, joiden avulla voidaan hoitaa obstruktiivisesta uniapneasta (OSA) k\u00e4rsivi\u00e4 potilaita.<\/p><p>SomnoMed<sup>\u00ae<\/sup> on kehitt\u00e4nyt SomnoDent<sup>\u00ae<\/sup>-uniapneakiskojen tuoteperheen \u2013 valikoiman kliinisesti todistettuja uniapneakiskoja, joissa hy\u00f6dynnet\u00e4\u00e4n uusinta teknologiaa.<\/p><p>SomnoMedin<sup>\u00ae<\/sup> taitavat laboratorioasiantuntijat ty\u00f6skentelev\u00e4t uusinta teknologiaa hy\u00f6dynt\u00e4viss\u00e4, ISO 13485 -sertifioiduissa laitoksissamme. Tunnolliset, huolelliset ja tarkat asiantuntijamme noudattavat korkeimpia laatustandardeja tarjotakseen sinulle ja potilaillesi luotettavia, tehokkaita ja laadukkaita uniapneakiskoja.<\/p>\t\t\t\t\t\t\t\t<\/div>\n\t\t\t\t<\/div>\n\t\t\t\t\t<\/div>\n\t\t<\/div>\n\t\t\t\t\t<\/div>\n\t\t<\/section>\n\t\t\t\t\t<\/div>\n\t\t<\/div>\n\t\t\t\t\t<\/div>\n\t\t<\/section>\n\t\t\t\t<section data-particle_enable=\"false\" data-particle-mobile-disabled=\"false\" class=\"elementor-section elementor-top-section elementor-element elementor-element-d9ab75c elementor-section-boxed elementor-section-height-default elementor-section-height-default\" data-id=\"d9ab75c\" data-element_type=\"section\" data-e-type=\"section\" data-settings=\"{&quot;background_background&quot;:&quot;classic&quot;}\">\n\t\t\t\t\t\t<div class=\"elementor-container elementor-column-gap-default\">\n\t\t\t\t\t<div class=\"elementor-column elementor-col-100 elementor-top-column elementor-element elementor-element-55d0fa1\" data-id=\"55d0fa1\" data-element_type=\"column\" data-e-type=\"column\">\n\t\t\t<div class=\"elementor-widget-wrap elementor-element-populated\">\n\t\t\t\t\t\t<div class=\"elementor-element elementor-element-45f7fd9 elementor-widget elementor-widget-spacer\" data-id=\"45f7fd9\" data-element_type=\"widget\" data-e-type=\"widget\" data-widget_type=\"spacer.default\">\n\t\t\t\t<div class=\"elementor-widget-container\">\n\t\t\t\t\t\t\t<div class=\"elementor-spacer\">\n\t\t\t<div class=\"elementor-spacer-inner\"><\/div>\n\t\t<\/div>\n\t\t\t\t\t\t<\/div>\n\t\t\t\t<\/div>\n\t\t\t\t\t<\/div>\n\t\t<\/div>\n\t\t\t\t\t<\/div>\n\t\t<\/section>\n\t\t\t\t<section data-particle_enable=\"false\" data-particle-mobile-disabled=\"false\" class=\"elementor-section elementor-top-section elementor-element elementor-element-38f544df elementor-section-content-middle elementor-section-full_width elementor-reverse-mobile elementor-section-height-default elementor-section-height-default\" data-id=\"38f544df\" data-element_type=\"section\" data-e-type=\"section\" data-settings=\"{&quot;background_background&quot;:&quot;classic&quot;}\">\n\t\t\t\t\t\t<div class=\"elementor-container elementor-column-gap-default\">\n\t\t\t\t\t<div class=\"elementor-column elementor-col-50 elementor-top-column elementor-element elementor-element-774bfe00 padding-col--left\" data-id=\"774bfe00\" data-element_type=\"column\" data-e-type=\"column\">\n\t\t\t<div class=\"elementor-widget-wrap elementor-element-populated\">\n\t\t\t\t\t\t<section data-particle_enable=\"false\" data-particle-mobile-disabled=\"false\" class=\"elementor-section elementor-inner-section elementor-element elementor-element-66201380 elementor-section-full_width elementor-section-height-default elementor-section-height-default\" data-id=\"66201380\" data-element_type=\"section\" data-e-type=\"section\">\n\t\t\t\t\t\t<div class=\"elementor-container elementor-column-gap-no\">\n\t\t\t\t\t<div class=\"elementor-column elementor-col-100 elementor-inner-column elementor-element elementor-element-6b70eef3\" data-id=\"6b70eef3\" data-element_type=\"column\" data-e-type=\"column\">\n\t\t\t<div class=\"elementor-widget-wrap elementor-element-populated\">\n\t\t\t\t\t\t<div class=\"elementor-element elementor-element-1fdda1ce elementor-widget elementor-widget-heading\" data-id=\"1fdda1ce\" data-element_type=\"widget\" data-e-type=\"widget\" data-widget_type=\"heading.default\">\n\t\t\t\t<div class=\"elementor-widget-container\">\n\t\t\t\t\t<h1 class=\"elementor-heading-title elementor-size-default\">b-Flex Comfort Liner<sup>\u2122<\/sup> asettaa mukavuuden ja tehokkuuden standardin<\/h1>\t\t\t\t<\/div>\n\t\t\t\t<\/div>\n\t\t\t\t<div class=\"elementor-element elementor-element-371eeaa8 elementor-widget elementor-widget-text-editor\" data-id=\"371eeaa8\" data-element_type=\"widget\" data-e-type=\"widget\" data-widget_type=\"text-editor.default\">\n\t\t\t\t<div class=\"elementor-widget-container\">\n\t\t\t\t\t\t\t\t\t<p>SomnoMed<sup>\u00ae<\/sup> on maailman johtava uniapnean hoitoon tarkoitettujen uniapneakiskojen suunnittelija sek\u00e4 valmistaja.<\/p><p>Aloitettuaan uniapneakiskojen valmistuksen vuonna 2004, SomnoMed<sup>\u00ae<\/sup> on parantanut SomnoDent<sup>\u00ae<\/sup>-valikoimaa jatkuvasti keskittym\u00e4ll\u00e4 mukavuuden parantamiseen ja uniapnean hoidon kehitt\u00e4miseen.<\/p><p>SomnoDent<sup>\u00ae<\/sup>-kiskojen parempi mukavuus perustuu tekij\u00e4noikeudella suojattuun b-flex Comfort Liner<sup>\u2122<\/sup> -pintamateriaaliin. b-flex Comfort Liner<sup>\u2122<\/sup> ymp\u00e4r\u00f6i hampaasi hell\u00e4sti ja pit\u00e4\u00e4 laitteen paikoillaan unen aikana.<\/p><p>Uusimmat innovaatiomme on otettu osaksi SomnoDent<sup>\u00ae<\/sup> Avant<sup>\u00ae<\/sup> -tuotettamme, joka kannustaa sinua hengitt\u00e4m\u00e4\u00e4n nen\u00e4n kautta suun sijaan, jotta y\u00f6unesi olisivat paremmat.<\/p>\t\t\t\t\t\t\t\t<\/div>\n\t\t\t\t<\/div>\n\t\t\t\t\t<\/div>\n\t\t<\/div>\n\t\t\t\t\t<\/div>\n\t\t<\/section>\n\t\t\t\t\t<\/div>\n\t\t<\/div>\n\t\t\t\t<div class=\"elementor-column elementor-col-50 elementor-top-column elementor-element elementor-element-573cc18\" data-id=\"573cc18\" data-element_type=\"column\" data-e-type=\"column\">\n\t\t\t<div class=\"elementor-widget-wrap elementor-element-populated\">\n\t\t\t\t\t\t<div class=\"elementor-element elementor-element-4d663632 elementor-widget elementor-widget-video\" data-id=\"4d663632\" data-element_type=\"widget\" data-e-type=\"widget\" data-settings=\"{&quot;video_type&quot;:&quot;hosted&quot;,&quot;autoplay&quot;:&quot;yes&quot;,&quot;play_on_mobile&quot;:&quot;yes&quot;,&quot;loop&quot;:&quot;yes&quot;,&quot;mute&quot;:&quot;yes&quot;}\" data-widget_type=\"video.default\">\n\t\t\t\t<div class=\"elementor-widget-container\">\n\t\t\t\t\t\t\t<div class=\"e-hosted-video elementor-wrapper elementor-open-inline\">\n\t\t\t\t\t<video class=\"elementor-video\" src=\"https:\/\/staging.somnomed.com\/au\/wp-content\/uploads\/sites\/4\/2021\/10\/BFlex-3.mp4\" autoplay=\"\" loop=\"\" muted=\"muted\" playsinline=\"\" controlsList=\"nodownload\"><\/video>\n\t\t\t\t<\/div>\n\t\t\t\t\t\t<\/div>\n\t\t\t\t<\/div>\n\t\t\t\t\t<\/div>\n\t\t<\/div>\n\t\t\t\t\t<\/div>\n\t\t<\/section>\n\t\t\t\t<section data-particle_enable=\"false\" data-particle-mobile-disabled=\"false\" class=\"elementor-section elementor-top-section elementor-element elementor-element-9fd6d39 elementor-section-content-middle elementor-section-boxed elementor-section-height-default elementor-section-height-default\" data-id=\"9fd6d39\" data-element_type=\"section\" data-e-type=\"section\" data-settings=\"{&quot;background_background&quot;:&quot;classic&quot;}\">\n\t\t\t\t\t\t<div class=\"elementor-container elementor-column-gap-default\">\n\t\t\t\t\t<div class=\"elementor-column elementor-col-50 elementor-top-column elementor-element elementor-element-146748f\" data-id=\"146748f\" data-element_type=\"column\" data-e-type=\"column\">\n\t\t\t<div class=\"elementor-widget-wrap elementor-element-populated\">\n\t\t\t\t\t\t<div class=\"elementor-element elementor-element-93cc063 elementor-widget elementor-widget-image\" data-id=\"93cc063\" data-element_type=\"widget\" data-e-type=\"widget\" data-widget_type=\"image.default\">\n\t\t\t\t<div class=\"elementor-widget-container\">\n\t\t\t\t\t\t\t\t\t\t\t\t\t\t\t<img decoding=\"async\" src=\"https:\/\/staging.somnomed.com\/fi\/wp-content\/uploads\/sites\/18\/elementor\/thumbs\/SomTabs-and-Products-USA-19-pfsi5vazazypk70tgnfl5zr5dkbb8lkuzuf39fb39c.jpg\" title=\"Patient holding SomnoDent Avant\" alt=\"Patient holding SomnoDent Avant image\" loading=\"lazy\" \/>\t\t\t\t\t\t\t\t\t\t\t\t\t\t\t<\/div>\n\t\t\t\t<\/div>\n\t\t\t\t\t<\/div>\n\t\t<\/div>\n\t\t\t\t<div class=\"elementor-column elementor-col-50 elementor-top-column elementor-element elementor-element-4b8eed9\" data-id=\"4b8eed9\" data-element_type=\"column\" data-e-type=\"column\">\n\t\t\t<div class=\"elementor-widget-wrap elementor-element-populated\">\n\t\t\t\t\t\t<section data-particle_enable=\"false\" data-particle-mobile-disabled=\"false\" class=\"elementor-section elementor-inner-section elementor-element elementor-element-bdb984c elementor-section-full_width elementor-section-height-default elementor-section-height-default\" data-id=\"bdb984c\" data-element_type=\"section\" data-e-type=\"section\">\n\t\t\t\t\t\t<div class=\"elementor-container elementor-column-gap-no\">\n\t\t\t\t\t<div class=\"elementor-column elementor-col-100 elementor-inner-column elementor-element elementor-element-9c2c98d\" data-id=\"9c2c98d\" data-element_type=\"column\" data-e-type=\"column\">\n\t\t\t<div class=\"elementor-widget-wrap elementor-element-populated\">\n\t\t\t\t\t\t<div class=\"elementor-element elementor-element-687dcf4 elementor-widget elementor-widget-heading\" data-id=\"687dcf4\" data-element_type=\"widget\" data-e-type=\"widget\" data-widget_type=\"heading.default\">\n\t\t\t\t<div class=\"elementor-widget-container\">\n\t\t\t\t\t<h2 class=\"elementor-heading-title elementor-size-default\">Potilaat kaikkialla maailmassa luottavat uniapneakiskohoitoon<\/h2>\t\t\t\t<\/div>\n\t\t\t\t<\/div>\n\t\t\t\t<div class=\"elementor-element elementor-element-6dbc2a9 elementor-widget elementor-widget-text-editor\" data-id=\"6dbc2a9\" data-element_type=\"widget\" data-e-type=\"widget\" data-widget_type=\"text-editor.default\">\n\t\t\t\t<div class=\"elementor-widget-container\">\n\t\t\t\t\t\t\t\t\t<p><strong>Yli 750,000 potilasta ymp\u00e4ri maailman k\u00e4ytt\u00e4\u00e4 SomnoMed<sup>\u00ae<\/sup>-uniapneakiskoa.<\/strong><\/p>\n<p>Tri Richard Palmisanon alkuper\u00e4isen innovaation pohjalta syntynyt SomnoMed<sup>\u00ae<\/sup> valmistaa uniapneakiskoja kaikkialla maailmassa. Jatkuvan kehitysty\u00f6n ja tieteellisesti osoitettujen hoitotulosten ansiosta SomnoMed<sup>\u00ae<\/sup> on kasvanut yhdeksi maailman suurimmista uniapneakiskojen valmistajista.<\/p>\t\t\t\t\t\t\t\t<\/div>\n\t\t\t\t<\/div>\n\t\t\t\t\t<\/div>\n\t\t<\/div>\n\t\t\t\t\t<\/div>\n\t\t<\/section>\n\t\t\t\t\t<\/div>\n\t\t<\/div>\n\t\t\t\t\t<\/div>\n\t\t<\/section>\n\t\t\t\t<\/div>\n\t\t","protected":false},"excerpt":{"rendered":"<p>SomnoDent\u00ae -uniapneakiskot SomnoMed\u00ae tiet\u00e4\u00e4, ett\u00e4 jokainen potilas on yksil\u00f6. Siksi olemmekin ylpeit\u00e4 voidessamme tarjota laajan valikoiman laitteita ja vaihtoehtoja, joiden avulla voidaan hoitaa obstruktiivisesta uniapneasta (OSA) k\u00e4rsivi\u00e4 potilaita. SomnoMed\u00ae on kehitt\u00e4nyt SomnoDent\u00ae-uniapneakiskojen tuoteperheen \u2013 valikoiman kliinisesti todistettuja uniapneakiskoja, joissa hy\u00f6dynnet\u00e4\u00e4n uusinta teknologiaa. SomnoMedin\u00ae taitavat laboratorioasiantuntijat ty\u00f6skentelev\u00e4t uusinta teknologiaa hy\u00f6dynt\u00e4viss\u00e4, ISO 13485 -sertifioiduissa laitoksissamme. Tunnolliset, huolelliset &#8230;<\/p>\n","protected":false},"author":42,"featured_media":0,"parent":577,"menu_order":0,"comment_status":"closed","ping_status":"closed","template":"","meta":{"_acf_changed":false,"footnotes":""},"class_list":["post-447","page","type-page","status-publish","hentry"],"acf":[],"_links":{"self":[{"href":"https:\/\/staging.somnomed.com\/fi\/wp-json\/wp\/v2\/pages\/447","targetHints":{"allow":["GET"]}}],"collection":[{"href":"https:\/\/staging.somnomed.com\/fi\/wp-json\/wp\/v2\/pages"}],"about":[{"href":"https:\/\/staging.somnomed.com\/fi\/wp-json\/wp\/v2\/types\/page"}],"author":[{"embeddable":true,"href":"https:\/\/staging.somnomed.com\/fi\/wp-json\/wp\/v2\/users\/42"}],"replies":[{"embeddable":true,"href":"https:\/\/staging.somnomed.com\/fi\/wp-json\/wp\/v2\/comments?post=447"}],"version-history":[{"count":3,"href":"https:\/\/staging.somnomed.com\/fi\/wp-json\/wp\/v2\/pages\/447\/revisions"}],"predecessor-version":[{"id":16125,"href":"https:\/\/staging.somnomed.com\/fi\/wp-json\/wp\/v2\/pages\/447\/revisions\/16125"}],"up":[{"embeddable":true,"href":"https:\/\/staging.somnomed.com\/fi\/wp-json\/wp\/v2\/pages\/577"}],"wp:attachment":[{"href":"https:\/\/staging.somnomed.com\/fi\/wp-json\/wp\/v2\/media?parent=447"}],"curies":[{"name":"wp","href":"https:\/\/api.w.org\/{rel}","templated":true}]}}