{"id":1338,"date":"2021-06-15T23:13:08","date_gmt":"2021-06-16T03:13:08","guid":{"rendered":"http:\/\/somnomed.gsqtest1.com\/en\/?page_id=1338"},"modified":"2025-07-18T14:47:46","modified_gmt":"2025-07-18T13:47:46","slug":"sommorning-repositioner","status":"publish","type":"page","link":"https:\/\/staging.somnomed.com\/hr\/dentists\/products\/sommorning-repositioner\/","title":{"rendered":"SomMorning Repositioner"},"content":{"rendered":"\t\t<div data-elementor-type=\"wp-page\" data-elementor-id=\"1338\" class=\"elementor elementor-1338\" data-elementor-post-type=\"page\">\n\t\t\t\t\t\t<section data-particle_enable=\"false\" data-particle-mobile-disabled=\"false\" class=\"elementor-section elementor-top-section elementor-element elementor-element-788f1747 elementor-section-content-middle elementor-section-full_width elementor-section-height-default elementor-section-height-default\" data-id=\"788f1747\" data-element_type=\"section\" data-e-type=\"section\">\n\t\t\t\t\t\t\t<div class=\"elementor-background-overlay\"><\/div>\n\t\t\t\t\t\t\t<div class=\"elementor-container elementor-column-gap-default\">\n\t\t\t\t\t<div class=\"elementor-column elementor-col-50 elementor-top-column elementor-element elementor-element-31901649\" data-id=\"31901649\" data-element_type=\"column\" data-e-type=\"column\">\n\t\t\t<div class=\"elementor-widget-wrap elementor-element-populated\">\n\t\t\t\t\t\t<div class=\"elementor-element elementor-element-7645becb elementor-widget elementor-widget-image\" data-id=\"7645becb\" data-element_type=\"widget\" data-e-type=\"widget\" data-widget_type=\"image.default\">\n\t\t\t\t<div class=\"elementor-widget-container\">\n\t\t\t\t\t\t\t\t\t\t\t\t\t\t\t<img decoding=\"async\" src=\"https:\/\/staging.somnomed.com\/hr\/wp-content\/uploads\/sites\/22\/elementor\/thumbs\/Untitled-design-33-1-q2vmp909novjhbma1stc6ifonuk142lebizcy41768.png\" title=\"SomMorning Repositioner\" alt=\"SomMorning Repositioner\" loading=\"lazy\" \/>\t\t\t\t\t\t\t\t\t\t\t\t\t\t\t<\/div>\n\t\t\t\t<\/div>\n\t\t\t\t\t<\/div>\n\t\t<\/div>\n\t\t\t\t<div class=\"elementor-column elementor-col-50 elementor-top-column elementor-element elementor-element-5c7424d2 padding-col--right\" data-id=\"5c7424d2\" data-element_type=\"column\" data-e-type=\"column\">\n\t\t\t<div class=\"elementor-widget-wrap elementor-element-populated\">\n\t\t\t\t\t\t<section data-particle_enable=\"false\" data-particle-mobile-disabled=\"false\" class=\"elementor-section elementor-inner-section elementor-element elementor-element-79e633aa elementor-section-full_width elementor-section-height-default elementor-section-height-default\" data-id=\"79e633aa\" data-element_type=\"section\" data-e-type=\"section\">\n\t\t\t\t\t\t<div class=\"elementor-container elementor-column-gap-no\">\n\t\t\t\t\t<div class=\"elementor-column elementor-col-100 elementor-inner-column elementor-element elementor-element-34b87295\" data-id=\"34b87295\" data-element_type=\"column\" data-e-type=\"column\">\n\t\t\t<div class=\"elementor-widget-wrap elementor-element-populated\">\n\t\t\t\t\t\t<div class=\"elementor-element elementor-element-5e8fcacd elementor-widget elementor-widget-heading\" data-id=\"5e8fcacd\" data-element_type=\"widget\" data-e-type=\"widget\" data-widget_type=\"heading.default\">\n\t\t\t\t<div class=\"elementor-widget-container\">\n\t\t\t\t\t<h1 class=\"elementor-heading-title elementor-size-default\">SomMorning Repositioner<\/h1>\t\t\t\t<\/div>\n\t\t\t\t<\/div>\n\t\t\t\t<div class=\"elementor-element elementor-element-e2a75d3 elementor-widget elementor-widget-text-editor\" data-id=\"e2a75d3\" data-element_type=\"widget\" data-e-type=\"widget\" data-widget_type=\"text-editor.default\">\n\t\t\t\t<div class=\"elementor-widget-container\">\n\t\t\t\t\t\t\t\t\t<p>Dizajniran kako bi pomogao vje\u017ebati \u010deljust i vratiti je u normalan centri\u010dni polo\u017eaj.<\/p>\t\t\t\t\t\t\t\t<\/div>\n\t\t\t\t<\/div>\n\t\t\t\t<div class=\"elementor-element elementor-element-8357064 elementor-widget elementor-widget-image\" data-id=\"8357064\" data-element_type=\"widget\" data-e-type=\"widget\" data-widget_type=\"image.default\">\n\t\t\t\t<div class=\"elementor-widget-container\">\n\t\t\t\t\t\t\t\t\t\t\t\t\t\t\t<img fetchpriority=\"high\" decoding=\"async\" width=\"1000\" height=\"149\" src=\"https:\/\/staging.somnomed.com\/hr\/wp-content\/uploads\/sites\/22\/2021\/07\/sommorning-repositioner-logo-full-color-rgb-1000px@72ppi.png\" class=\"attachment-large size-large wp-image-3239\" alt=\"SomMorning repositioner logo\" srcset=\"https:\/\/staging.somnomed.com\/hr\/wp-content\/uploads\/sites\/22\/2021\/07\/sommorning-repositioner-logo-full-color-rgb-1000px@72ppi.png 1000w, https:\/\/staging.somnomed.com\/hr\/wp-content\/uploads\/sites\/22\/2021\/07\/sommorning-repositioner-logo-full-color-rgb-1000px@72ppi-300x45.png 300w, https:\/\/staging.somnomed.com\/hr\/wp-content\/uploads\/sites\/22\/2021\/07\/sommorning-repositioner-logo-full-color-rgb-1000px@72ppi-768x114.png 768w\" sizes=\"(max-width: 1000px) 100vw, 1000px\" \/>\t\t\t\t\t\t\t\t\t\t\t\t\t\t\t<\/div>\n\t\t\t\t<\/div>\n\t\t\t\t\t<\/div>\n\t\t<\/div>\n\t\t\t\t\t<\/div>\n\t\t<\/section>\n\t\t\t\t\t<\/div>\n\t\t<\/div>\n\t\t\t\t\t<\/div>\n\t\t<\/section>\n\t\t\t\t<section data-particle_enable=\"false\" data-particle-mobile-disabled=\"false\" class=\"elementor-section elementor-top-section elementor-element elementor-element-79a325a elementor-section-content-middle elementor-reverse-mobile elementor-section-boxed elementor-section-height-default elementor-section-height-default\" data-id=\"79a325a\" data-element_type=\"section\" data-e-type=\"section\">\n\t\t\t\t\t\t<div class=\"elementor-container elementor-column-gap-default\">\n\t\t\t\t\t<div class=\"elementor-column elementor-col-50 elementor-top-column elementor-element elementor-element-5d07d7f6\" data-id=\"5d07d7f6\" data-element_type=\"column\" data-e-type=\"column\">\n\t\t\t<div class=\"elementor-widget-wrap elementor-element-populated\">\n\t\t\t\t\t\t<section data-particle_enable=\"false\" data-particle-mobile-disabled=\"false\" class=\"elementor-section elementor-inner-section elementor-element elementor-element-4bc41b0a elementor-section-full_width elementor-section-height-default elementor-section-height-default\" data-id=\"4bc41b0a\" data-element_type=\"section\" data-e-type=\"section\">\n\t\t\t\t\t\t<div class=\"elementor-container elementor-column-gap-no\">\n\t\t\t\t\t<div class=\"elementor-column elementor-col-100 elementor-inner-column elementor-element elementor-element-1ffea4e\" data-id=\"1ffea4e\" data-element_type=\"column\" data-e-type=\"column\">\n\t\t\t<div class=\"elementor-widget-wrap elementor-element-populated\">\n\t\t\t\t\t\t<div class=\"elementor-element elementor-element-248414c9 elementor-widget elementor-widget-heading\" data-id=\"248414c9\" data-element_type=\"widget\" data-e-type=\"widget\" data-widget_type=\"heading.default\">\n\t\t\t\t<div class=\"elementor-widget-container\">\n\t\t\t\t\t<h2 class=\"elementor-heading-title elementor-size-default\">Na kojem principu radi SomMorning Repositioner?<\/h2>\t\t\t\t<\/div>\n\t\t\t\t<\/div>\n\t\t\t\t<div class=\"elementor-element elementor-element-67ddb8e0 elementor-widget elementor-widget-text-editor\" data-id=\"67ddb8e0\" data-element_type=\"widget\" data-e-type=\"widget\" data-widget_type=\"text-editor.default\">\n\t\t\t\t<div class=\"elementor-widget-container\">\n\t\t\t\t\t\t\t\t\t<div>Na kojem principu radi SomMorning Repositioner?<\/div><div>SomMorning Repositioner je potrebno nositi 10 minuta svako jutro nakon uklanjanja SomnoDent<sup>\u00ae<\/sup> ure\u0111aja. Preporu\u010dujemo vje\u017ebanje \u010deljusti tako da ponavljate stiskanje ure\u0111aja zubima.<\/div><div>\u00a0<\/div><div>Redovitim izvo\u0111enjem vje\u017ebi sa SomMorning Repositionerom, va\u0161 zagriz bi se trebao brzo vratiti u svoj pravilan polo\u017eaj.<\/div>\t\t\t\t\t\t\t\t<\/div>\n\t\t\t\t<\/div>\n\t\t\t\t<div class=\"elementor-element elementor-element-38c5f35 elementor-widget elementor-widget-text-editor\" data-id=\"38c5f35\" data-element_type=\"widget\" data-e-type=\"widget\" data-widget_type=\"text-editor.default\">\n\t\t\t\t<div class=\"elementor-widget-container\">\n\t\t\t\t\t\t\t\t\t<p>Ueda et. al 2009; Effect of Jaw Exercises on Occlusal Function in Patients with OSA during Oral Appliance Therapy: A Randomized Controlled Trial.<\/p><p>\u00a0<\/p>\t\t\t\t\t\t\t\t<\/div>\n\t\t\t\t<\/div>\n\t\t\t\t<div class=\"elementor-element elementor-element-024d712 elementor-widget elementor-widget-button\" data-id=\"024d712\" data-element_type=\"widget\" data-e-type=\"widget\" data-widget_type=\"button.default\">\n\t\t\t\t<div class=\"elementor-widget-container\">\n\t\t\t\t\t\t\t\t\t<div class=\"elementor-button-wrapper\">\n\t\t\t\t\t<a class=\"elementor-button elementor-button-link elementor-size-sm\" href=\"https:\/\/cdn.somnomed.com\/uploads\/bJkvtWYCKjtfyRxKk\/original.pdf\" target=\"_blank\" rel=\"noopener\">\n\t\t\t\t\t\t<span class=\"elementor-button-content-wrapper\">\n\t\t\t\t\t\t\t\t\t<span class=\"elementor-button-text\">Upute za vje\u017ebanje<\/span>\n\t\t\t\t\t<\/span>\n\t\t\t\t\t<\/a>\n\t\t\t\t<\/div>\n\t\t\t\t\t\t\t\t<\/div>\n\t\t\t\t<\/div>\n\t\t\t\t\t<\/div>\n\t\t<\/div>\n\t\t\t\t\t<\/div>\n\t\t<\/section>\n\t\t\t\t\t<\/div>\n\t\t<\/div>\n\t\t\t\t<div class=\"elementor-column elementor-col-50 elementor-top-column elementor-element elementor-element-212f93c9\" data-id=\"212f93c9\" data-element_type=\"column\" data-e-type=\"column\">\n\t\t\t<div class=\"elementor-widget-wrap elementor-element-populated\">\n\t\t\t\t\t\t<div class=\"elementor-element elementor-element-35cde928 elementor-widget elementor-widget-image\" data-id=\"35cde928\" data-element_type=\"widget\" data-e-type=\"widget\" data-widget_type=\"image.default\">\n\t\t\t\t<div class=\"elementor-widget-container\">\n\t\t\t\t\t\t\t\t\t\t\t\t\t\t\t<img decoding=\"async\" src=\"https:\/\/staging.somnomed.com\/hr\/wp-content\/uploads\/sites\/22\/elementor\/thumbs\/SomTabs-and-Products-USA-17-q2vmp90604kmkzz30ko5o4en5zeshj97ksar0c0f28.jpg\" title=\"SomMorning Repositioner on Typodont\" alt=\"SomMorning Repositioner on Typodont\" loading=\"lazy\" \/>\t\t\t\t\t\t\t\t\t\t\t\t\t\t\t<\/div>\n\t\t\t\t<\/div>\n\t\t\t\t\t<\/div>\n\t\t<\/div>\n\t\t\t\t\t<\/div>\n\t\t<\/section>\n\t\t\t\t<\/div>\n\t\t","protected":false},"excerpt":{"rendered":"<p>Dizajniran kako bi pomogao vje\u017ebati \u010deljust i vratiti je u normalan centri\u010dni polo\u017eaj. Na kojem principu radi SomMorning Repositioner? Na kojem principu radi SomMorning Repositioner?SomMorning Repositioner je potrebno nositi 10 minuta svako jutro nakon uklanjanja SomnoDent\u00ae ure\u0111aja. Preporu\u010dujemo vje\u017ebanje \u010deljusti tako da ponavljate stiskanje ure\u0111aja zubima.\u00a0Redovitim izvo\u0111enjem vje\u017ebi sa SomMorning Repositionerom, va\u0161 zagriz bi se &#8230;<\/p>\n","protected":false},"author":1,"featured_media":0,"parent":3517,"menu_order":0,"comment_status":"closed","ping_status":"closed","template":"","meta":{"_acf_changed":false,"footnotes":""},"class_list":["post-1338","page","type-page","status-publish","hentry"],"acf":[],"_links":{"self":[{"href":"https:\/\/staging.somnomed.com\/hr\/wp-json\/wp\/v2\/pages\/1338","targetHints":{"allow":["GET"]}}],"collection":[{"href":"https:\/\/staging.somnomed.com\/hr\/wp-json\/wp\/v2\/pages"}],"about":[{"href":"https:\/\/staging.somnomed.com\/hr\/wp-json\/wp\/v2\/types\/page"}],"author":[{"embeddable":true,"href":"https:\/\/staging.somnomed.com\/hr\/wp-json\/wp\/v2\/users\/1"}],"replies":[{"embeddable":true,"href":"https:\/\/staging.somnomed.com\/hr\/wp-json\/wp\/v2\/comments?post=1338"}],"version-history":[{"count":3,"href":"https:\/\/staging.somnomed.com\/hr\/wp-json\/wp\/v2\/pages\/1338\/revisions"}],"predecessor-version":[{"id":14769,"href":"https:\/\/staging.somnomed.com\/hr\/wp-json\/wp\/v2\/pages\/1338\/revisions\/14769"}],"up":[{"embeddable":true,"href":"https:\/\/staging.somnomed.com\/hr\/wp-json\/wp\/v2\/pages\/3517"}],"wp:attachment":[{"href":"https:\/\/staging.somnomed.com\/hr\/wp-json\/wp\/v2\/media?parent=1338"}],"curies":[{"name":"wp","href":"https:\/\/api.w.org\/{rel}","templated":true}]}}