{"id":1348,"date":"2021-06-15T23:19:09","date_gmt":"2021-06-16T03:19:09","guid":{"rendered":"http:\/\/somnomed.gsqtest1.com\/en\/?page_id=1348"},"modified":"2025-07-18T14:45:11","modified_gmt":"2025-07-18T13:45:11","slug":"somgauge","status":"publish","type":"page","link":"https:\/\/staging.somnomed.com\/hr\/dentists\/products\/somgauge\/","title":{"rendered":"SomGauge"},"content":{"rendered":"\t\t<div data-elementor-type=\"wp-page\" data-elementor-id=\"1348\" class=\"elementor elementor-1348\" data-elementor-post-type=\"page\">\n\t\t\t\t\t\t<section data-particle_enable=\"false\" data-particle-mobile-disabled=\"false\" class=\"elementor-section elementor-top-section elementor-element elementor-element-4cc98bc0 elementor-section-content-middle elementor-section-full_width elementor-reverse-mobile elementor-section-height-default elementor-section-height-default\" data-id=\"4cc98bc0\" data-element_type=\"section\" data-e-type=\"section\">\n\t\t\t\t\t\t<div class=\"elementor-container elementor-column-gap-default\">\n\t\t\t\t\t<div class=\"elementor-column elementor-col-50 elementor-top-column elementor-element elementor-element-a252b3c padding-col--left\" data-id=\"a252b3c\" data-element_type=\"column\" data-e-type=\"column\">\n\t\t\t<div class=\"elementor-widget-wrap elementor-element-populated\">\n\t\t\t\t\t\t<section data-particle_enable=\"false\" data-particle-mobile-disabled=\"false\" class=\"elementor-section elementor-inner-section elementor-element elementor-element-60389a66 elementor-section-full_width elementor-section-height-default elementor-section-height-default\" data-id=\"60389a66\" data-element_type=\"section\" data-e-type=\"section\">\n\t\t\t\t\t\t<div class=\"elementor-container elementor-column-gap-no\">\n\t\t\t\t\t<div class=\"elementor-column elementor-col-100 elementor-inner-column elementor-element elementor-element-2407d114\" data-id=\"2407d114\" data-element_type=\"column\" data-e-type=\"column\">\n\t\t\t<div class=\"elementor-widget-wrap elementor-element-populated\">\n\t\t\t\t\t\t<div class=\"elementor-element elementor-element-6f5cc42d elementor-widget elementor-widget-heading\" data-id=\"6f5cc42d\" data-element_type=\"widget\" data-e-type=\"widget\" data-widget_type=\"heading.default\">\n\t\t\t\t<div class=\"elementor-widget-container\">\n\t\t\t\t\t<h1 class=\"elementor-heading-title elementor-size-default\">SomGauge<\/h1>\t\t\t\t<\/div>\n\t\t\t\t<\/div>\n\t\t\t\t<div class=\"elementor-element elementor-element-45e291f9 elementor-widget elementor-widget-text-editor\" data-id=\"45e291f9\" data-element_type=\"widget\" data-e-type=\"widget\" data-widget_type=\"text-editor.default\">\n\t\t\t\t<div class=\"elementor-widget-container\">\n\t\t\t\t\t\t\t\t\t<p><strong>SomGauge je instrument koji se mo\u017ee sterilizirati u autoklavu za mjerenje to\u010dnih i dosljednih podataka o zagrizu. Pogodan je za sve prilago\u0111ene SomnoDent ure\u0111aje.<\/strong><\/p>\t\t\t\t\t\t\t\t<\/div>\n\t\t\t\t<\/div>\n\t\t\t\t<div class=\"elementor-element elementor-element-7b3f5de elementor-widget elementor-widget-text-editor\" data-id=\"7b3f5de\" data-element_type=\"widget\" data-e-type=\"widget\" data-widget_type=\"text-editor.default\">\n\t\t\t\t<div class=\"elementor-widget-container\">\n\t\t\t\t\t\t\t\t\t<p>SomGauge olak\u0161ava brzo snimanje najto\u010dnijeg podatka o zagrizu. Tako\u0111er omogu\u0107ava mjerenje vertikalnog otvaranja pomo\u0107u podesive rampa, \u0161to rezultira najudobnijim i najpreciznijim ure\u0111ajem za Va\u0161eg pacijenta.<\/p>\t\t\t\t\t\t\t\t<\/div>\n\t\t\t\t<\/div>\n\t\t\t\t<div class=\"elementor-element elementor-element-54ea2d2 elementor-widget elementor-widget-button\" data-id=\"54ea2d2\" data-element_type=\"widget\" data-e-type=\"widget\" data-widget_type=\"button.default\">\n\t\t\t\t<div class=\"elementor-widget-container\">\n\t\t\t\t\t\t\t\t\t<div class=\"elementor-button-wrapper\">\n\t\t\t\t\t<a class=\"elementor-button elementor-button-link elementor-size-sm\" href=\"https:\/\/staging.somnomed.com\/hr\/dentists\/dentists-contact\/\" target=\"_blank\">\n\t\t\t\t\t\t<span class=\"elementor-button-content-wrapper\">\n\t\t\t\t\t\t\t\t\t<span class=\"elementor-button-text\">Kontaktirajte nas<\/span>\n\t\t\t\t\t<\/span>\n\t\t\t\t\t<\/a>\n\t\t\t\t<\/div>\n\t\t\t\t\t\t\t\t<\/div>\n\t\t\t\t<\/div>\n\t\t\t\t\t<\/div>\n\t\t<\/div>\n\t\t\t\t\t<\/div>\n\t\t<\/section>\n\t\t\t\t\t<\/div>\n\t\t<\/div>\n\t\t\t\t<div class=\"elementor-column elementor-col-50 elementor-top-column elementor-element elementor-element-4e1bf333\" data-id=\"4e1bf333\" data-element_type=\"column\" data-e-type=\"column\">\n\t\t\t<div class=\"elementor-widget-wrap elementor-element-populated\">\n\t\t\t\t\t\t<div class=\"elementor-element elementor-element-3146b632 elementor-widget elementor-widget-image\" data-id=\"3146b632\" data-element_type=\"widget\" data-e-type=\"widget\" data-widget_type=\"image.default\">\n\t\t\t\t<div class=\"elementor-widget-container\">\n\t\t\t\t\t\t\t\t\t\t\t\t\t\t\t<img decoding=\"async\" src=\"https:\/\/staging.somnomed.com\/hr\/wp-content\/uploads\/sites\/22\/elementor\/thumbs\/SomTabs-and-Products-USA-9-q2vmp909novjhbma1stc6ifonuk142lebizcy41768.jpg\" title=\"SomGauge product image\" alt=\"SomGauge product image\" loading=\"lazy\" \/>\t\t\t\t\t\t\t\t\t\t\t\t\t\t\t<\/div>\n\t\t\t\t<\/div>\n\t\t\t\t\t<\/div>\n\t\t<\/div>\n\t\t\t\t\t<\/div>\n\t\t<\/section>\n\t\t\t\t<section data-particle_enable=\"false\" data-particle-mobile-disabled=\"false\" class=\"elementor-section elementor-top-section elementor-element elementor-element-9fd6d39 elementor-section-content-middle elementor-section-boxed elementor-section-height-default elementor-section-height-default\" data-id=\"9fd6d39\" data-element_type=\"section\" data-e-type=\"section\" data-settings=\"{&quot;background_background&quot;:&quot;classic&quot;}\">\n\t\t\t\t\t\t<div class=\"elementor-container elementor-column-gap-default\">\n\t\t\t\t\t<div class=\"elementor-column elementor-col-50 elementor-top-column elementor-element elementor-element-146748f\" data-id=\"146748f\" data-element_type=\"column\" data-e-type=\"column\">\n\t\t\t<div class=\"elementor-widget-wrap elementor-element-populated\">\n\t\t\t\t\t\t<div class=\"elementor-element elementor-element-93cc063 elementor-widget elementor-widget-image\" data-id=\"93cc063\" data-element_type=\"widget\" data-e-type=\"widget\" data-widget_type=\"image.default\">\n\t\t\t\t<div class=\"elementor-widget-container\">\n\t\t\t\t\t\t\t\t\t\t\t\t\t\t\t<img decoding=\"async\" src=\"https:\/\/staging.somnomed.com\/hr\/wp-content\/uploads\/sites\/22\/elementor\/thumbs\/Union-6-q2vmp82btajc9e0g629j3mn6kljf9u5h8nn9j21t8g.jpg\" title=\"Union 6\" alt=\"Union 6\" loading=\"lazy\" \/>\t\t\t\t\t\t\t\t\t\t\t\t\t\t\t<\/div>\n\t\t\t\t<\/div>\n\t\t\t\t\t<\/div>\n\t\t<\/div>\n\t\t\t\t<div class=\"elementor-column elementor-col-50 elementor-top-column elementor-element elementor-element-4b8eed9\" data-id=\"4b8eed9\" data-element_type=\"column\" data-e-type=\"column\">\n\t\t\t<div class=\"elementor-widget-wrap elementor-element-populated\">\n\t\t\t\t\t\t<section data-particle_enable=\"false\" data-particle-mobile-disabled=\"false\" class=\"elementor-section elementor-inner-section elementor-element elementor-element-bdb984c elementor-section-full_width elementor-section-height-default elementor-section-height-default\" data-id=\"bdb984c\" data-element_type=\"section\" data-e-type=\"section\">\n\t\t\t\t\t\t<div class=\"elementor-container elementor-column-gap-no\">\n\t\t\t\t\t<div class=\"elementor-column elementor-col-100 elementor-inner-column elementor-element elementor-element-9c2c98d\" data-id=\"9c2c98d\" data-element_type=\"column\" data-e-type=\"column\">\n\t\t\t<div class=\"elementor-widget-wrap elementor-element-populated\">\n\t\t\t\t\t\t<div class=\"elementor-element elementor-element-687dcf4 elementor-widget elementor-widget-heading\" data-id=\"687dcf4\" data-element_type=\"widget\" data-e-type=\"widget\" data-widget_type=\"heading.default\">\n\t\t\t\t<div class=\"elementor-widget-container\">\n\t\t\t\t\t<h2 class=\"elementor-heading-title elementor-size-default\">Zna\u010dajke SomGauge-a<\/h2>\t\t\t\t<\/div>\n\t\t\t\t<\/div>\n\t\t\t\t<div class=\"elementor-element elementor-element-6dbc2a9 elementor-widget elementor-widget-text-editor\" data-id=\"6dbc2a9\" data-element_type=\"widget\" data-e-type=\"widget\" data-widget_type=\"text-editor.default\">\n\t\t\t\t<div class=\"elementor-widget-container\">\n\t\t\t\t\t\t\t\t\t<p><strong style=\"color: #00549d;\">To\u010dno vertikalno otvaranje<br \/><\/strong>SomGauge pru\u017ea 3 mm pokrivanja akrilom du\u017e cijelog zagriza, rezultiraju\u0107i sna\u017enijim ure\u0111ajem koji je manje podlo\u017ean lomovima.<\/p><p><strong style=\"color: #00549d;\">Fleksibilnije pode\u0161avanje<br \/><\/strong>Svojstvena podesiva rampa SomGauge-a osigurava ravnomjeran kontakt na prednjim i stra\u017enjim povr\u0161inama za br\u017ei dojam zagriza.<\/p><p><strong style=\"color: #00549d;\">Jednostavan za kori\u0161tenje<br \/><\/strong>Ergonomska i vi\u0161ekratno upotrebljiva ru\u010dka s jasnim indikatorima izbo\u010denja mo\u017ee se autoklavirati za \u010di\u0161\u0107enje.<\/p><p><strong style=\"color: #00549d;\">Ekonomi\u010dno s vi\u0161ekratno upotrebljivom ru\u010dkom<\/strong><\/p><p>U svakom pakiranju dolazi SomGauge ru\u010dka, 2 male i 2 velike vilice za zagriz. Dvije veli\u010dine vilica omogu\u0107uju potpuno pokrivanje veli\u010dina \u010deljusti pacijenta.<\/p><p><strong style=\"color: #00549d;\">Jednostavno za \u010di\u0161\u0107enje i sterilizaciju<br \/><\/strong>Ru\u010dka SomGauge-a je autoklaviraju\u0107a, za razliku od drugih ure\u0111aja. Vi\u0161ekratno upotrebljiva ru\u010dka mo\u017ee se sterilizirati u Va\u0161em dentalnom sterilizatoru.<\/p>\t\t\t\t\t\t\t\t<\/div>\n\t\t\t\t<\/div>\n\t\t\t\t\t<\/div>\n\t\t<\/div>\n\t\t\t\t\t<\/div>\n\t\t<\/section>\n\t\t\t\t\t<\/div>\n\t\t<\/div>\n\t\t\t\t\t<\/div>\n\t\t<\/section>\n\t\t\t\t<section data-particle_enable=\"false\" data-particle-mobile-disabled=\"false\" class=\"elementor-section elementor-top-section elementor-element elementor-element-154f4cff elementor-section-content-middle elementor-reverse-mobile elementor-section-boxed elementor-section-height-default elementor-section-height-default\" data-id=\"154f4cff\" data-element_type=\"section\" data-e-type=\"section\">\n\t\t\t\t\t\t<div class=\"elementor-container elementor-column-gap-default\">\n\t\t\t\t\t<div class=\"elementor-column elementor-col-50 elementor-top-column elementor-element elementor-element-731acb75\" data-id=\"731acb75\" data-element_type=\"column\" data-e-type=\"column\">\n\t\t\t<div class=\"elementor-widget-wrap elementor-element-populated\">\n\t\t\t\t\t\t<section data-particle_enable=\"false\" data-particle-mobile-disabled=\"false\" class=\"elementor-section elementor-inner-section elementor-element elementor-element-3ee10e6d elementor-section-full_width elementor-section-height-default elementor-section-height-default\" data-id=\"3ee10e6d\" data-element_type=\"section\" data-e-type=\"section\">\n\t\t\t\t\t\t<div class=\"elementor-container elementor-column-gap-no\">\n\t\t\t\t\t<div class=\"elementor-column elementor-col-100 elementor-inner-column elementor-element elementor-element-2590c2c\" data-id=\"2590c2c\" data-element_type=\"column\" data-e-type=\"column\">\n\t\t\t<div class=\"elementor-widget-wrap elementor-element-populated\">\n\t\t\t\t\t\t<div class=\"elementor-element elementor-element-4c75e5d elementor-widget elementor-widget-heading\" data-id=\"4c75e5d\" data-element_type=\"widget\" data-e-type=\"widget\" data-widget_type=\"heading.default\">\n\t\t\t\t<div class=\"elementor-widget-container\">\n\t\t\t\t\t<h2 class=\"elementor-heading-title elementor-size-default\">Idealna po\u010detna pozicija sa SomGauge-om<\/h2>\t\t\t\t<\/div>\n\t\t\t\t<\/div>\n\t\t\t\t\t<\/div>\n\t\t<\/div>\n\t\t\t\t\t<\/div>\n\t\t<\/section>\n\t\t\t\t<div class=\"elementor-element elementor-element-761caa7 elementor-widget elementor-widget-text-editor\" data-id=\"761caa7\" data-element_type=\"widget\" data-e-type=\"widget\" data-widget_type=\"text-editor.default\">\n\t\t\t\t<div class=\"elementor-widget-container\">\n\t\t\t\t\t\t\t\t\t<div>Idealna po\u010detna pozicija trebala bi biti \u0161to je mogu\u0107e izba\u010denija, ali jo\u0161 uvijek udobna za pacijenta.<\/div><div>\u00a0<\/div><div>Svi SomnoMed ure\u0111aji imaju ugra\u0111enu izba\u010denost tijekom proizvodnje. To osigurava da pacijent bude u terapiji ve\u0107 od prvog dana.<\/div><div>\u00a0<\/div><div>Za ve\u0107inu pacijenata, 60-70% od centrike do potpune izba\u010denosti pogodno je kao po\u010detna pozicija. SomGauge vam omogu\u0107uje da s lako\u0107om i precizno prona\u0111ete ovu po\u010detnu to\u010dku zajedno s Va\u0161im pacijentom.<\/div><div>\u00a0<\/div><div>Pogledajte videozapis s desne strane za savjete i trikove o tome kako koristiti SomGauge.<\/div>\t\t\t\t\t\t\t\t<\/div>\n\t\t\t\t<\/div>\n\t\t\t\t\t<\/div>\n\t\t<\/div>\n\t\t\t\t<div class=\"elementor-column elementor-col-50 elementor-top-column elementor-element elementor-element-2b74b4dd\" data-id=\"2b74b4dd\" data-element_type=\"column\" data-e-type=\"column\">\n\t\t\t<div class=\"elementor-widget-wrap elementor-element-populated\">\n\t\t\t\t\t\t<div class=\"elementor-element elementor-element-af90192 elementor-widget elementor-widget-video\" data-id=\"af90192\" data-element_type=\"widget\" data-e-type=\"widget\" data-settings=\"{&quot;youtube_url&quot;:&quot;https:\\\/\\\/www.youtube.com\\\/watch?v=t1YN0fvS5EE&quot;,&quot;show_image_overlay&quot;:&quot;yes&quot;,&quot;image_overlay&quot;:{&quot;url&quot;:&quot;http:\\\/\\\/somnomed.co\\\/en\\\/wp-content\\\/uploads\\\/sites\\\/2\\\/2021\\\/06\\\/Union-8.jpg&quot;,&quot;id&quot;:&quot;1350&quot;,&quot;size&quot;:&quot;&quot;},&quot;video_type&quot;:&quot;youtube&quot;,&quot;controls&quot;:&quot;yes&quot;}\" data-widget_type=\"video.default\">\n\t\t\t\t<div class=\"elementor-widget-container\">\n\t\t\t\t\t\t\t<div class=\"elementor-wrapper elementor-open-inline\">\n\t\t\t<div class=\"elementor-video\"><\/div>\t\t\t\t<div class=\"elementor-custom-embed-image-overlay\" style=\"background-image: url(https:\/\/staging.somnomed.com\/hr\/wp-content\/uploads\/sites\/22\/2021\/06\/Union-8.jpg);\">\n\t\t\t\t\t\t\t\t\t\t\t\t\t\t\t\t<div class=\"elementor-custom-embed-play\" role=\"button\" aria-label=\"Play Video\" tabindex=\"0\">\n\t\t\t\t\t\t\t<i aria-hidden=\"true\" class=\"eicon-play\"><\/i>\t\t\t\t\t\t<\/div>\n\t\t\t\t\t\t\t\t\t<\/div>\n\t\t\t\t\t<\/div>\n\t\t\t\t\t\t<\/div>\n\t\t\t\t<\/div>\n\t\t\t\t\t<\/div>\n\t\t<\/div>\n\t\t\t\t\t<\/div>\n\t\t<\/section>\n\t\t\t\t<\/div>\n\t\t","protected":false},"excerpt":{"rendered":"<p>SomGauge je instrument koji se mo\u017ee sterilizirati u autoklavu za mjerenje to\u010dnih i dosljednih podataka o zagrizu. Pogodan je za sve prilago\u0111ene SomnoDent ure\u0111aje. SomGauge olak\u0161ava brzo snimanje najto\u010dnijeg podatka o zagrizu. Tako\u0111er omogu\u0107ava mjerenje vertikalnog otvaranja pomo\u0107u podesive rampa, \u0161to rezultira najudobnijim i najpreciznijim ure\u0111ajem za Va\u0161eg pacijenta. Kontaktirajte nas Zna\u010dajke SomGauge-a To\u010dno vertikalno &#8230;<\/p>\n","protected":false},"author":1,"featured_media":0,"parent":3517,"menu_order":0,"comment_status":"closed","ping_status":"closed","template":"","meta":{"_acf_changed":false,"footnotes":""},"class_list":["post-1348","page","type-page","status-publish","hentry"],"acf":[],"_links":{"self":[{"href":"https:\/\/staging.somnomed.com\/hr\/wp-json\/wp\/v2\/pages\/1348","targetHints":{"allow":["GET"]}}],"collection":[{"href":"https:\/\/staging.somnomed.com\/hr\/wp-json\/wp\/v2\/pages"}],"about":[{"href":"https:\/\/staging.somnomed.com\/hr\/wp-json\/wp\/v2\/types\/page"}],"author":[{"embeddable":true,"href":"https:\/\/staging.somnomed.com\/hr\/wp-json\/wp\/v2\/users\/1"}],"replies":[{"embeddable":true,"href":"https:\/\/staging.somnomed.com\/hr\/wp-json\/wp\/v2\/comments?post=1348"}],"version-history":[{"count":3,"href":"https:\/\/staging.somnomed.com\/hr\/wp-json\/wp\/v2\/pages\/1348\/revisions"}],"predecessor-version":[{"id":14766,"href":"https:\/\/staging.somnomed.com\/hr\/wp-json\/wp\/v2\/pages\/1348\/revisions\/14766"}],"up":[{"embeddable":true,"href":"https:\/\/staging.somnomed.com\/hr\/wp-json\/wp\/v2\/pages\/3517"}],"wp:attachment":[{"href":"https:\/\/staging.somnomed.com\/hr\/wp-json\/wp\/v2\/media?parent=1348"}],"curies":[{"name":"wp","href":"https:\/\/api.w.org\/{rel}","templated":true}]}}