{"id":1348,"date":"2021-06-15T23:19:09","date_gmt":"2021-06-16T03:19:09","guid":{"rendered":"http:\/\/somnomed.gsqtest1.com\/en\/?page_id=1348"},"modified":"2022-11-17T23:04:53","modified_gmt":"2022-11-17T12:04:53","slug":"somgauge","status":"publish","type":"page","link":"https:\/\/staging.somnomed.com\/no\/dentists\/products\/somgauge\/","title":{"rendered":"SomGauge"},"content":{"rendered":"\t\t<div data-elementor-type=\"wp-page\" data-elementor-id=\"1348\" class=\"elementor elementor-1348\" data-elementor-post-type=\"page\">\n\t\t\t\t\t\t<section data-particle_enable=\"false\" data-particle-mobile-disabled=\"false\" class=\"elementor-section elementor-top-section elementor-element elementor-element-4cc98bc0 elementor-section-content-middle elementor-section-full_width elementor-reverse-mobile elementor-section-height-default elementor-section-height-default\" data-id=\"4cc98bc0\" data-element_type=\"section\" data-e-type=\"section\">\n\t\t\t\t\t\t<div class=\"elementor-container elementor-column-gap-default\">\n\t\t\t\t\t<div class=\"elementor-column elementor-col-50 elementor-top-column elementor-element elementor-element-a252b3c padding-col--left\" data-id=\"a252b3c\" data-element_type=\"column\" data-e-type=\"column\">\n\t\t\t<div class=\"elementor-widget-wrap elementor-element-populated\">\n\t\t\t\t\t\t<section data-particle_enable=\"false\" data-particle-mobile-disabled=\"false\" class=\"elementor-section elementor-inner-section elementor-element elementor-element-60389a66 elementor-section-full_width elementor-section-height-default elementor-section-height-default\" data-id=\"60389a66\" data-element_type=\"section\" data-e-type=\"section\">\n\t\t\t\t\t\t<div class=\"elementor-container elementor-column-gap-no\">\n\t\t\t\t\t<div class=\"elementor-column elementor-col-100 elementor-inner-column elementor-element elementor-element-2407d114\" data-id=\"2407d114\" data-element_type=\"column\" data-e-type=\"column\">\n\t\t\t<div class=\"elementor-widget-wrap elementor-element-populated\">\n\t\t\t\t\t\t<div class=\"elementor-element elementor-element-6f5cc42d elementor-widget elementor-widget-heading\" data-id=\"6f5cc42d\" data-element_type=\"widget\" data-e-type=\"widget\" data-widget_type=\"heading.default\">\n\t\t\t\t<div class=\"elementor-widget-container\">\n\t\t\t\t\t<h1 class=\"elementor-heading-title elementor-size-default\">SomGauge<\/h1>\t\t\t\t<\/div>\n\t\t\t\t<\/div>\n\t\t\t\t<div class=\"elementor-element elementor-element-45e291f9 elementor-widget elementor-widget-text-editor\" data-id=\"45e291f9\" data-element_type=\"widget\" data-e-type=\"widget\" data-widget_type=\"text-editor.default\">\n\t\t\t\t<div class=\"elementor-widget-container\">\n\t\t\t\t\t\t\t\t\t<p><strong><span data-preserver-spaces=\"true\">SomGauge er v\u00e5r autoklaverbare instrument for m\u00e5ling av n\u00f8yaktig bittregistrering<\/span><\/strong><strong><span data-preserver-spaces=\"true\">.\u00a0<\/span><\/strong><\/p>\t\t\t\t\t\t\t\t<\/div>\n\t\t\t\t<\/div>\n\t\t\t\t<div class=\"elementor-element elementor-element-7b3f5de elementor-widget elementor-widget-text-editor\" data-id=\"7b3f5de\" data-element_type=\"widget\" data-e-type=\"widget\" data-widget_type=\"text-editor.default\">\n\t\t\t\t<div class=\"elementor-widget-container\">\n\t\t\t\t\t\t\t\t\t<p id=\"tw-target-text\" class=\"tw-data-text tw-text-large tw-ta\" dir=\"ltr\" data-placeholder=\"Oversettelse\"><span class=\"Y2IQFc\" lang=\"no\">SomGauge gj\u00f8r det enkelt \u00e5 raskt fange den mest n\u00f8yaktige bittregistreringen. SomGauge tillater ogs\u00e5 m\u00e5ling av den vertikale \u00e5pningen med en justerbar rampe, noe som resulterer komfortabel og n\u00f8yaktig s\u00f8vnapn\u00e9skinnen for din pasient.<br \/>Kontakt oss for bestilling av SomGauge<\/span><\/p>\t\t\t\t\t\t\t\t<\/div>\n\t\t\t\t<\/div>\n\t\t\t\t<div class=\"elementor-element elementor-element-54ea2d2 elementor-widget elementor-widget-button\" data-id=\"54ea2d2\" data-element_type=\"widget\" data-e-type=\"widget\" data-widget_type=\"button.default\">\n\t\t\t\t<div class=\"elementor-widget-container\">\n\t\t\t\t\t\t\t\t\t<div class=\"elementor-button-wrapper\">\n\t\t\t\t\t<a class=\"elementor-button elementor-button-link elementor-size-sm\" href=\"https:\/\/staging.somnomed.com\/no\/dentists\/dentists-contact\/\" target=\"_blank\">\n\t\t\t\t\t\t<span class=\"elementor-button-content-wrapper\">\n\t\t\t\t\t\t\t\t\t<span class=\"elementor-button-text\">Bestill\/kontakt oss her<\/span>\n\t\t\t\t\t<\/span>\n\t\t\t\t\t<\/a>\n\t\t\t\t<\/div>\n\t\t\t\t\t\t\t\t<\/div>\n\t\t\t\t<\/div>\n\t\t\t\t\t<\/div>\n\t\t<\/div>\n\t\t\t\t\t<\/div>\n\t\t<\/section>\n\t\t\t\t\t<\/div>\n\t\t<\/div>\n\t\t\t\t<div class=\"elementor-column elementor-col-50 elementor-top-column elementor-element elementor-element-4e1bf333\" data-id=\"4e1bf333\" data-element_type=\"column\" data-e-type=\"column\">\n\t\t\t<div class=\"elementor-widget-wrap elementor-element-populated\">\n\t\t\t\t\t\t<div class=\"elementor-element elementor-element-3146b632 elementor-widget elementor-widget-image\" data-id=\"3146b632\" data-element_type=\"widget\" data-e-type=\"widget\" data-widget_type=\"image.default\">\n\t\t\t\t<div class=\"elementor-widget-container\">\n\t\t\t\t\t\t\t\t\t\t\t\t\t\t\t<img decoding=\"async\" src=\"https:\/\/staging.somnomed.com\/no\/wp-content\/uploads\/sites\/15\/elementor\/thumbs\/SomTabs-and-Products-USA-9-pfshmlm6utw0gann0jq3k8u0h2fo2if537nd0zwexc.jpg\" title=\"SomGauge product image\" alt=\"SomGauge product image\" loading=\"lazy\" \/>\t\t\t\t\t\t\t\t\t\t\t\t\t\t\t<\/div>\n\t\t\t\t<\/div>\n\t\t\t\t\t<\/div>\n\t\t<\/div>\n\t\t\t\t\t<\/div>\n\t\t<\/section>\n\t\t\t\t<section data-particle_enable=\"false\" data-particle-mobile-disabled=\"false\" class=\"elementor-section elementor-top-section elementor-element elementor-element-9fd6d39 elementor-section-content-middle elementor-section-boxed elementor-section-height-default elementor-section-height-default\" data-id=\"9fd6d39\" data-element_type=\"section\" data-e-type=\"section\" data-settings=\"{&quot;background_background&quot;:&quot;classic&quot;}\">\n\t\t\t\t\t\t<div class=\"elementor-container elementor-column-gap-default\">\n\t\t\t\t\t<div class=\"elementor-column elementor-col-50 elementor-top-column elementor-element elementor-element-146748f\" data-id=\"146748f\" data-element_type=\"column\" data-e-type=\"column\">\n\t\t\t<div class=\"elementor-widget-wrap elementor-element-populated\">\n\t\t\t\t\t\t<div class=\"elementor-element elementor-element-93cc063 elementor-widget elementor-widget-image\" data-id=\"93cc063\" data-element_type=\"widget\" data-e-type=\"widget\" data-widget_type=\"image.default\">\n\t\t\t\t<div class=\"elementor-widget-container\">\n\t\t\t\t\t\t\t\t\t\t\t\t\t\t\t<img decoding=\"async\" src=\"https:\/\/staging.somnomed.com\/no\/wp-content\/uploads\/sites\/15\/elementor\/thumbs\/Union-6-pfshmko90fjt8d1t4t6ahd1idtf289z80cb9lxx0zk.jpg\" title=\"Union 6\" alt=\"Union 6\" loading=\"lazy\" \/>\t\t\t\t\t\t\t\t\t\t\t\t\t\t\t<\/div>\n\t\t\t\t<\/div>\n\t\t\t\t\t<\/div>\n\t\t<\/div>\n\t\t\t\t<div class=\"elementor-column elementor-col-50 elementor-top-column elementor-element elementor-element-4b8eed9\" data-id=\"4b8eed9\" data-element_type=\"column\" data-e-type=\"column\">\n\t\t\t<div class=\"elementor-widget-wrap elementor-element-populated\">\n\t\t\t\t\t\t<section data-particle_enable=\"false\" data-particle-mobile-disabled=\"false\" class=\"elementor-section elementor-inner-section elementor-element elementor-element-bdb984c elementor-section-full_width elementor-section-height-default elementor-section-height-default\" data-id=\"bdb984c\" data-element_type=\"section\" data-e-type=\"section\">\n\t\t\t\t\t\t<div class=\"elementor-container elementor-column-gap-no\">\n\t\t\t\t\t<div class=\"elementor-column elementor-col-100 elementor-inner-column elementor-element elementor-element-9c2c98d\" data-id=\"9c2c98d\" data-element_type=\"column\" data-e-type=\"column\">\n\t\t\t<div class=\"elementor-widget-wrap elementor-element-populated\">\n\t\t\t\t\t\t<div class=\"elementor-element elementor-element-687dcf4 elementor-widget elementor-widget-heading\" data-id=\"687dcf4\" data-element_type=\"widget\" data-e-type=\"widget\" data-widget_type=\"heading.default\">\n\t\t\t\t<div class=\"elementor-widget-container\">\n\t\t\t\t\t<h2 class=\"elementor-heading-title elementor-size-default\">SomGauge funksjoner<\/h2>\t\t\t\t<\/div>\n\t\t\t\t<\/div>\n\t\t\t\t<div class=\"elementor-element elementor-element-6dbc2a9 elementor-widget elementor-widget-text-editor\" data-id=\"6dbc2a9\" data-element_type=\"widget\" data-e-type=\"widget\" data-widget_type=\"text-editor.default\">\n\t\t\t\t<div class=\"elementor-widget-container\">\n\t\t\t\t\t\t\t\t\t<p><strong style=\"color: #00549d;\">N\u00f8yaktig vertikal \u00e5pning<br \/><\/strong>SomGauge gir 3mm akryldekning over hele bittet, noe som resluterer i en sterkere skinne som er mindre utsatt for brudd.<\/p><p><strong style=\"color: #00549d;\">Mer fleksibel justering<br \/><\/strong>SomGauge&#8217;s unike justerbare rampe sikrer jevn kontakt i anterior og posterior overflate for et raskere bittavtrykk.<\/p><p><strong style=\"color: #00549d;\">Lett \u00e5 bruke<br \/><\/strong>Ergonomisk og gjenbrukbart h\u00e5ndtak med protrusjonindikator som kan autoklaveres.<\/p><p><strong style=\"color: #00549d;\">\u00d8konomisk med gjenbrukbarh\u00e5ndtak<br \/><\/strong>Et SomGauge h\u00e5ndtak, 2 sm\u00e5 og 2 store bitegafler kommer med i hver eske. To bitegaffelst\u00f8rrelser gir full dekning av pasientkjevest\u00f8rrelse.<\/p><p><strong style=\"color: #00549d;\">Enkel \u00e5 rengj\u00f8re og sterilisere<br \/><\/strong>SomGauge h\u00e5ndtaket er autoklaverbart, i motsetning til andre bittregisteringsenheter. Det gjenbrukbare h\u00e5ndtaket kan steriliseres.<\/p>\t\t\t\t\t\t\t\t<\/div>\n\t\t\t\t<\/div>\n\t\t\t\t\t<\/div>\n\t\t<\/div>\n\t\t\t\t\t<\/div>\n\t\t<\/section>\n\t\t\t\t\t<\/div>\n\t\t<\/div>\n\t\t\t\t\t<\/div>\n\t\t<\/section>\n\t\t\t\t<section data-particle_enable=\"false\" data-particle-mobile-disabled=\"false\" class=\"elementor-section elementor-top-section elementor-element elementor-element-154f4cff elementor-section-content-middle elementor-reverse-mobile elementor-section-boxed elementor-section-height-default elementor-section-height-default\" data-id=\"154f4cff\" data-element_type=\"section\" data-e-type=\"section\">\n\t\t\t\t\t\t<div class=\"elementor-container elementor-column-gap-default\">\n\t\t\t\t\t<div class=\"elementor-column elementor-col-50 elementor-top-column elementor-element elementor-element-731acb75\" data-id=\"731acb75\" data-element_type=\"column\" data-e-type=\"column\">\n\t\t\t<div class=\"elementor-widget-wrap elementor-element-populated\">\n\t\t\t\t\t\t<section data-particle_enable=\"false\" data-particle-mobile-disabled=\"false\" class=\"elementor-section elementor-inner-section elementor-element elementor-element-3ee10e6d elementor-section-full_width elementor-section-height-default elementor-section-height-default\" data-id=\"3ee10e6d\" data-element_type=\"section\" data-e-type=\"section\">\n\t\t\t\t\t\t<div class=\"elementor-container elementor-column-gap-no\">\n\t\t\t\t\t<div class=\"elementor-column elementor-col-100 elementor-inner-column elementor-element elementor-element-2590c2c\" data-id=\"2590c2c\" data-element_type=\"column\" data-e-type=\"column\">\n\t\t\t<div class=\"elementor-widget-wrap elementor-element-populated\">\n\t\t\t\t\t\t<div class=\"elementor-element elementor-element-4c75e5d elementor-widget elementor-widget-heading\" data-id=\"4c75e5d\" data-element_type=\"widget\" data-e-type=\"widget\" data-widget_type=\"heading.default\">\n\t\t\t\t<div class=\"elementor-widget-container\">\n\t\t\t\t\t<h2 class=\"elementor-heading-title elementor-size-default\">Ideell startposisjon med SomGauge\n<\/h2>\t\t\t\t<\/div>\n\t\t\t\t<\/div>\n\t\t\t\t\t<\/div>\n\t\t<\/div>\n\t\t\t\t\t<\/div>\n\t\t<\/section>\n\t\t\t\t<div class=\"elementor-element elementor-element-761caa7 elementor-widget elementor-widget-text-editor\" data-id=\"761caa7\" data-element_type=\"widget\" data-e-type=\"widget\" data-widget_type=\"text-editor.default\">\n\t\t\t\t<div class=\"elementor-widget-container\">\n\t\t\t\t\t\t\t\t\t<div id=\"tw-target-text-container\" class=\"tw-ta-container F0azHf tw-nfl\" tabindex=\"0\"><p id=\"tw-target-text\" class=\"tw-data-text tw-text-large tw-ta\" dir=\"ltr\" data-placeholder=\"Oversettelse\"><span class=\"Y2IQFc\" lang=\"no\">Den ideelle startposisjonen b\u00f8r v\u00e6re s\u00e5 protrudert som mulig samtidig som den er komfortabel for pasienten.<\/span><\/p><div id=\"tw-target-text-container\" class=\"tw-ta-container F0azHf tw-nfl\" tabindex=\"0\"><p id=\"tw-target-text\" class=\"tw-data-text tw-text-large tw-ta\" dir=\"ltr\" data-placeholder=\"Oversettelse\"><span class=\"Y2IQFc\" lang=\"no\">Alle SomnoMed s\u00f8vnapn\u00e9skinner har protrusjon innebygd under produksjon. Dette sikrer at pasienten vil v\u00e6re i behandling fra dag 1.<\/span><\/p><\/div><\/div><p>For de fleste pasienter er 60-70 % av sentrisk til fullt protrusjon egnet for en startposisjon. SomGauge lar deg og pasienten din finne dette utgangspunktet med letthet og n\u00f8yaktighet.<\/p><div id=\"tw-target-text-container\" class=\"tw-ta-container F0azHf tw-nfl\" tabindex=\"0\"><p id=\"tw-target-text\" class=\"tw-data-text tw-text-large tw-ta\" dir=\"ltr\" data-placeholder=\"Oversettelse\"><span class=\"Y2IQFc\" lang=\"no\">Se videoen til h\u00f8yre for tips og triks om hvordan du bruker SomGauge.<\/span><\/p><\/div><div id=\"tw-target-rmn-container\" class=\"tw-target-rmn tw-ta-container F0azHf tw-nfl\"><pre id=\"tw-target-rmn\" class=\"tw-data-placeholder tw-text-small tw-ta\" dir=\"ltr\" data-placeholder=\"\">\u00a0<\/pre><\/div>\t\t\t\t\t\t\t\t<\/div>\n\t\t\t\t<\/div>\n\t\t\t\t\t<\/div>\n\t\t<\/div>\n\t\t\t\t<div class=\"elementor-column elementor-col-50 elementor-top-column elementor-element elementor-element-2b74b4dd\" data-id=\"2b74b4dd\" data-element_type=\"column\" data-e-type=\"column\">\n\t\t\t<div class=\"elementor-widget-wrap elementor-element-populated\">\n\t\t\t\t\t\t<div class=\"elementor-element elementor-element-af90192 elementor-widget elementor-widget-video\" data-id=\"af90192\" data-element_type=\"widget\" data-e-type=\"widget\" data-settings=\"{&quot;youtube_url&quot;:&quot;https:\\\/\\\/www.youtube.com\\\/watch?v=t1YN0fvS5EE&quot;,&quot;show_image_overlay&quot;:&quot;yes&quot;,&quot;image_overlay&quot;:{&quot;url&quot;:&quot;https:\\\/\\\/staging.somnomed.com\\\/en\\\/wp-content\\\/uploads\\\/sites\\\/2\\\/2021\\\/06\\\/Union-8.jpg&quot;,&quot;id&quot;:&quot;1350&quot;,&quot;size&quot;:&quot;&quot;},&quot;video_type&quot;:&quot;youtube&quot;,&quot;controls&quot;:&quot;yes&quot;}\" data-widget_type=\"video.default\">\n\t\t\t\t<div class=\"elementor-widget-container\">\n\t\t\t\t\t\t\t<div class=\"elementor-wrapper elementor-open-inline\">\n\t\t\t<div class=\"elementor-video\"><\/div>\t\t\t\t<div class=\"elementor-custom-embed-image-overlay\" style=\"background-image: url(https:\/\/staging.somnomed.com\/no\/wp-content\/uploads\/sites\/15\/2021\/06\/Union-8.jpg);\">\n\t\t\t\t\t\t\t\t\t\t\t\t\t\t\t\t<div class=\"elementor-custom-embed-play\" role=\"button\" aria-label=\"Play Video\" tabindex=\"0\">\n\t\t\t\t\t\t\t<i aria-hidden=\"true\" class=\"eicon-play\"><\/i>\t\t\t\t\t\t<\/div>\n\t\t\t\t\t\t\t\t\t<\/div>\n\t\t\t\t\t<\/div>\n\t\t\t\t\t\t<\/div>\n\t\t\t\t<\/div>\n\t\t\t\t\t<\/div>\n\t\t<\/div>\n\t\t\t\t\t<\/div>\n\t\t<\/section>\n\t\t\t\t<\/div>\n\t\t","protected":false},"excerpt":{"rendered":"<p>SomGauge er v\u00e5r autoklaverbare instrument for m\u00e5ling av n\u00f8yaktig bittregistrering.\u00a0 SomGauge gj\u00f8r det enkelt \u00e5 raskt fange den mest n\u00f8yaktige bittregistreringen. SomGauge tillater ogs\u00e5 m\u00e5ling av den vertikale \u00e5pningen med en justerbar rampe, noe som resulterer komfortabel og n\u00f8yaktig s\u00f8vnapn\u00e9skinnen for din pasient.Kontakt oss for bestilling av SomGauge Bestill\/kontakt oss her SomGauge funksjoner N\u00f8yaktig vertikal &#8230;<\/p>\n","protected":false},"author":1,"featured_media":0,"parent":3517,"menu_order":0,"comment_status":"closed","ping_status":"closed","template":"","meta":{"_acf_changed":false,"footnotes":""},"class_list":["post-1348","page","type-page","status-publish","hentry"],"acf":[],"_links":{"self":[{"href":"https:\/\/staging.somnomed.com\/no\/wp-json\/wp\/v2\/pages\/1348","targetHints":{"allow":["GET"]}}],"collection":[{"href":"https:\/\/staging.somnomed.com\/no\/wp-json\/wp\/v2\/pages"}],"about":[{"href":"https:\/\/staging.somnomed.com\/no\/wp-json\/wp\/v2\/types\/page"}],"author":[{"embeddable":true,"href":"https:\/\/staging.somnomed.com\/no\/wp-json\/wp\/v2\/users\/1"}],"replies":[{"embeddable":true,"href":"https:\/\/staging.somnomed.com\/no\/wp-json\/wp\/v2\/comments?post=1348"}],"version-history":[{"count":3,"href":"https:\/\/staging.somnomed.com\/no\/wp-json\/wp\/v2\/pages\/1348\/revisions"}],"predecessor-version":[{"id":13503,"href":"https:\/\/staging.somnomed.com\/no\/wp-json\/wp\/v2\/pages\/1348\/revisions\/13503"}],"up":[{"embeddable":true,"href":"https:\/\/staging.somnomed.com\/no\/wp-json\/wp\/v2\/pages\/3517"}],"wp:attachment":[{"href":"https:\/\/staging.somnomed.com\/no\/wp-json\/wp\/v2\/media?parent=1348"}],"curies":[{"name":"wp","href":"https:\/\/api.w.org\/{rel}","templated":true}]}}