{"id":1348,"date":"2021-06-15T23:19:09","date_gmt":"2021-06-16T03:19:09","guid":{"rendered":"http:\/\/somnomed.gsqtest1.com\/en\/?page_id=1348"},"modified":"2023-01-09T15:26:56","modified_gmt":"2023-01-09T14:26:56","slug":"somgauge","status":"publish","type":"page","link":"https:\/\/staging.somnomed.com\/se\/dentists\/products\/somgauge\/","title":{"rendered":"SomGauge"},"content":{"rendered":"\t\t<div data-elementor-type=\"wp-page\" data-elementor-id=\"1348\" class=\"elementor elementor-1348\" data-elementor-post-type=\"page\">\n\t\t\t\t\t\t<section data-particle_enable=\"false\" data-particle-mobile-disabled=\"false\" class=\"elementor-section elementor-top-section elementor-element elementor-element-4cc98bc0 elementor-section-content-middle elementor-section-full_width elementor-reverse-mobile elementor-section-height-default elementor-section-height-default\" data-id=\"4cc98bc0\" data-element_type=\"section\" data-e-type=\"section\">\n\t\t\t\t\t\t<div class=\"elementor-container elementor-column-gap-default\">\n\t\t\t\t\t<div class=\"elementor-column elementor-col-50 elementor-top-column elementor-element elementor-element-a252b3c padding-col--left\" data-id=\"a252b3c\" data-element_type=\"column\" data-e-type=\"column\">\n\t\t\t<div class=\"elementor-widget-wrap elementor-element-populated\">\n\t\t\t\t\t\t<section data-particle_enable=\"false\" data-particle-mobile-disabled=\"false\" class=\"elementor-section elementor-inner-section elementor-element elementor-element-60389a66 elementor-section-full_width elementor-section-height-default elementor-section-height-default\" data-id=\"60389a66\" data-element_type=\"section\" data-e-type=\"section\">\n\t\t\t\t\t\t<div class=\"elementor-container elementor-column-gap-no\">\n\t\t\t\t\t<div class=\"elementor-column elementor-col-100 elementor-inner-column elementor-element elementor-element-2407d114\" data-id=\"2407d114\" data-element_type=\"column\" data-e-type=\"column\">\n\t\t\t<div class=\"elementor-widget-wrap elementor-element-populated\">\n\t\t\t\t\t\t<div class=\"elementor-element elementor-element-6f5cc42d elementor-widget elementor-widget-heading\" data-id=\"6f5cc42d\" data-element_type=\"widget\" data-e-type=\"widget\" data-widget_type=\"heading.default\">\n\t\t\t\t<div class=\"elementor-widget-container\">\n\t\t\t\t\t<h1 class=\"elementor-heading-title elementor-size-default\">SomGauge<\/h1>\t\t\t\t<\/div>\n\t\t\t\t<\/div>\n\t\t\t\t<div class=\"elementor-element elementor-element-45e291f9 elementor-widget elementor-widget-text-editor\" data-id=\"45e291f9\" data-element_type=\"widget\" data-e-type=\"widget\" data-widget_type=\"text-editor.default\">\n\t\t\t\t<div class=\"elementor-widget-container\">\n\t\t\t\t\t\t\t\t\t<strong><span data-preserver-spaces=\"true\">SOMGauge \u00e4r ett autoklaverbart instrument som \u00e4r avsett f\u00f6r tillverknig av korrekta och tillf\u00f6rlitliga konstruktionsindex. Instrumentet kan anv\u00e4ndas f\u00f6r tillverkning av samtliga SomnoDent-produkter. SOMGauge ska endast anv\u00e4ndas av tandl\u00e4kare.\n\n<\/span>\u00a0<\/strong>\t\t\t\t\t\t\t\t<\/div>\n\t\t\t\t<\/div>\n\t\t\t\t<div class=\"elementor-element elementor-element-7b3f5de elementor-widget elementor-widget-text-editor\" data-id=\"7b3f5de\" data-element_type=\"widget\" data-e-type=\"widget\" data-widget_type=\"text-editor.default\">\n\t\t\t\t<div class=\"elementor-widget-container\">\n\t\t\t\t\t\t\t\t\tSomnoMeds SomGauge ger dig chansen att snabbt och enkelt ta exakta konstruktionsindex. SomGauge m\u00f6jligg\u00f6r en f\u00f6rb\u00e4ttrad m\u00e4tning av den vertikala h\u00f6jden tillsammans med en justerbar ramp, vilket leder till en f\u00f6rfinad precision och en b\u00e4ttre skena.\n\n\t\t\t\t\t\t\t\t<\/div>\n\t\t\t\t<\/div>\n\t\t\t\t<div class=\"elementor-element elementor-element-54ea2d2 elementor-widget elementor-widget-button\" data-id=\"54ea2d2\" data-element_type=\"widget\" data-e-type=\"widget\" data-widget_type=\"button.default\">\n\t\t\t\t<div class=\"elementor-widget-container\">\n\t\t\t\t\t\t\t\t\t<div class=\"elementor-button-wrapper\">\n\t\t\t\t\t<a class=\"elementor-button elementor-button-link elementor-size-sm\" href=\"https:\/\/staging.somnomed.com\/se\/dentists\/dentists-contact\/\" target=\"_blank\">\n\t\t\t\t\t\t<span class=\"elementor-button-content-wrapper\">\n\t\t\t\t\t\t\t\t\t<span class=\"elementor-button-text\">Fr\u00e5gor<\/span>\n\t\t\t\t\t<\/span>\n\t\t\t\t\t<\/a>\n\t\t\t\t<\/div>\n\t\t\t\t\t\t\t\t<\/div>\n\t\t\t\t<\/div>\n\t\t\t\t\t<\/div>\n\t\t<\/div>\n\t\t\t\t\t<\/div>\n\t\t<\/section>\n\t\t\t\t\t<\/div>\n\t\t<\/div>\n\t\t\t\t<div class=\"elementor-column elementor-col-50 elementor-top-column elementor-element elementor-element-4e1bf333\" data-id=\"4e1bf333\" data-element_type=\"column\" data-e-type=\"column\">\n\t\t\t<div class=\"elementor-widget-wrap elementor-element-populated\">\n\t\t\t\t\t\t<div class=\"elementor-element elementor-element-3146b632 elementor-widget elementor-widget-image\" data-id=\"3146b632\" data-element_type=\"widget\" data-e-type=\"widget\" data-widget_type=\"image.default\">\n\t\t\t\t<div class=\"elementor-widget-container\">\n\t\t\t\t\t\t\t\t\t\t\t\t\t\t\t<img decoding=\"async\" src=\"https:\/\/staging.somnomed.com\/se\/wp-content\/uploads\/sites\/12\/elementor\/thumbs\/SomTabs-and-Products-USA-9-pfsfq1a0bw11ka91dwrsojpkj8dslc80buiasdk8sw.jpg\" title=\"SomGauge product image\" alt=\"SomGauge product image\" loading=\"lazy\" \/>\t\t\t\t\t\t\t\t\t\t\t\t\t\t\t<\/div>\n\t\t\t\t<\/div>\n\t\t\t\t\t<\/div>\n\t\t<\/div>\n\t\t\t\t\t<\/div>\n\t\t<\/section>\n\t\t\t\t<section data-particle_enable=\"false\" data-particle-mobile-disabled=\"false\" class=\"elementor-section elementor-top-section elementor-element elementor-element-9fd6d39 elementor-section-content-middle elementor-section-boxed elementor-section-height-default elementor-section-height-default\" data-id=\"9fd6d39\" data-element_type=\"section\" data-e-type=\"section\" data-settings=\"{&quot;background_background&quot;:&quot;classic&quot;}\">\n\t\t\t\t\t\t<div class=\"elementor-container elementor-column-gap-default\">\n\t\t\t\t\t<div class=\"elementor-column elementor-col-50 elementor-top-column elementor-element elementor-element-146748f\" data-id=\"146748f\" data-element_type=\"column\" data-e-type=\"column\">\n\t\t\t<div class=\"elementor-widget-wrap elementor-element-populated\">\n\t\t\t\t\t\t<div class=\"elementor-element elementor-element-93cc063 elementor-widget elementor-widget-image\" data-id=\"93cc063\" data-element_type=\"widget\" data-e-type=\"widget\" data-widget_type=\"image.default\">\n\t\t\t\t<div class=\"elementor-widget-container\">\n\t\t\t\t\t\t\t\t\t\t\t\t\t\t\t<img decoding=\"async\" src=\"https:\/\/staging.somnomed.com\/se\/wp-content\/uploads\/sites\/12\/elementor\/thumbs\/Union-6-pfsfq0c2hhouccn7i67zlnx2fzd6r3s38z67dbkuv4.jpg\" title=\"Union 6\" alt=\"Union 6\" loading=\"lazy\" \/>\t\t\t\t\t\t\t\t\t\t\t\t\t\t\t<\/div>\n\t\t\t\t<\/div>\n\t\t\t\t\t<\/div>\n\t\t<\/div>\n\t\t\t\t<div class=\"elementor-column elementor-col-50 elementor-top-column elementor-element elementor-element-4b8eed9\" data-id=\"4b8eed9\" data-element_type=\"column\" data-e-type=\"column\">\n\t\t\t<div class=\"elementor-widget-wrap elementor-element-populated\">\n\t\t\t\t\t\t<section data-particle_enable=\"false\" data-particle-mobile-disabled=\"false\" class=\"elementor-section elementor-inner-section elementor-element elementor-element-bdb984c elementor-section-full_width elementor-section-height-default elementor-section-height-default\" data-id=\"bdb984c\" data-element_type=\"section\" data-e-type=\"section\">\n\t\t\t\t\t\t<div class=\"elementor-container elementor-column-gap-no\">\n\t\t\t\t\t<div class=\"elementor-column elementor-col-100 elementor-inner-column elementor-element elementor-element-9c2c98d\" data-id=\"9c2c98d\" data-element_type=\"column\" data-e-type=\"column\">\n\t\t\t<div class=\"elementor-widget-wrap elementor-element-populated\">\n\t\t\t\t\t\t<div class=\"elementor-element elementor-element-687dcf4 elementor-widget elementor-widget-heading\" data-id=\"687dcf4\" data-element_type=\"widget\" data-e-type=\"widget\" data-widget_type=\"heading.default\">\n\t\t\t\t<div class=\"elementor-widget-container\">\n\t\t\t\t\t<h2 class=\"elementor-heading-title elementor-size-default\">SomGauge funktioner<\/h2>\t\t\t\t<\/div>\n\t\t\t\t<\/div>\n\t\t\t\t<div class=\"elementor-element elementor-element-6dbc2a9 elementor-widget elementor-widget-text-editor\" data-id=\"6dbc2a9\" data-element_type=\"widget\" data-e-type=\"widget\" data-widget_type=\"text-editor.default\">\n\t\t\t\t<div class=\"elementor-widget-container\">\n\t\t\t\t\t\t\t\t\t<p><strong style=\"color: #00549d;\">Vertikal h\u00f6jd:<br><\/strong>Minst 3 mm t\u00e4ckning av akryl \u00f6ver hela bettet leder till en starkare skena som \u00e4r mindre ben\u00e4gen att spricka.<\/p>\n<p><strong style=\"color: #00549d;\">Flexibel justering:<br><\/strong>Justerbar ramp ger j\u00e4mn kontakt p\u00e5 fr\u00e4mre och bakre ytor vilket minskar tiden f\u00f6r patienten i stolen.<\/p>\n<p><strong style=\"color: #00549d;\">Anv\u00e4ndarv\u00e4nlighet:<br><\/strong>Ergonomiskt och stabilt handtag med tydliga protrusionsindikatorer som kan autoklaveras vid reng\u00f6ring.<\/p>\n<p><strong style=\"color: #00549d;\">Prisv\u00e4rd:<br><\/strong>Endast 1025 sek f\u00f6r ett SomGauge verktyg, tv\u00e5 sm\u00e5 och tv\u00e5 stora bitgafflar. Tv\u00e5 storlekar p\u00e5 bitgaffeln m\u00f6jligg\u00f6r fullst\u00e4ndig t\u00e4ckning av t\u00e4nderna och ger tillr\u00e4ckligt med utrymme f\u00f6r att rymma distala omslag vid behov.<\/p>\n<p><\/p>\t\t\t\t\t\t\t\t<\/div>\n\t\t\t\t<\/div>\n\t\t\t\t\t<\/div>\n\t\t<\/div>\n\t\t\t\t\t<\/div>\n\t\t<\/section>\n\t\t\t\t\t<\/div>\n\t\t<\/div>\n\t\t\t\t\t<\/div>\n\t\t<\/section>\n\t\t\t\t<section data-particle_enable=\"false\" data-particle-mobile-disabled=\"false\" class=\"elementor-section elementor-top-section elementor-element elementor-element-154f4cff elementor-section-content-middle elementor-reverse-mobile elementor-section-boxed elementor-section-height-default elementor-section-height-default\" data-id=\"154f4cff\" data-element_type=\"section\" data-e-type=\"section\">\n\t\t\t\t\t\t<div class=\"elementor-container elementor-column-gap-default\">\n\t\t\t\t\t<div class=\"elementor-column elementor-col-50 elementor-top-column elementor-element elementor-element-731acb75\" data-id=\"731acb75\" data-element_type=\"column\" data-e-type=\"column\">\n\t\t\t<div class=\"elementor-widget-wrap elementor-element-populated\">\n\t\t\t\t\t\t<section data-particle_enable=\"false\" data-particle-mobile-disabled=\"false\" class=\"elementor-section elementor-inner-section elementor-element elementor-element-3ee10e6d elementor-section-full_width elementor-section-height-default elementor-section-height-default\" data-id=\"3ee10e6d\" data-element_type=\"section\" data-e-type=\"section\">\n\t\t\t\t\t\t<div class=\"elementor-container elementor-column-gap-no\">\n\t\t\t\t\t<div class=\"elementor-column elementor-col-100 elementor-inner-column elementor-element elementor-element-2590c2c\" data-id=\"2590c2c\" data-element_type=\"column\" data-e-type=\"column\">\n\t\t\t<div class=\"elementor-widget-wrap elementor-element-populated\">\n\t\t\t\t\t\t<div class=\"elementor-element elementor-element-4c75e5d elementor-widget elementor-widget-heading\" data-id=\"4c75e5d\" data-element_type=\"widget\" data-e-type=\"widget\" data-widget_type=\"heading.default\">\n\t\t\t\t<div class=\"elementor-widget-container\">\n\t\t\t\t\t<h2 class=\"elementor-heading-title elementor-size-default\">Perfekt startposition\n<\/h2>\t\t\t\t<\/div>\n\t\t\t\t<\/div>\n\t\t\t\t\t<\/div>\n\t\t<\/div>\n\t\t\t\t\t<\/div>\n\t\t<\/section>\n\t\t\t\t<div class=\"elementor-element elementor-element-761caa7 elementor-widget elementor-widget-text-editor\" data-id=\"761caa7\" data-element_type=\"widget\" data-e-type=\"widget\" data-widget_type=\"text-editor.default\">\n\t\t\t\t<div class=\"elementor-widget-container\">\n\t\t\t\t\t\t\t\t\t<p>Det ideala utg\u00e5ngsl\u00e4get f\u00f6r en protuderad konstruktionsbitning skall vara prodruderad s\u00e5 l\u00e5ngt det g\u00e5r och samtidigt fortfarande k\u00e4nnas bekv\u00e4mt.<\/p><p>F\u00f6r de flesta patienter \u00e4r 2\/3 protrusion fr\u00e5n central ocklusion l\u00e4mplig som startposition. SOMGauge g\u00f6r det m\u00f6jligt f\u00f6r dig och din patient att hitta denna utg\u00e5ngspunkt med l\u00e4tthet och noggrannhet.<\/p><p>N\u00e4r startpositionen hittats, be patienten att h\u00e5lla i den positionen i 2-3 minuter och be om \u00e5terkoppling avseende komforten. Justera om det beh\u00f6vs.<\/p>\t\t\t\t\t\t\t\t<\/div>\n\t\t\t\t<\/div>\n\t\t\t\t\t<\/div>\n\t\t<\/div>\n\t\t\t\t<div class=\"elementor-column elementor-col-50 elementor-top-column elementor-element elementor-element-2b74b4dd\" data-id=\"2b74b4dd\" data-element_type=\"column\" data-e-type=\"column\">\n\t\t\t<div class=\"elementor-widget-wrap elementor-element-populated\">\n\t\t\t\t\t\t<div class=\"elementor-element elementor-element-af90192 elementor-widget elementor-widget-video\" data-id=\"af90192\" data-element_type=\"widget\" data-e-type=\"widget\" data-settings=\"{&quot;youtube_url&quot;:&quot;https:\\\/\\\/www.youtube.com\\\/watch?v=t1YN0fvS5EE&quot;,&quot;show_image_overlay&quot;:&quot;yes&quot;,&quot;image_overlay&quot;:{&quot;url&quot;:&quot;https:\\\/\\\/staging.somnomed.com\\\/en\\\/wp-content\\\/uploads\\\/sites\\\/2\\\/2021\\\/06\\\/Union-8.jpg&quot;,&quot;id&quot;:&quot;1350&quot;,&quot;size&quot;:&quot;&quot;},&quot;video_type&quot;:&quot;youtube&quot;,&quot;controls&quot;:&quot;yes&quot;}\" data-widget_type=\"video.default\">\n\t\t\t\t<div class=\"elementor-widget-container\">\n\t\t\t\t\t\t\t<div class=\"elementor-wrapper elementor-open-inline\">\n\t\t\t<div class=\"elementor-video\"><\/div>\t\t\t\t<div class=\"elementor-custom-embed-image-overlay\" style=\"background-image: url(https:\/\/staging.somnomed.com\/se\/wp-content\/uploads\/sites\/12\/2021\/06\/Union-8.jpg);\">\n\t\t\t\t\t\t\t\t\t\t\t\t\t\t\t\t<div class=\"elementor-custom-embed-play\" role=\"button\" aria-label=\"Play Video\" tabindex=\"0\">\n\t\t\t\t\t\t\t<i aria-hidden=\"true\" class=\"eicon-play\"><\/i>\t\t\t\t\t\t<\/div>\n\t\t\t\t\t\t\t\t\t<\/div>\n\t\t\t\t\t<\/div>\n\t\t\t\t\t\t<\/div>\n\t\t\t\t<\/div>\n\t\t\t\t\t<\/div>\n\t\t<\/div>\n\t\t\t\t\t<\/div>\n\t\t<\/section>\n\t\t\t\t<\/div>\n\t\t","protected":false},"excerpt":{"rendered":"<p>SOMGauge \u00e4r ett autoklaverbart instrument som \u00e4r avsett f\u00f6r tillverknig av korrekta och tillf\u00f6rlitliga konstruktionsindex. Instrumentet kan anv\u00e4ndas f\u00f6r tillverkning av samtliga SomnoDent-produkter. SOMGauge ska endast anv\u00e4ndas av tandl\u00e4kare. SomnoMeds SomGauge ger dig chansen att snabbt och enkelt ta exakta konstruktionsindex. SomGauge m\u00f6jligg\u00f6r en f\u00f6rb\u00e4ttrad m\u00e4tning av den vertikala h\u00f6jden tillsammans med en justerbar ramp, &#8230;<\/p>\n","protected":false},"author":24,"featured_media":0,"parent":3517,"menu_order":0,"comment_status":"closed","ping_status":"closed","template":"","meta":{"_acf_changed":false,"footnotes":""},"class_list":["post-1348","page","type-page","status-publish","hentry"],"acf":[],"_links":{"self":[{"href":"https:\/\/staging.somnomed.com\/se\/wp-json\/wp\/v2\/pages\/1348","targetHints":{"allow":["GET"]}}],"collection":[{"href":"https:\/\/staging.somnomed.com\/se\/wp-json\/wp\/v2\/pages"}],"about":[{"href":"https:\/\/staging.somnomed.com\/se\/wp-json\/wp\/v2\/types\/page"}],"author":[{"embeddable":true,"href":"https:\/\/staging.somnomed.com\/se\/wp-json\/wp\/v2\/users\/24"}],"replies":[{"embeddable":true,"href":"https:\/\/staging.somnomed.com\/se\/wp-json\/wp\/v2\/comments?post=1348"}],"version-history":[{"count":4,"href":"https:\/\/staging.somnomed.com\/se\/wp-json\/wp\/v2\/pages\/1348\/revisions"}],"predecessor-version":[{"id":13674,"href":"https:\/\/staging.somnomed.com\/se\/wp-json\/wp\/v2\/pages\/1348\/revisions\/13674"}],"up":[{"embeddable":true,"href":"https:\/\/staging.somnomed.com\/se\/wp-json\/wp\/v2\/pages\/3517"}],"wp:attachment":[{"href":"https:\/\/staging.somnomed.com\/se\/wp-json\/wp\/v2\/media?parent=1348"}],"curies":[{"name":"wp","href":"https:\/\/api.w.org\/{rel}","templated":true}]}}