{"id":711,"date":"2021-06-09T23:47:20","date_gmt":"2021-06-10T03:47:20","guid":{"rendered":"https:\/\/local.somnomed.com\/en\/?page_id=711"},"modified":"2023-06-01T12:01:00","modified_gmt":"2023-06-01T10:01:00","slug":"warranty","status":"publish","type":"page","link":"https:\/\/staging.somnomed.com\/se\/warranty\/","title":{"rendered":"Garantier"},"content":{"rendered":"\t\t<div data-elementor-type=\"wp-page\" data-elementor-id=\"711\" class=\"elementor elementor-711\" data-elementor-post-type=\"page\">\n\t\t\t\t\t\t<section data-particle_enable=\"false\" data-particle-mobile-disabled=\"false\" class=\"elementor-section elementor-top-section elementor-element elementor-element-b52094f elementor-section-boxed elementor-section-height-default elementor-section-height-default\" data-id=\"b52094f\" data-element_type=\"section\" data-e-type=\"section\">\n\t\t\t\t\t\t<div class=\"elementor-container elementor-column-gap-default\">\n\t\t\t\t\t<div class=\"elementor-column elementor-col-100 elementor-top-column elementor-element elementor-element-e4d94fe\" data-id=\"e4d94fe\" data-element_type=\"column\" data-e-type=\"column\">\n\t\t\t<div class=\"elementor-widget-wrap elementor-element-populated\">\n\t\t\t\t\t\t<div class=\"elementor-element elementor-element-5dbfa61 elementor-widget elementor-widget-heading\" data-id=\"5dbfa61\" data-element_type=\"widget\" data-e-type=\"widget\" data-widget_type=\"heading.default\">\n\t\t\t\t<div class=\"elementor-widget-container\">\n\t\t\t\t\t<h2 class=\"elementor-heading-title elementor-size-default\">Inspektera din SomnoDent regelbundet<\/h2>\t\t\t\t<\/div>\n\t\t\t\t<\/div>\n\t\t\t\t<div class=\"elementor-element elementor-element-694d1fa elementor-widget elementor-widget-text-editor\" data-id=\"694d1fa\" data-element_type=\"widget\" data-e-type=\"widget\" data-widget_type=\"text-editor.default\">\n\t\t\t\t<div class=\"elementor-widget-container\">\n\t\t\t\t\t\t\t\t\tInspektera s\u00f6mnapn\u00e9skenan regelbundet och leta efter tecken p\u00e5 skador som t.ex. sprickor. Om skenan \u00e4r skadad eller trasig b\u00f6r skenan INTE anv\u00e4ndas l\u00e4ngre f\u00f6r att undvika personskador, s\u00e5som kv\u00e4vning eller s\u00e5rbildning. Om skenan \u00e4r skadad, ta omedelbart kontakt med den tandl\u00e4karen som gav dig skenan. Han\/hon hj\u00e4lper till att best\u00e4lla reparation av s\u00f6mnapn\u00e9skenan hos ett SomnoMed-laboratorium.\t\t\t\t\t\t\t\t<\/div>\n\t\t\t\t<\/div>\n\t\t\t\t<div class=\"elementor-element elementor-element-1afbd36 elementor-widget elementor-widget-heading\" data-id=\"1afbd36\" data-element_type=\"widget\" data-e-type=\"widget\" data-widget_type=\"heading.default\">\n\t\t\t\t<div class=\"elementor-widget-container\">\n\t\t\t\t\t<h2 class=\"elementor-heading-title elementor-size-default\">Reparationer<\/h2>\t\t\t\t<\/div>\n\t\t\t\t<\/div>\n\t\t\t\t<div class=\"elementor-element elementor-element-0e51cd5 elementor-widget elementor-widget-text-editor\" data-id=\"0e51cd5\" data-element_type=\"widget\" data-e-type=\"widget\" data-widget_type=\"text-editor.default\">\n\t\t\t\t<div class=\"elementor-widget-container\">\n\t\t\t\t\t\t\t\t\tAlla reparationer, inklusive garantier, ska tas till den tandl\u00e4kare som best\u00e4llde skenan och inte skickas direkt till SomnoMed. Obs! Ta hand om modellerna av dina t\u00e4nder som togs av din tandl\u00e4kare n\u00e4r din SomnoDent tillverkades. Om din skena beh\u00f6ver repareras m\u00e5ste dessa modeller skickas med din skena vid reparation. Om du inte har dessa modeller kan det tillkomma extra kostnader fr\u00e5n din tandl\u00e4kare som g\u00e5r utanf\u00f6r garantin.\t\t\t\t\t\t\t\t<\/div>\n\t\t\t\t<\/div>\n\t\t\t\t\t<\/div>\n\t\t<\/div>\n\t\t\t\t\t<\/div>\n\t\t<\/section>\n\t\t\t\t<section data-particle_enable=\"false\" data-particle-mobile-disabled=\"false\" class=\"elementor-section elementor-top-section elementor-element elementor-element-c7f5616 elementor-section-boxed elementor-section-height-default elementor-section-height-default\" data-id=\"c7f5616\" data-element_type=\"section\" data-e-type=\"section\" data-settings=\"{&quot;background_background&quot;:&quot;classic&quot;}\">\n\t\t\t\t\t\t<div class=\"elementor-container elementor-column-gap-default\">\n\t\t\t\t\t<div class=\"elementor-column elementor-col-66 elementor-top-column elementor-element elementor-element-9c4fd18\" data-id=\"9c4fd18\" data-element_type=\"column\" data-e-type=\"column\">\n\t\t\t<div class=\"elementor-widget-wrap elementor-element-populated\">\n\t\t\t\t\t\t<div class=\"elementor-element elementor-element-0783f98 elementor-widget elementor-widget-heading\" data-id=\"0783f98\" data-element_type=\"widget\" data-e-type=\"widget\" data-widget_type=\"heading.default\">\n\t\t\t\t<div class=\"elementor-widget-container\">\n\t\t\t\t\t<h1 class=\"elementor-heading-title elementor-size-default\">SomnoDent 2 \u00e5rs omfattande tillverkargaranti<\/h1>\t\t\t\t<\/div>\n\t\t\t\t<\/div>\n\t\t\t\t<div class=\"elementor-element elementor-element-6eb1c12 elementor-widget elementor-widget-text-editor\" data-id=\"6eb1c12\" data-element_type=\"widget\" data-e-type=\"widget\" data-widget_type=\"text-editor.default\">\n\t\t\t\t<div class=\"elementor-widget-container\">\n\t\t\t\t\t\t\t\t\t<p>SomnoMed garanterar att alla levererade SomnoDents \u00e4r fria fr\u00e5n material- och tillverkningsfel under en period av 24 m\u00e5nader fr\u00e5n leveransdatumet till den tillhandah\u00e5llande tandl\u00e4karen.<\/p>\n<p><b>a.<\/b> SomnoDent-garantin upph\u00f6r att g\u00e4lla om patienten efterf\u00f6ljande omfattande restaureringsarbete av sina t\u00e4nder.<\/p>\n<p><b>b.<\/b> Dessutom t\u00e4cks SomnoDent-garantin endast f\u00f6r om skenan g\u00e5r s\u00f6nder i munnen (inte om den tappas i golvet, hunden \u00e4ter upp den etc.).<\/p>\n<p><b>c.<\/b> Garantin t\u00e4cker endast reparation av enheten. Om nya modeller eller avtryck kr\u00e4vs \u00e4r garantin ogiltig. I s\u00e5dana fall erbjuder SomnoMed att g\u00f6ra om enheten till ett reducerat pris.<\/p>\n<p><b>d.<\/b> Garantireparationer f\u00e5r endast utf\u00f6ras av det auktoriserade SomnoMed-laboratoriet d\u00e4r SomnoDent skenan ursprungligen tillverkades.<\/p>\n<p><b>e.<\/b> Reparationer som inte t\u00e4cks av garantin inkluderar, men \u00e4r inte begr\u00e4nsade till: \u00e5terst\u00e4llningsbett, akryl-fraktur; l\u00e5s-reparation; ving-reparation; och andra skador som inte orsakats av tillverkningsfel. Till exempel reparationer orsakade av defekta eller f\u00f6rvr\u00e4ngda modeller, defekta eller f\u00f6rvr\u00e4ngda index, kalkavlagringar och \u00e4ndringar p\u00e5 skenor gjorda av icke SomnoMed-auktoriserade tekniker.<\/p>\t\t\t\t\t\t\t\t<\/div>\n\t\t\t\t<\/div>\n\t\t\t\t\t<\/div>\n\t\t<\/div>\n\t\t\t\t<div class=\"elementor-column elementor-col-33 elementor-top-column elementor-element elementor-element-5320201\" data-id=\"5320201\" data-element_type=\"column\" data-e-type=\"column\">\n\t\t\t<div class=\"elementor-widget-wrap elementor-element-populated\">\n\t\t\t\t\t\t<div class=\"elementor-element elementor-element-78a46ac eael-gravity-form-button-custom elementor-widget elementor-widget-eael-gravity-form\" data-id=\"78a46ac\" data-element_type=\"widget\" data-e-type=\"widget\" data-widget_type=\"eael-gravity-form.default\">\n\t\t\t\t<div class=\"elementor-widget-container\">\n\t\t\t\t\t\t\t\t<div class=\"eael-contact-form eael-gravity-form title-description-hide eael-custom-radio-checkbox eael-contact-form-align-default\">\n\t\t        \t\t\t\t\t<div class=\"eael-gravity-form-heading\">\n\t\t\t\t        \t\t\t\t\t\t\t<h3 class=\"eael-contact-form-title eael-gravity-form-title\">\n\t\t\t\t\t\t        Garanti\t\t\t\t\t\t\t<\/h3>\n\t\t\t\t        \t\t\t\t        \t\t\t\t\t<\/div>\n\t\t        \t\t\t<\/div>\n\n            <script type=\"text\/javascript\">\n                var gf_global = {\"gf_currency_config\":{\"name\":\"U.S. Dollar\",\"symbol_left\":\"$\",\"symbol_right\":\"\",\"symbol_padding\":\"\",\"thousand_separator\":\",\",\"decimal_separator\":\".\",\"decimals\":2,\"code\":\"USD\"},\"base_url\":\"https:\\\/\\\/staging.somnomed.com\\\/se\\\/wp-content\\\/plugins\\\/gravityforms\",\"number_formats\":[],\"spinnerUrl\":\"https:\\\/\\\/staging.somnomed.com\\\/se\\\/wp-content\\\/plugins\\\/gravityforms\\\/images\\\/spinner.svg\",\"version_hash\":\"57d91a826bfaf4169bc82ab3e6f093d0\",\"strings\":{\"newRowAdded\":\"New row added.\",\"rowRemoved\":\"Row removed\",\"formSaved\":\"The form has been saved.  The content contains the link to return and complete the form.\"}};\t\t\t\tvar gf_vars = {\"active\":\"Active\",\"inactive\":\"Inactive\",\"save\":\"Save\",\"update\":\"Update\",\"previousLabel\":\"Previous\",\"selectFormat\":\"Select a format\",\"column\":\"Column\",\"editToViewAll\":\"5 of %d items shown. Edit field to view all\",\"selectAll\":\"Select All\",\"enterValue\":\"Enter a value\",\"formTitle\":\"Untitled Form\",\"formDescription\":\"We would love to hear from you! Please fill out this form and we will get in touch with you shortly.\",\"formConfirmationMessage\":\"Thanks for contacting us! We will get in touch with you shortly.\",\"buttonText\":\"Submit\",\"buttonDescription\":\"The submit button for this form\",\"loading\":\"Loading...\",\"thisFieldIf\":\"this field if\",\"thisSectionIf\":\"this section if\",\"thisPage\":\"this page if\",\"thisFormButton\":\"this form button if\",\"show\":\"Show\",\"hide\":\"Hide\",\"enable\":\"Enable\",\"disable\":\"Disable\",\"enabled\":\"Enabled\",\"disabled\":\"Disabled\",\"configure\":\"Configure\",\"conditional_logic_text\":\"Conditional Logic\",\"conditional_logic_desc\":\"Conditional logic allows you to change what the user sees depending on the fields they select.\",\"conditional_logic_a11y\":\"Adding conditional logic to the form submit button could cause usability problems for some users and negatively impact the accessibility of your form. Learn more about button conditional logic in our <a href=\\\"https:\\\/\\\/docs.gravityforms.com\\\/field-accessibility-warning\\\/\\\" target=\\\"_blank\\\" rel=\\\"noopener\\\">documentation<span class=\\\"screen-reader-text\\\">(opens in a new tab)<\\\/span>&nbsp;<span class=\\\"gform-icon gform-icon--external-link\\\" aria-hidden=\\\"true\\\"><\\\/span><\\\/a>.\",\"page\":\"Page\",\"next_button\":\"Next Button\",\"button\":\"Submit Button\",\"all\":\"All\",\"any\":\"Any\",\"ofTheFollowingMatch\":\"of the following match:\",\"is\":\"is\",\"isNot\":\"is not\",\"greaterThan\":\"greater than\",\"lessThan\":\"less than\",\"contains\":\"contains\",\"startsWith\":\"starts with\",\"endsWith\":\"ends with\",\"emptyChoice\":\"Empty (no choices selected)\",\"alertLegacyMode\":\"This form has legacy markup enabled and doesn\\u2019t support field resizing within the editor. Please disable legacy markup in the form settings to enable live resizing.\",\"thisConfirmation\":\"Use this confirmation if\",\"thisNotification\":\"Send this notification if\",\"confirmationSave\":\"Save\",\"confirmationSaving\":\"Saving...\",\"confirmationAreYouSure\":\"Are you sure you wish to cancel these changes?\",\"confirmationIssueSaving\":\"There was an issue saving this confirmation.\",\"confirmationConfirmDelete\":\"Are you sure you wish to delete this confirmation?\",\"confirmationIssueDeleting\":\"There was an issue deleting this confirmation.\",\"confirmationConfirmDiscard\":\"There are unsaved changes to the current confirmation. Would you like to discard these changes?\",\"confirmationDefaultName\":\"Untitled Confirmation\",\"confirmationDefaultMessage\":\"Thanks for contacting us! We will get in touch with you shortly.\",\"confirmationInvalidPageSelection\":\"Please select a page.\",\"confirmationInvalidRedirect\":\"Please enter a URL.\",\"confirmationInvalidName\":\"Please enter a confirmation name.\",\"confirmationDeleteField\":\"Deleting this field will also delete all entry data associated with it. 'Cancel' to abort. 'OK' to delete.\",\"confirmationDeleteDisplayField\":\"You're about to delete this field. 'Cancel' to stop. 'OK' to delete\",\"confirmationDeleteDisplayFieldTitle\":\"Warning\",\"conditionalLogicDependency\":\"This form contains {type} conditional logic dependent upon this field. Deleting this field will deactivate those conditional logic rules and also delete all entry data associated with the field. 'Cancel' to abort. 'OK' to delete.\",\"conditionalLogicDependencyChoice\":\"This form contains {type} conditional logic dependent upon this choice. Are you sure you want to delete this choice? 'Cancel' to abort. 'OK' to delete.\",\"conditionalLogicDependencyChoiceEdit\":\"This form contains {type} conditional logic dependent upon this choice. Are you sure you want to modify this choice? 'Cancel' to abort. 'OK' to continue.\",\"conditionalLogicDependencyAdminOnly\":\"This form contains {type} conditional logic dependent upon this field. Are you sure you want to mark this field as Administrative? 'Cancel' to abort. 'OK' to continue.\",\"conditionalLogicRichTextEditorWarning\":\"This form contains conditional logic dependent upon this field. This will no longer work if the Rich Text Editor is enabled.  Are you sure you want to enable the Rich Text Editor?  'Cancel' to abort. 'OK' to continue.\",\"conditionalLogicTypeButton\":\"button\",\"conditionalLogicTypeConfirmation\":\"confirmation\",\"conditionalLogicTypeNotification\":\"notification\",\"conditionalLogicTypeNoficationRouting\":\"notification routing\",\"conditionalLogicTypeField\":\"field\",\"conditionalLogicTypeFeed\":\"feed\",\"conditionalLogicWarningTitle\":\"Conditional Logic Warning\",\"mergeTagsText\":\"Insert Merge Tags\",\"baseUrl\":\"https:\\\/\\\/staging.somnomed.com\\\/se\\\/wp-content\\\/plugins\\\/gravityforms\",\"gf_currency_config\":{\"name\":\"U.S. Dollar\",\"symbol_left\":\"$\",\"symbol_right\":\"\",\"symbol_padding\":\"\",\"thousand_separator\":\",\",\"decimal_separator\":\".\",\"decimals\":2,\"code\":\"USD\"},\"otherChoiceValue\":\"Other\",\"isFormTrash\":false,\"currentlyAddingField\":false,\"visibilityOptions\":[{\"label\":\"Visible\",\"value\":\"visible\",\"description\":\"Default option. The field is visible when viewing the form.\"},{\"label\":\"Hidden\",\"value\":\"hidden\",\"description\":\"The field is hidden when viewing the form. Useful when you require the functionality of this field but do not want the user to be able to see this field.\"},{\"label\":\"Administrative\",\"value\":\"administrative\",\"description\":\"The field is only visible when administering submitted entries. The field is not visible or functional when viewing the form.\"}],\"addFieldFilter\":\"Add a condition\",\"removeFieldFilter\":\"Remove a condition\",\"filterAndAny\":\"{0} of the following match:\",\"customChoices\":\"Custom Choices\",\"predefinedChoices\":\"Predefined Choices\",\"fieldLabelAriaLabel\":\"{field_label} - {field_type}, jump to this field&#039;s settings\",\"fieldCanBeAddedTitle\":\"Field Limit\",\"fieldCanBeAddedCaptcha\":\"A form can only contain one CAPTCHA field.\",\"fieldCanBeAddedShipping\":\"A form can only contain one Shipping field.\",\"fieldCanBeAddedPostContent\":\"A form can only contain one Post Body field.\",\"fieldCanBeAddedPostTitle\":\"A form can only contain one Post Title field.\",\"fieldCanBeAddedPostExcerpt\":\"A form can only contain one Post Excerpt field.\",\"fieldCanBeAddedCreditCard\":\"A form can only contain one Credit Card field.\",\"fieldCanBeAddedProductTitle\":\"Missing Product field\",\"fieldCanBeAddedProduct\":\"You must add a Product field to the form first.\",\"legacyMarkupTitle\":\"Unsupported Markup\",\"fieldCanBeAddedMultipleChoice\":\"You cannot add a Multiple Choice field to a form that uses legacy markup. Please edit the form settings and turn off Legacy Markup.\",\"fieldCanBeAddedImageChoice\":\"You cannot add an Image Choice field to a form that uses legacy markup. Please edit the form settings and turn off Legacy Markup.\",\"FieldAjaxonErrorTitle\":\"Error\",\"StartAddFieldAjaxonError\":\"Ajax error while adding field. Please refresh the page and try again.\",\"StartChangeInputTypeAjaxonError\":\"Ajax error while changing input type. Please refresh the page and try again.\",\"MissingNameCustomChoicesTitle\":\"Missing Name\",\"MissingNameCustomChoices\":\"Please give this custom choice a name.\",\"DuplicateNameCustomChoicesTitle\":\"Duplicate Name\",\"DuplicateNameCustomChoices\":\"This custom choice name is already in use. Please enter another name.\",\"DuplicateTitleMessageTitle\":\"Duplicate Title\",\"DuplicateTitleMessage\":\"The form title you have entered is already taken. Please enter a unique form title.\",\"ValidateFormMissingFormTitleTitle\":\"Missing Form Title\",\"ValidateFormMissingFormTitle\":\"Please enter a Title for this form. When adding the form to a page or post, you will have the option to hide the title.\",\"ValidateFormEmptyPageTitle\":\"Empty Page\",\"ValidateFormEmptyPage\":\"This form currently has one or more pages without any fields. Blank pages are a result of Page Breaks that are positioned as the first or last field in the form or right after each other. Please adjust the Page Breaks.\",\"ValidateFormMissingProductLabelTitle\":\"Missing Product Label\",\"ValidateFormMissingProductLabel\":\"This form has a Product field with a blank label. Please enter a label for every Product field.\",\"ValidateFormMissingProductFieldTitle\":\"Missing Product field\",\"ValidateFormMissingProductField\":\"This form has an Option field without a Product field. You must add a Product field to your form.\",\"FormulaIsValidTitle\":\"Success\",\"FormulaIsValid\":\"The formula appears to be valid.\",\"FormulaIsInvalid\":\"There appears to be a problem with the formula.\",\"DeleteFormTitle\":\"Confirm\",\"DeleteForm\":\"You are about to move this form to the trash. &#039;Cancel&#039; to abort. &#039;OK&#039; to delete.\",\"DeleteCustomChoice\":\"Delete this custom choice list? &#039;Cancel&#039; to abort. &#039;OK&#039; to delete.\",\"FieldAdded\":\"&nbsp;field added to form\",\"nameFieldDefaultPrefixes\":[{\"text\":\"Dr.\",\"value\":\"Dr.\"},{\"text\":\"Miss\",\"value\":\"Miss\"},{\"text\":\"Mr.\",\"value\":\"Mr.\"},{\"text\":\"Mrs.\",\"value\":\"Mrs.\"},{\"text\":\"Ms.\",\"value\":\"Ms.\"},{\"text\":\"Mx.\",\"value\":\"Mx.\"},{\"text\":\"Prof.\",\"value\":\"Prof.\"},{\"text\":\"Rev.\",\"value\":\"Rev.\"}]};\t\t\t<\/script>\n            \t\t\t\t<\/div>\n\t\t\t\t<\/div>\n\t\t\t\t\t<\/div>\n\t\t<\/div>\n\t\t\t\t\t<\/div>\n\t\t<\/section>\n\t\t\t\t<\/div>\n\t\t","protected":false},"excerpt":{"rendered":"<p>Inspektera din SomnoDent regelbundet Inspektera s\u00f6mnapn\u00e9skenan regelbundet och leta efter tecken p\u00e5 skador som t.ex. sprickor. Om skenan \u00e4r skadad eller trasig b\u00f6r skenan INTE anv\u00e4ndas l\u00e4ngre f\u00f6r att undvika personskador, s\u00e5som kv\u00e4vning eller s\u00e5rbildning. Om skenan \u00e4r skadad, ta omedelbart kontakt med den tandl\u00e4karen som gav dig skenan. Han\/hon hj\u00e4lper till att best\u00e4lla reparation &#8230;<\/p>\n","protected":false},"author":24,"featured_media":0,"parent":0,"menu_order":0,"comment_status":"closed","ping_status":"closed","template":"","meta":{"_acf_changed":false,"footnotes":""},"class_list":["post-711","page","type-page","status-publish","hentry"],"acf":[],"_links":{"self":[{"href":"https:\/\/staging.somnomed.com\/se\/wp-json\/wp\/v2\/pages\/711","targetHints":{"allow":["GET"]}}],"collection":[{"href":"https:\/\/staging.somnomed.com\/se\/wp-json\/wp\/v2\/pages"}],"about":[{"href":"https:\/\/staging.somnomed.com\/se\/wp-json\/wp\/v2\/types\/page"}],"author":[{"embeddable":true,"href":"https:\/\/staging.somnomed.com\/se\/wp-json\/wp\/v2\/users\/24"}],"replies":[{"embeddable":true,"href":"https:\/\/staging.somnomed.com\/se\/wp-json\/wp\/v2\/comments?post=711"}],"version-history":[{"count":2,"href":"https:\/\/staging.somnomed.com\/se\/wp-json\/wp\/v2\/pages\/711\/revisions"}],"predecessor-version":[{"id":13608,"href":"https:\/\/staging.somnomed.com\/se\/wp-json\/wp\/v2\/pages\/711\/revisions\/13608"}],"wp:attachment":[{"href":"https:\/\/staging.somnomed.com\/se\/wp-json\/wp\/v2\/media?parent=711"}],"curies":[{"name":"wp","href":"https:\/\/api.w.org\/{rel}","templated":true}]}}